{"id":3240,"date":"2019-06-12T12:28:58","date_gmt":"2019-06-12T12:28:58","guid":{"rendered":"https:\/\/www.mettler1929.ch\/product\/gel-doccia-energizzante-allestratto-di-albicocca\/"},"modified":"2023-04-12T07:59:50","modified_gmt":"2023-04-12T07:59:50","slug":"gel-doccia-energizzante-allestratto-di-albicocca","status":"publish","type":"product","link":"https:\/\/www.mettler1929.ch\/it\/prodotto\/gel-doccia-energizzante-allestratto-di-albicocca\/","title":{"rendered":"Gel Doccia Energizzante All\u2019Estratto Di Albicocca"},"content":{"rendered":"","protected":false},"excerpt":{"rendered":"<p> Gel doccia energizzante con un profumo fruttato naturale. Deterge delicatamente la pelle.<\/p>\n<p>0% parafini \u20130% parabene &#8211; 0% alcol denaturato<br \/>\npH neutro<\/p>\n<hr \/>\n<p><strong> TIPI DI PELLE<\/strong><br \/>\nTutti tipi <\/p>\n<hr \/>\n<p><strong>USO RACCOMANDATO<\/strong><br \/>\nUso quotidiano possibile e secondo necessit\u00e0.<\/p>\n<hr \/>\n<p><strong>INGREDIENTI<\/strong><br \/>\n<\/strong>Estratto di albicocca, glicerina, pantenolo<\/p>\n","protected":false},"featured_media":3241,"comment_status":"open","ping_status":"closed","template":"","meta":[],"use":[111],"ingredients":[293,347,295],"product_cat":[95],"product_tag":[],"acf":{"complex_text":"<hr \/><strong>Estratto di Albicocca:<\/strong> ha propriet\u00e0 idratanti che d\u00e0 alla pelle pi\u00f9 morbidezza ed elasticit\u00e0, creando una superficie pi\u00f9 sana della pelle. Aggiunge brillantezza ai capelli. <hr \/><strong>Glicerina:<\/strong> mantiene l\u2019idratazione, rassoda la pelle, migliora il sistemo immunitario del corpo, protegge delle aggressioni esterne e migliora significativamente l\u2019elasticit\u00e0 della pelle.<hr \/><strong>Pantenolo:<\/strong> rigenera, idrata e lenisce. ","complex_cover":4433,"complex_background_color":"fruit-color"},"_links":{"self":[{"href":"https:\/\/www.mettler1929.ch\/it\/wp-json\/wp\/v2\/product\/3240"}],"collection":[{"href":"https:\/\/www.mettler1929.ch\/it\/wp-json\/wp\/v2\/product"}],"about":[{"href":"https:\/\/www.mettler1929.ch\/it\/wp-json\/wp\/v2\/types\/product"}],"replies":[{"embeddable":true,"href":"https:\/\/www.mettler1929.ch\/it\/wp-json\/wp\/v2\/comments?post=3240"}],"wp:featuredmedia":[{"embeddable":true,"href":"https:\/\/www.mettler1929.ch\/it\/wp-json\/wp\/v2\/media\/3241"}],"wp:attachment":[{"href":"https:\/\/www.mettler1929.ch\/it\/wp-json\/wp\/v2\/media?parent=3240"}],"wp:term":[{"taxonomy":"use","embeddable":true,"href":"https:\/\/www.mettler1929.ch\/it\/wp-json\/wp\/v2\/use?post=3240"},{"taxonomy":"ingredients","embeddable":true,"href":"https:\/\/www.mettler1929.ch\/it\/wp-json\/wp\/v2\/ingredients?post=3240"},{"taxonomy":"product_cat","embeddable":true,"href":"https:\/\/www.mettler1929.ch\/it\/wp-json\/wp\/v2\/product_cat?post=3240"},{"taxonomy":"product_tag","embeddable":true,"href":"https:\/\/www.mettler1929.ch\/it\/wp-json\/wp\/v2\/product_tag?post=3240"}],"curies":[{"name":"wp","href":"https:\/\/api.w.org\/{rel}","templated":true}]}}