{"id":3230,"date":"2019-06-12T12:28:58","date_gmt":"2019-06-12T12:28:58","guid":{"rendered":"https:\/\/www.mettler1929.ch\/product\/stc-maschera-anti-eta\/"},"modified":"2023-04-11T14:58:29","modified_gmt":"2023-04-11T14:58:29","slug":"stc-maschera-anti-eta","status":"publish","type":"product","link":"https:\/\/www.mettler1929.ch\/it\/prodotto\/stc-maschera-anti-eta\/","title":{"rendered":"STC Maschera Anti-Et\u00e0"},"content":{"rendered":"","protected":false},"excerpt":{"rendered":"<p> Formulata con la tecnologia pi\u00f9 recente, la maschera offre un risultato immediato contro linee sottili e rughe. Elimina i segni della stanchezza, illumina l&#8217;incarnato e migliora la naturale compattezza della pelle.<\/p>\n<p>Le texture biomimetica (cristalli liquidi) favorisce l&#8217;efficace assorbimento e la performance dei principi attivi: per EFFETTI UNICI, IMMEDIATI e DURATURI. <\/p>\n<p>90% ingredienti naturali<br \/>\n0% parabene \u2013 0% parafini\u2013 0% alcol denaturato<br \/>\npH neutro<\/p>\n<hr \/>\n<p><strong> TIPI DI PELLE<\/strong><br \/>\nTutto, soprattutto per combattere in modo proattivo l&#8217;invecchiamento precoce della pelle<\/p>\n<hr \/>\n<p><strong>USO RACCOMANDATO<\/strong><br \/>\nApplicare su viso e collo 1-2 volte a settimana per almeno 20 minuti. Rimuovere l&#8217;eccesso con acqua tiepida e un batuffolo di cotone. Per una maggiore rigenerazione, la maschera pu\u00f2 essere distribuita dopo il tempo di esposizione e lasciata sulla pelle durante la notte.<\/p>\n<hr \/>\n<p><strong>INGREDIENTI<\/strong><br \/>\n<\/strong> Cellule staminali di mela-PhytoCellTec \u2122 Malus Domestica, acido ialuronico, vitamina c, pantenolo, saccaride isomerato, concentrato di fucosio, olio di jojoba<\/p>\n","protected":false},"featured_media":3231,"comment_status":"open","ping_status":"closed","template":"","meta":[],"use":[115],"ingredients":[287,278,339,295,312,341,343],"product_cat":[97],"product_tag":[],"acf":{"complex_text":"<strong>PhytoCellTec \u2122 Malus Domestica:<\/strong> preparazione brevettata di cellule staminali della mela svizzera che sono rinomate per le loro intense propriet\u00e0 antiossidanti, rigeneranti e anti-radicali liberi. \"Uttwiler sp\u00e4tlauber\" \u00e8 il nome della mela svizzera utilizzata nella formula. Ha dimostrato di migliorare la vitalit\u00e0 e la longevit\u00e0 cellulare, rafforzando la matrice extracellulare.<hr \/><strong>Acido Ialuronico:<\/strong> protegge contro la disidratazione, idrata e restituisce l\u2019acqua di cui ha bisogno. Agendo come una spugna, pu\u00f2 mantenere il proprio peso in acqua fino a 1000 volte. <hr \/><strong>Vitamina C:<\/strong> ha propriet\u00e0 idratanti e antiossidanti. <hr \/><strong>Pantenolo:<\/strong> rigenera, idrata e lenisce. <hr \/><strong>Saccaride Isomerato - un principio attivo del Frumento:<\/strong> lenisce e migliora la ritenzione di umidit\u00e0 della pelle. <hr \/><strong>Concentrato di Fucosio:<\/strong> rinforza la barriera cutanea e stimola il cheratinocita dell'epidermide. <hr \/><strong>Olio di Jojoba:<\/strong> efficace idratante per la pelle, nutre e lenisce la pelle.","complex_cover":1982,"complex_background_color":"stc-color"},"_links":{"self":[{"href":"https:\/\/www.mettler1929.ch\/it\/wp-json\/wp\/v2\/product\/3230"}],"collection":[{"href":"https:\/\/www.mettler1929.ch\/it\/wp-json\/wp\/v2\/product"}],"about":[{"href":"https:\/\/www.mettler1929.ch\/it\/wp-json\/wp\/v2\/types\/product"}],"replies":[{"embeddable":true,"href":"https:\/\/www.mettler1929.ch\/it\/wp-json\/wp\/v2\/comments?post=3230"}],"wp:featuredmedia":[{"embeddable":true,"href":"https:\/\/www.mettler1929.ch\/it\/wp-json\/wp\/v2\/media\/3231"}],"wp:attachment":[{"href":"https:\/\/www.mettler1929.ch\/it\/wp-json\/wp\/v2\/media?parent=3230"}],"wp:term":[{"taxonomy":"use","embeddable":true,"href":"https:\/\/www.mettler1929.ch\/it\/wp-json\/wp\/v2\/use?post=3230"},{"taxonomy":"ingredients","embeddable":true,"href":"https:\/\/www.mettler1929.ch\/it\/wp-json\/wp\/v2\/ingredients?post=3230"},{"taxonomy":"product_cat","embeddable":true,"href":"https:\/\/www.mettler1929.ch\/it\/wp-json\/wp\/v2\/product_cat?post=3230"},{"taxonomy":"product_tag","embeddable":true,"href":"https:\/\/www.mettler1929.ch\/it\/wp-json\/wp\/v2\/product_tag?post=3230"}],"curies":[{"name":"wp","href":"https:\/\/api.w.org\/{rel}","templated":true}]}}