{"id":3226,"date":"2019-06-12T12:28:51","date_gmt":"2019-06-12T12:28:51","guid":{"rendered":"https:\/\/www.mettler1929.ch\/product\/stc-crema-anti-eta-24-ore\/"},"modified":"2023-11-20T10:52:06","modified_gmt":"2023-11-20T10:52:06","slug":"stc-crema-anti-eta-24-ore","status":"publish","type":"product","link":"https:\/\/www.mettler1929.ch\/it\/prodotto\/stc-crema-anti-eta-24-ore\/","title":{"rendered":"STC Crema Anti-Et\u00e0 24 Ore"},"content":{"rendered":"","protected":false},"excerpt":{"rendered":"<p> L&#8217;esclusiva combinazione di ingredienti svizzeri e tecnologia all&#8217;avanguardia combinati in una crema per la cura per stimolare il rinnovamento cellulare e migliorare l&#8217;elasticit\u00e0 della pelle. Riduce efficacemente linee sottili e rughe.<\/p>\n<p>Il nostro bestseller in farmacia<\/p>\n<p>Le texture biomimetica (cristalli liquidi) favorisce l&#8217;efficace assorbimento e la performance dei principi attivi: per EFFETTI UNICI, IMMEDIATI e DURATURI. <\/p>\n<p>85% ingredienti naturali<br \/>\n0% parabene \u2013 0% parafini\u2013 0% alcol denaturato<br \/>\npH neutro<\/p>\n<hr \/>\n<p><strong> TIPI DI PELLE<\/strong><br \/>\nTutto, soprattutto per combattere in modo proattivo l&#8217;invecchiamento precoce della pelle<\/p>\n<hr \/>\n<p><strong>USO RACCOMANDATO<\/strong><br \/>\nPASSO 1: Applicare mattina e sera su viso, collo e d\u00e9collet\u00e9 il STC Serio Anti-Et\u00e0.<br \/>\nPASSO 2: Quindi applicare STC Cream 24h.<\/p>\n<hr \/>\n<p><strong>INGREDIENTI<\/strong><br \/>\n<\/strong> Cellule staminali di mela-PhytoCellTec \u2122 Malus Domestica, peptidi, vitamina e, vitamina c, pantenolo, saccaride isomerato, concentrato di fucosio<\/p>\n","protected":false},"featured_media":3227,"comment_status":"open","ping_status":"closed","template":"","meta":[],"use":[115],"ingredients":[325,278,295,313,312,343,309],"product_cat":[97],"product_tag":[],"acf":{"complex_text":"<strong>PhytoCellTec \u2122 Malus Domestica:<\/strong> preparazione brevettata di cellule staminali della mela svizzera che sono rinomate per le loro intense propriet\u00e0 antiossidanti, rigeneranti e anti-radicali liberi. \"Uttwiler sp\u00e4tlauber\" \u00e8 il nome della mela svizzera utilizzata nella formula. Ha dimostrato di migliorare la vitalit\u00e0 e la longevit\u00e0 cellulare, rafforzando la matrice extracellulare. <hr \/><strong>Peptidi:<\/strong> stimolano la produzione di collagene e rassodano la pelle, con un effetto pi\u00f9 tonico. <hr \/><strong>Vitamina E:<\/strong> protegge dai radicali liberi. <hr \/><strong>Vitamina C:<\/strong> ha propriet\u00e0 idratanti e antiossidanti. <hr \/><strong>Pantenolo:<\/strong> rigenera, idrata e lenisce. <hr \/><strong>Saccaride Isomerato - un principio attivo del Frumento:<\/strong> lenisce e migliora la ritenzione di umidit\u00e0 della pelle. <hr \/><strong> Concentrato di Fucosio:<\/strong> rinforza la barriera cutanea e stimola il cheratinocita dell'epidermide.","complex_cover":1982,"complex_background_color":"stc-color"},"_links":{"self":[{"href":"https:\/\/www.mettler1929.ch\/it\/wp-json\/wp\/v2\/product\/3226"}],"collection":[{"href":"https:\/\/www.mettler1929.ch\/it\/wp-json\/wp\/v2\/product"}],"about":[{"href":"https:\/\/www.mettler1929.ch\/it\/wp-json\/wp\/v2\/types\/product"}],"replies":[{"embeddable":true,"href":"https:\/\/www.mettler1929.ch\/it\/wp-json\/wp\/v2\/comments?post=3226"}],"wp:featuredmedia":[{"embeddable":true,"href":"https:\/\/www.mettler1929.ch\/it\/wp-json\/wp\/v2\/media\/3227"}],"wp:attachment":[{"href":"https:\/\/www.mettler1929.ch\/it\/wp-json\/wp\/v2\/media?parent=3226"}],"wp:term":[{"taxonomy":"use","embeddable":true,"href":"https:\/\/www.mettler1929.ch\/it\/wp-json\/wp\/v2\/use?post=3226"},{"taxonomy":"ingredients","embeddable":true,"href":"https:\/\/www.mettler1929.ch\/it\/wp-json\/wp\/v2\/ingredients?post=3226"},{"taxonomy":"product_cat","embeddable":true,"href":"https:\/\/www.mettler1929.ch\/it\/wp-json\/wp\/v2\/product_cat?post=3226"},{"taxonomy":"product_tag","embeddable":true,"href":"https:\/\/www.mettler1929.ch\/it\/wp-json\/wp\/v2\/product_tag?post=3226"}],"curies":[{"name":"wp","href":"https:\/\/api.w.org\/{rel}","templated":true}]}}