{"id":3224,"date":"2019-06-12T12:28:50","date_gmt":"2019-06-12T12:28:50","guid":{"rendered":"https:\/\/www.mettler1929.ch\/product\/stc-serio-anti-eta\/"},"modified":"2026-05-15T00:24:31","modified_gmt":"2026-05-15T00:24:31","slug":"stc-siero-anti-eta","status":"publish","type":"product","link":"https:\/\/www.mettler1929.ch\/it\/prodotto\/stc-siero-anti-eta\/","title":{"rendered":"STC Siero Anti-Et\u00e0"},"content":{"rendered":"","protected":false},"excerpt":{"rendered":"<p> Stimola il rinnovamento cellulare naturale. Condizionamento profondo che riduce le linee sottili e le rughe e migliora la compattezza. Mantiene e rinforza la barriera protettiva.<\/p>\n<p>90% ingredienti naturali<br \/>\n0% parabene \u2013 0% parafini\u2013 0% alcol denaturato<br \/>\npH neutro<\/p>\n<p><strong>EFFICACIA PROVATA*<\/strong><br \/>\n7% di riduzione della profondit\u00e0 delle rughe gi\u00e0 dopo 28 giorni di utilizzo<br \/>\n5% in meno di perdita di acqua transepidermica dopo sole 24 ore<br \/>\nIl 90% trova la pelle morbida, elastica e confortevole subito dopo l&#8217;uso<\/p>\n<p><em>*Test clinico in 28 giorni su 20 donne tra i 40 e i 70 anni con rughe visibili<\/em><\/p>\n<hr \/>\n<p><strong> TIPI DI PELLE<\/strong><br \/>\nTutto, soprattutto per combattere in modo proattivo l&#8217;invecchiamento precoce della pelle<\/p>\n<hr \/>\n<p><strong>USO RACCOMANDATO<\/strong><br \/>\nPASSO 1: Applicare mattina e sera su viso, collo e d\u00e9collet\u00e9.<br \/>\nPASSO 2: Quindi applicare STC Crema Anti-Et\u00e0 24 Ore.<\/p>\n<hr \/>\n<p><strong>INGREDIENTI<\/strong><br \/>\n<\/strong> Cellule staminali di mele-PhytoCellTec \u2122 Malus Domestica, estratto di sambuco, peptidi, estratto di avena, vitamina e, acido ialuronico<\/p>\n","protected":false},"featured_media":3225,"comment_status":"open","ping_status":"closed","template":"","meta":[],"use":[115],"ingredients":[287,315,371,313,312,309],"product_cat":[97],"product_tag":[],"acf":{"complex_text":"<strong>PhytoCellTec \u2122 Malus Domestica:<\/strong> preparazione brevettata di cellule staminali della mela svizzera che sono rinomate per le loro intense propriet\u00e0 antiossidanti, rigeneranti e anti-radicali liberi. \"Uttwiler sp\u00e4tlauber\" \u00e8 il nome della mela svizzera utilizzata nella formula. Ha dimostrato di migliorare la vitalit\u00e0 e la longevit\u00e0 cellulare, rafforzando la matrice extracellulare.<hr \/><strong>Estratto di Sambuco:<\/strong> lenisce e nutre la pelle con propriet\u00e0 antiossidanti. <hr \/><strong>Peptidi:<\/strong> stimolano la produzione di collagene e rassodano la pelle, con un effetto pi\u00f9 tonico. <hr \/><strong>Estratto di Avena:<\/strong> genera idratazione. <hr \/><strong>Vitamina E:<\/strong> protegge dai radicali liberi. <hr \/><strong>Acido Ialuronico:<\/strong> protegge contro la disidratazione, idrata e restituisce l\u2019acqua di cui ha bisogno. Agendo come una spugna, pu\u00f2 mantenere il proprio peso in acqua fino a 1000 volte.","complex_cover":4514,"complex_background_color":"stc-color"},"_links":{"self":[{"href":"https:\/\/www.mettler1929.ch\/it\/wp-json\/wp\/v2\/product\/3224"}],"collection":[{"href":"https:\/\/www.mettler1929.ch\/it\/wp-json\/wp\/v2\/product"}],"about":[{"href":"https:\/\/www.mettler1929.ch\/it\/wp-json\/wp\/v2\/types\/product"}],"replies":[{"embeddable":true,"href":"https:\/\/www.mettler1929.ch\/it\/wp-json\/wp\/v2\/comments?post=3224"}],"wp:featuredmedia":[{"embeddable":true,"href":"https:\/\/www.mettler1929.ch\/it\/wp-json\/wp\/v2\/media\/3225"}],"wp:attachment":[{"href":"https:\/\/www.mettler1929.ch\/it\/wp-json\/wp\/v2\/media?parent=3224"}],"wp:term":[{"taxonomy":"use","embeddable":true,"href":"https:\/\/www.mettler1929.ch\/it\/wp-json\/wp\/v2\/use?post=3224"},{"taxonomy":"ingredients","embeddable":true,"href":"https:\/\/www.mettler1929.ch\/it\/wp-json\/wp\/v2\/ingredients?post=3224"},{"taxonomy":"product_cat","embeddable":true,"href":"https:\/\/www.mettler1929.ch\/it\/wp-json\/wp\/v2\/product_cat?post=3224"},{"taxonomy":"product_tag","embeddable":true,"href":"https:\/\/www.mettler1929.ch\/it\/wp-json\/wp\/v2\/product_tag?post=3224"}],"curies":[{"name":"wp","href":"https:\/\/api.w.org\/{rel}","templated":true}]}}