{"id":2473,"date":"2019-08-15T12:56:06","date_gmt":"2019-08-15T12:56:06","guid":{"rendered":"https:\/\/www.mettler1929.ch\/product\/stc-anti-aging-hand-cream\/"},"modified":"2023-04-11T14:57:46","modified_gmt":"2023-04-11T14:57:46","slug":"stc-crema-per-le-mani-anti-eta","status":"publish","type":"product","link":"https:\/\/www.mettler1929.ch\/it\/prodotto\/stc-crema-per-le-mani-anti-eta\/","title":{"rendered":"STC Crema Per le Mani Anti-Et\u00e0"},"content":{"rendered":"","protected":false},"excerpt":{"rendered":"<p> Arricchita con principi attivi naturali nutrienti, la crema dona comfort e intensa morbidezza, rigenera il tessuto cutaneo e favorisce la compattezza della pelle.<\/p>\n<p>Le texture biomimetica (cristalli liquidi) favorisce l&#8217;efficace assorbimento e la performance dei principi attivi: per EFFETTI UNICI, IMMEDIATI e DURATURI. <\/p>\n<p>0% parabene \u20130% alcol denaturato<br \/>\npH neutro<\/p>\n<p><strong>EFFICACIA PROVATA<\/strong><\/p>\n<p>Il 95% afferma che la propria pelle \u00e8 notevolmente pi\u00f9 curata dopo il primo utilizzo.*<br \/>\n<em>* Test consumato su 228 donne dopo un solo utilizzo.<\/em><\/p>\n<hr \/>\n<p><strong> TIPI DI PELLE<\/strong><br \/>\nTutto, soprattutto per combattere in modo proattivo l&#8217;invecchiamento precoce della pelle<\/p>\n<hr \/>\n<p><strong>USO RACCOMANDATO<\/strong><br \/>\nApplicare quotidianamente, soprattutto in inverno, per mani belle, morbide e idratate.<\/p>\n<hr \/>\n<p><strong>INGREDIENTI<\/strong><br \/>\n<\/strong> Cellule staminali di mela-PhytoCellTec \u2122 Malus Domestica, vitamina e, acido ialuronico, burro di karit\u00e8, olio di sesamo, estratto di aloe vera<\/p>\n","protected":false},"featured_media":6291,"comment_status":"open","ping_status":"closed","template":"","meta":[],"use":[108],"ingredients":[287,276,272,345,312,309],"product_cat":[97],"product_tag":[],"acf":{"complex_text":"<hr \/><strong>PhytoCellTec \u2122 Malus Domestica:<\/strong> preparazione brevettata di cellule staminali della mela svizzera che sono rinomate per le loro intense propriet\u00e0 antiossidanti, rigeneranti e anti-radicali liberi. \"Uttwiler sp\u00e4tlauber\" \u00e8 il nome della mela svizzera utilizzata nella formula. Ha dimostrato di migliorare la vitalit\u00e0 e la longevit\u00e0 cellulare, rafforzando la matrice extracellulare.<hr\/><strong>Vitamina E:<\/strong> protegge dai radicali liberi.<hr\/><strong> Acido Ialuronico:<\/strong> protegge contro la disidratazione, idrata e restituisce l\u2019acqua di cui ha bisogno. Agendo come una spugna, pu\u00f2 mantenere il proprio peso in acqua fino a 1000 volte.<hr\/><strong>Burro di Karit\u00e8:<\/strong> idratano e nutrono.<hr\/><strong>Olio di Sesamo:<\/strong> fornisce alla pelle sostanze nutritive.<hr\/><strong>Estratto di Aloe Vera:<\/strong> contiene preziosi minerali, vitamine e aminoacidi, idratanti e lenitivi.","complex_cover":4401,"complex_background_color":"stc-color"},"_links":{"self":[{"href":"https:\/\/www.mettler1929.ch\/it\/wp-json\/wp\/v2\/product\/2473"}],"collection":[{"href":"https:\/\/www.mettler1929.ch\/it\/wp-json\/wp\/v2\/product"}],"about":[{"href":"https:\/\/www.mettler1929.ch\/it\/wp-json\/wp\/v2\/types\/product"}],"replies":[{"embeddable":true,"href":"https:\/\/www.mettler1929.ch\/it\/wp-json\/wp\/v2\/comments?post=2473"}],"wp:featuredmedia":[{"embeddable":true,"href":"https:\/\/www.mettler1929.ch\/it\/wp-json\/wp\/v2\/media\/6291"}],"wp:attachment":[{"href":"https:\/\/www.mettler1929.ch\/it\/wp-json\/wp\/v2\/media?parent=2473"}],"wp:term":[{"taxonomy":"use","embeddable":true,"href":"https:\/\/www.mettler1929.ch\/it\/wp-json\/wp\/v2\/use?post=2473"},{"taxonomy":"ingredients","embeddable":true,"href":"https:\/\/www.mettler1929.ch\/it\/wp-json\/wp\/v2\/ingredients?post=2473"},{"taxonomy":"product_cat","embeddable":true,"href":"https:\/\/www.mettler1929.ch\/it\/wp-json\/wp\/v2\/product_cat?post=2473"},{"taxonomy":"product_tag","embeddable":true,"href":"https:\/\/www.mettler1929.ch\/it\/wp-json\/wp\/v2\/product_tag?post=2473"}],"curies":[{"name":"wp","href":"https:\/\/api.w.org\/{rel}","templated":true}]}}