{"id":12133,"date":"2020-07-03T12:37:47","date_gmt":"2020-07-03T12:37:51","guid":{"rendered":"https:\/\/www.mettler1929.ch\/?post_type=product&#038;p=12133"},"modified":"2023-04-11T14:56:46","modified_gmt":"2023-04-11T14:56:46","slug":"kit-di-scoperta-linea-stc-anti-eta","status":"publish","type":"product","link":"https:\/\/www.mettler1929.ch\/it\/prodotto\/kit-di-scoperta-linea-stc-anti-eta\/","title":{"rendered":"Kit di Scoperta Linea STC Anti-Et\u00e0"},"content":{"rendered":"","protected":false},"excerpt":{"rendered":"<p> Il Kit di Scoperta contiene prodotti per la cura della pelle della linea STC Cell-Tech e prodotti con estratto di mela verde della linea con Estratti Naturali di Frutta:<\/p>\n<p>\u2013 STC Siero Anti-Et\u00e0 15ml<br \/>\n\u2013 STC Crema Anti-Et\u00e0 24 Ore 20ml<br \/>\n\u2013 STC Crema Anti-Et\u00e0 Contorno Occhi 5ml<br \/>\n\u2013 STC Crema per le Mani Anti-Et\u00e0 30ml<br \/>\n\u2013 Gel Doccia Tonificante all\u2019Estratto di Mela Verde 40ml<br \/>\n\u2013 Shampoo 2 in 1 all\u2019Estratto di Mela Verde 40ml<br \/>\n\u2013 Sapone alla Mela Verde 40g<\/p>\n<p>0% parabene \u20130% alcol denaturato<\/p>\n<hr \/>\n<p><strong> TIPI DI PELLE<\/strong><br \/>\nTutto, soprattutto per combattere in modo proattivo l&#8217;invecchiamento precoce della pelle<\/p>\n<hr \/>\n<p><strong>USO RACCOMANDATO<\/strong><br \/>\nUsare quotidianamente.<\/p>\n<hr \/>\n<p><strong>INGREDIENTI<\/strong><br \/>\n<\/strong> Cellule staminali di mela \u2013 PhytoCellTec \u2122 Malus Domestica, estratto di mela verde, glicerina, acido ialuronico, pantenolo, peptidi, vitamina c<\/p>\n","protected":false},"featured_media":16028,"comment_status":"open","ping_status":"closed","template":"","meta":[],"use":[118,111,108,113,115],"ingredients":[287,276,319,278,272,315,302,371,347,317,339,345,295,313,312,341,343,309],"product_cat":[97,95,180],"product_tag":[],"acf":{"complex_text":"<strong>PhytoCellTec \u2122 Malus Domestica:<\/strong> preparazione brevettata di cellule staminali della mela svizzera che sono rinomate per le loro intense propriet\u00e0 antiossidanti, rigeneranti e anti-radicali liberi. \u201cUttwiler sp\u00e4tlauber\u201d \u00e8 il nome della mela svizzera utilizzata nella formula. Ha dimostrato di migliorare la vitalit\u00e0 e la longevit\u00e0 cellulare, rafforzando la matrice extracellulare.<hr \/><strong>Estratto di Mela Verde:<\/strong> ha della propriet\u00e0 lenitive e astringenti che tonificano sia la pelle che i capelli.<hr \/><strong>Glicerina:<\/strong> mantiene l\u2019idratazione, rassoda la pelle, migliora il sistemo immunitario del corpo, protegge delle aggressioni esterne e migliora significativamente l\u2019elasticit\u00e0 della pelle.<hr \/><strong>Acido Ialuronico:<\/strong> protegge contro la disidratazione, idrata e restituisce l\u2019acqua di cui ha bisogno. Agendo come una spugna, pu\u00f2 mantenere il proprio peso in acqua fino a 1000 volte.<hr \/><strong>Pantenolo:<\/strong> rigenera, idrata e lenisce.<hr \/><strong>Peptidi:<\/strong> stimolano la produzione di collagene e rassodano la pelle, con un effetto pi\u00f9 tonico.<hr \/><strong>Vitamina C:<\/strong> ha propriet\u00e0 idratanti e antiossidanti.","complex_cover":"","complex_background_color":"stc-color"},"_links":{"self":[{"href":"https:\/\/www.mettler1929.ch\/it\/wp-json\/wp\/v2\/product\/12133"}],"collection":[{"href":"https:\/\/www.mettler1929.ch\/it\/wp-json\/wp\/v2\/product"}],"about":[{"href":"https:\/\/www.mettler1929.ch\/it\/wp-json\/wp\/v2\/types\/product"}],"replies":[{"embeddable":true,"href":"https:\/\/www.mettler1929.ch\/it\/wp-json\/wp\/v2\/comments?post=12133"}],"wp:featuredmedia":[{"embeddable":true,"href":"https:\/\/www.mettler1929.ch\/it\/wp-json\/wp\/v2\/media\/16028"}],"wp:attachment":[{"href":"https:\/\/www.mettler1929.ch\/it\/wp-json\/wp\/v2\/media?parent=12133"}],"wp:term":[{"taxonomy":"use","embeddable":true,"href":"https:\/\/www.mettler1929.ch\/it\/wp-json\/wp\/v2\/use?post=12133"},{"taxonomy":"ingredients","embeddable":true,"href":"https:\/\/www.mettler1929.ch\/it\/wp-json\/wp\/v2\/ingredients?post=12133"},{"taxonomy":"product_cat","embeddable":true,"href":"https:\/\/www.mettler1929.ch\/it\/wp-json\/wp\/v2\/product_cat?post=12133"},{"taxonomy":"product_tag","embeddable":true,"href":"https:\/\/www.mettler1929.ch\/it\/wp-json\/wp\/v2\/product_tag?post=12133"}],"curies":[{"name":"wp","href":"https:\/\/api.w.org\/{rel}","templated":true}]}}