{"id":12023,"date":"2020-06-30T14:22:55","date_gmt":"2020-06-30T14:22:58","guid":{"rendered":"https:\/\/www.mettler1929.ch\/?post_type=product&#038;p=12023"},"modified":"2024-11-13T14:52:04","modified_gmt":"2024-11-13T14:52:04","slug":"set-prugna-per-capelli-corpo","status":"publish","type":"product","link":"https:\/\/www.mettler1929.ch\/it\/prodotto\/set-prugna-per-capelli-corpo\/","title":{"rendered":"Set Prugna per Capelli &amp; Corpo"},"content":{"rendered":"","protected":false},"excerpt":{"rendered":"<p> Questo duo deterge delicatamente e nutre i capelli e la pelle con un profumo fruttato.<\/p>\n<p>Il Set Prugna per Capelli &amp; Corpo contiene:<br \/>\n\u2013 Shampoo 2 in 1 All\u2019Estratto Di Prugna 200ml<br \/>\n\u2013 Gel Doccia Stimolante All\u2019Estratto Di Prugna 200ml<\/p>\n<p>0% parafini \u20130% parabene &#8211; 0% alcol denaturato<br \/>\npH neutro<\/p>\n<hr \/>\n<p><strong> TIPI DI PELLE E CAPELLI<\/strong><br \/>\nTutti tipi<\/p>\n<hr \/>\n<p><strong>USO RACCOMANDATO<\/strong><br \/>\nUso quotidiano possibile e secondo necessit\u00e0. L&#8217;uso di un balsamo non \u00e8 necessario a causa della cura aggiuntiva inclusa. Ideale per lo sport, per le vacanze e per tutta la famiglia.<\/p>\n<hr \/>\n<p><strong>INGREDIENTI<\/strong><br \/>\n<\/strong>Estratto di prugna, glicerina, pantenolo<\/p>\n","protected":false},"featured_media":14335,"comment_status":"open","ping_status":"closed","template":"","meta":[],"use":[118,111],"ingredients":[298,347,295],"product_cat":[95,180],"product_tag":[],"acf":{"complex_text":"<hr \/><strong>Estratto di Prugna:<\/strong> \u00e8 famosa per le sue propriet\u00e0 antiossidanti e idratanti. Stimola e migliora la brillanza e la luminosit\u00e0 della pelle e dei capelli.<hr \/><strong>Glicerina:<\/strong> mantiene l\u2019idratazione, rassoda la pelle, migliora il sistemo immunitario del corpo, protegge delle aggressioni esterne e migliora significativamente l\u2019elasticit\u00e0 della pelle.<hr \/><strong>Pantenolo:<\/strong> rigenera, idrata e lenisce, rinforza e nutre la fibra capillare.","complex_cover":"","complex_background_color":"fruit-color"},"_links":{"self":[{"href":"https:\/\/www.mettler1929.ch\/it\/wp-json\/wp\/v2\/product\/12023"}],"collection":[{"href":"https:\/\/www.mettler1929.ch\/it\/wp-json\/wp\/v2\/product"}],"about":[{"href":"https:\/\/www.mettler1929.ch\/it\/wp-json\/wp\/v2\/types\/product"}],"replies":[{"embeddable":true,"href":"https:\/\/www.mettler1929.ch\/it\/wp-json\/wp\/v2\/comments?post=12023"}],"wp:featuredmedia":[{"embeddable":true,"href":"https:\/\/www.mettler1929.ch\/it\/wp-json\/wp\/v2\/media\/14335"}],"wp:attachment":[{"href":"https:\/\/www.mettler1929.ch\/it\/wp-json\/wp\/v2\/media?parent=12023"}],"wp:term":[{"taxonomy":"use","embeddable":true,"href":"https:\/\/www.mettler1929.ch\/it\/wp-json\/wp\/v2\/use?post=12023"},{"taxonomy":"ingredients","embeddable":true,"href":"https:\/\/www.mettler1929.ch\/it\/wp-json\/wp\/v2\/ingredients?post=12023"},{"taxonomy":"product_cat","embeddable":true,"href":"https:\/\/www.mettler1929.ch\/it\/wp-json\/wp\/v2\/product_cat?post=12023"},{"taxonomy":"product_tag","embeddable":true,"href":"https:\/\/www.mettler1929.ch\/it\/wp-json\/wp\/v2\/product_tag?post=12023"}],"curies":[{"name":"wp","href":"https:\/\/api.w.org\/{rel}","templated":true}]}}