{"id":3420,"date":"2020-01-15T14:03:40","date_gmt":"2020-01-15T14:03:40","guid":{"rendered":"https:\/\/www.mettler1929.ch\/politica-di-restituzione\/"},"modified":"2020-02-11T16:33:56","modified_gmt":"2020-02-11T16:33:56","slug":"politica-di-restituzione","status":"publish","type":"page","link":"https:\/\/www.mettler1929.ch\/it\/politica-di-restituzione\/","title":{"rendered":"Politica di ritorno"},"content":{"rendered":"\n<p>Ordini errati, differenze di quantit\u00e0 e difetti o danni riconoscibili devono essere segnalati a METTLER per iscritto immediatamente e non oltre 5 giorni lavorativi dopo la consegna. La notifica dei difetti occulti pu\u00f2 essere presentata per iscritto fino ad un massimo di 6 mesi dopo la consegna. Il ritorno della merce sar\u00e0 accettato solo previo accordo, accompagnato da tutti i prodotti e con una copia della fattura. L&#8217;acquirente \u00e8 responsabile per il trasporto adeguato e per le spese di consegna. METTLER \u00e8 libero di decidere se un ordine difettoso debba essere riparato o sostituito completamente o in parte. Tutti gli altri diritti di garanzia sono espressamente revocati. METTLER esclude qualsiasi responsabilit\u00e0 per danni diretti o indiretti<\/p>\n\n\n","protected":false},"excerpt":{"rendered":"<p>Ordini errati, differenze di quantit\u00e0 e difetti o danni riconoscibili devono essere segnalati a METTLER per iscritto immediatamente e non oltre 5 giorni lavorativi dopo la consegna. La notifica dei difetti occulti pu\u00f2 essere presentata per iscritto fino ad un massimo di 6 mesi dopo la consegna. Il ritorno della merce sar\u00e0 accettato solo previo [&hellip;]<\/p>\n","protected":false},"author":1,"featured_media":0,"parent":0,"menu_order":0,"comment_status":"closed","ping_status":"closed","template":"templates\/template-text-page.php","meta":[],"acf":[],"_links":{"self":[{"href":"https:\/\/www.mettler1929.ch\/it\/wp-json\/wp\/v2\/pages\/3420"}],"collection":[{"href":"https:\/\/www.mettler1929.ch\/it\/wp-json\/wp\/v2\/pages"}],"about":[{"href":"https:\/\/www.mettler1929.ch\/it\/wp-json\/wp\/v2\/types\/page"}],"author":[{"embeddable":true,"href":"https:\/\/www.mettler1929.ch\/it\/wp-json\/wp\/v2\/users\/1"}],"replies":[{"embeddable":true,"href":"https:\/\/www.mettler1929.ch\/it\/wp-json\/wp\/v2\/comments?post=3420"}],"version-history":[{"count":1,"href":"https:\/\/www.mettler1929.ch\/it\/wp-json\/wp\/v2\/pages\/3420\/revisions"}],"predecessor-version":[{"id":4312,"href":"https:\/\/www.mettler1929.ch\/it\/wp-json\/wp\/v2\/pages\/3420\/revisions\/4312"}],"wp:attachment":[{"href":"https:\/\/www.mettler1929.ch\/it\/wp-json\/wp\/v2\/media?parent=3420"}],"curies":[{"name":"wp","href":"https:\/\/api.w.org\/{rel}","templated":true}]}}