{"id":3574,"date":"2020-01-29T09:58:00","date_gmt":"2020-01-29T09:58:00","guid":{"rendered":"https:\/\/www.mettler1929.ch\/?post_type=product&#038;p=3574"},"modified":"2024-05-05T17:49:55","modified_gmt":"2024-05-05T17:49:55","slug":"coffret-pour-peau-sensible","status":"publish","type":"product","link":"https:\/\/www.mettler1929.ch\/fr\/produit\/coffret-pour-peau-sensible\/","title":{"rendered":"Coffret pour Peau Sensible"},"content":{"rendered":"","protected":false},"excerpt":{"rendered":"<p>Les essentiels \u00e0 l&#8217;extrait de Mimosa pour vous apporter de la douceur :<\/p>\n<p>&#8211; Gel Douche Effet Soyeux 200ml<br \/>\n&#8211; Lotion Corps Douceur Intense 200ml<\/p>\n<p>pH neutre<br \/>\n0% parab\u00e8nes &#8211; 0% paraffine &#8211; 0% \u00e9thanol<\/p>\n<hr \/>\n<p><strong>TYPE DE PEAU<\/strong><br \/>\nTout type de peau, sp\u00e9cialement pour peau sensible<\/p>\n<hr \/>\n<p><strong>CONSEILS D&#8217;UTILISATION<\/strong><br \/>\nUtilisation quotidienne pour une peau soyeuse <\/p>\n<hr \/>\n<p><strong>INGR\u00c9DIENTS<\/strong><br \/>\nExtrait de Mimosa, Aloe Vera, Huile d\u2019Amande, Panth\u00e9nol, Allanto\u00efne, Microalgues vertes, Saccharide Isom\u00e9rate, Vitamine C, Concentr\u00e9 de Fucose<\/p>\n","protected":false},"featured_media":4157,"comment_status":"open","ping_status":"closed","template":"","meta":[],"use":[109],"ingredients":[267,277,271,334,269,352,294,340,342],"product_cat":[74,178],"product_tag":[],"acf":{"complex_text":"<hr \/><strong>Extrait de Mimosa:<\/strong> apaise la peau et am\u00e9liore son syst\u00e8me protecteur.<hr \/><strong>Aloe Vera:<\/strong> contient des min\u00e9raux pr\u00e9cieux, des vitamines et des acides amin\u00e9s, hydrate et apaise la peau.<hr \/><strong>Huile d'Amande:<\/strong> douce et apaisante, elle nourrit intens\u00e9ment. Gr\u00e2ce \u00e0 ses propri\u00e9t\u00e9s \u00e9mollientes, elle relipidifie la peau et aide \u00e0 pr\u00e9venir sa perte en eau.<hr \/><strong>Panth\u00e9nol:<\/strong> hydrate et apaise.<hr \/><strong>Allanto\u00efne:<\/strong> a des propri\u00e9t\u00e9s calmantes et r\u00e9paratrices.<hr \/><strong>Microalgues Vertes:<\/strong> aident \u00e0 calmer les rougeurs.<hr \/><strong>Saccharide Isom\u00e9rate \u2013 ingr\u00e9dient actif \u00e0 base de bl\u00e9:<\/strong> apaise, am\u00e9liore la r\u00e9tention d'humidit\u00e9 de la peau et hydrate en profondeur.<hr \/><strong>Vitamine C:<\/strong> poss\u00e8de des propri\u00e9t\u00e9s antioxydantes et uniformisantes.<hr \/><strong>Concentr\u00e9 de Fucose:<\/strong> renforce la barri\u00e8re cutan\u00e9e et aide \u00e0 stimuler la formation des k\u00e9ratinocytes de l'\u00e9piderme.","complex_cover":"","complex_background_color":"sensitive-color"},"_links":{"self":[{"href":"https:\/\/www.mettler1929.ch\/fr\/wp-json\/wp\/v2\/product\/3574"}],"collection":[{"href":"https:\/\/www.mettler1929.ch\/fr\/wp-json\/wp\/v2\/product"}],"about":[{"href":"https:\/\/www.mettler1929.ch\/fr\/wp-json\/wp\/v2\/types\/product"}],"replies":[{"embeddable":true,"href":"https:\/\/www.mettler1929.ch\/fr\/wp-json\/wp\/v2\/comments?post=3574"}],"wp:featuredmedia":[{"embeddable":true,"href":"https:\/\/www.mettler1929.ch\/fr\/wp-json\/wp\/v2\/media\/4157"}],"wp:attachment":[{"href":"https:\/\/www.mettler1929.ch\/fr\/wp-json\/wp\/v2\/media?parent=3574"}],"wp:term":[{"taxonomy":"use","embeddable":true,"href":"https:\/\/www.mettler1929.ch\/fr\/wp-json\/wp\/v2\/use?post=3574"},{"taxonomy":"ingredients","embeddable":true,"href":"https:\/\/www.mettler1929.ch\/fr\/wp-json\/wp\/v2\/ingredients?post=3574"},{"taxonomy":"product_cat","embeddable":true,"href":"https:\/\/www.mettler1929.ch\/fr\/wp-json\/wp\/v2\/product_cat?post=3574"},{"taxonomy":"product_tag","embeddable":true,"href":"https:\/\/www.mettler1929.ch\/fr\/wp-json\/wp\/v2\/product_tag?post=3574"}],"curies":[{"name":"wp","href":"https:\/\/api.w.org\/{rel}","templated":true}]}}