{"id":3557,"date":"2020-01-29T09:41:16","date_gmt":"2020-01-29T09:41:17","guid":{"rendered":"https:\/\/www.mettler1929.ch\/?post_type=product&#038;p=3557"},"modified":"2023-03-08T10:41:46","modified_gmt":"2023-03-08T10:41:46","slug":"coffret-decouverte-ligne-hydratante","status":"publish","type":"product","link":"https:\/\/www.mettler1929.ch\/fr\/produit\/coffret-decouverte-ligne-hydratante\/","title":{"rendered":"Coffret D\u00e9couverte Ligne Hydratante"},"content":{"rendered":"","protected":false},"excerpt":{"rendered":"<p>Le coffret est compos\u00e9 de 7 incontournables pour une peau et des cheveux hydrat\u00e9s et soign\u00e9s. A l\u2019occasion de No\u00ebl, un anniversaire, P\u00e2ques ou la F\u00eate des m\u00e8res, ce coffret est une belle attention \u00e0 offrir\u2026 ou \u00e0 s\u2019offrir! Il contient:<br \/>\n&#8211; Cr\u00e8me Hydratante 24h 20 ml<br \/>\n&#8211; Gel Hydratant Contour des Yeux 5 ml<br \/>\n&#8211; Lotion Corps Pure Hydratation 40 ml<br \/>\n&#8211; Gel Douche Surgras Ultra Hydratant 40 ml<br \/>\n&#8211; Shampoing Hydratant Cheveux Secs 40 ml<br \/>\n&#8211; Apr\u00e8s-Shampoing Hydratant &amp; Lissant 40 ml<br \/>\n&#8211; Savon Hydratant pour Mains et Visage 40 gr<\/p>\n<p>0% parab\u00e8nes &#8211; 0% alcohol d\u00e9natur\u00e9<\/p>\n<hr \/>\n<p><strong>TYPE DE PEAU<\/strong><br \/>\nTout type de peau, sp\u00e9cialement recommand\u00e9 pour peau s\u00e8che et\/ou d\u00e9shydrat\u00e9e<\/p>\n<hr \/>\n<p><strong>CONSEILS D\u2019UTILISATION<\/strong><br \/>\nUtilisation quotidienne<\/p>\n<hr \/>\n<p><strong>INGR\u00c9DIENTS<\/strong><br \/>\nExtrait d\u2019Iris, Acide Hyaluronique, Extrait d\u2019Aloe Vera, Beurre de Karit\u00e9, Concentr\u00e9 de fucose, Mousse d\u2019Islande, Panth\u00e9nol, Gomme de caroube<\/p>\n","protected":false},"featured_media":4161,"comment_status":"open","ping_status":"closed","template":"","meta":[],"use":[116,109,106,105,104],"ingredients":[286,275,305,277,271,273,303,288,269,306,290,294,283,285,342],"product_cat":[71,178],"product_tag":[],"acf":{"complex_text":"<strong>Extrait d'Iris:<\/strong> hydrate, fortifie et renforce la peau.<hr \/><strong>Acide hyaluronique:<\/strong> prot\u00e8ge la peau de la d\u00e9shydratation. Agit comme une \u00e9ponge, peut garder son propre poids en eau jusqu\u2019\u00e0 1000 fois. A un effet repulpant permettant de diminuer l\u2019aspect des rides et de combler les ridules.<hr \/><strong>Aloe Vera:<\/strong> contient des min\u00e9raux pr\u00e9cieux, des vitamines et des acides amin\u00e9s, hydrate et apaise la peau.<hr \/><strong>Beurre de Karit\u00e9:<\/strong> prot\u00e8ge la peau du dess\u00e8chement et nourrit en profondeur.<hr \/><strong>Concentr\u00e9 de Fucose:<\/strong> renforce la barri\u00e8re cutan\u00e9e et aide \u00e0 stimuler la formation des k\u00e9ratinocytes de l\u2019\u00e9piderme.<hr \/><strong>Mousse d\u2019Islande:<\/strong> hydrate, apaise et prot\u00e8ge la peau du dess\u00e8chement.<hr \/><strong>Panth\u00e9nol:<\/strong> r\u00e9g\u00e9n\u00e8re, hydrate et apaise.<hr \/><strong>Gomme de caroube:<\/strong> agit en synergie avec l\u2019acide hyaluronique. Forme un film protecteur sur la peau et aide \u00e0 garder la teneur en eau de la peau optimale.","complex_cover":"","complex_background_color":"moisturizing-color"},"_links":{"self":[{"href":"https:\/\/www.mettler1929.ch\/fr\/wp-json\/wp\/v2\/product\/3557"}],"collection":[{"href":"https:\/\/www.mettler1929.ch\/fr\/wp-json\/wp\/v2\/product"}],"about":[{"href":"https:\/\/www.mettler1929.ch\/fr\/wp-json\/wp\/v2\/types\/product"}],"replies":[{"embeddable":true,"href":"https:\/\/www.mettler1929.ch\/fr\/wp-json\/wp\/v2\/comments?post=3557"}],"wp:featuredmedia":[{"embeddable":true,"href":"https:\/\/www.mettler1929.ch\/fr\/wp-json\/wp\/v2\/media\/4161"}],"wp:attachment":[{"href":"https:\/\/www.mettler1929.ch\/fr\/wp-json\/wp\/v2\/media?parent=3557"}],"wp:term":[{"taxonomy":"use","embeddable":true,"href":"https:\/\/www.mettler1929.ch\/fr\/wp-json\/wp\/v2\/use?post=3557"},{"taxonomy":"ingredients","embeddable":true,"href":"https:\/\/www.mettler1929.ch\/fr\/wp-json\/wp\/v2\/ingredients?post=3557"},{"taxonomy":"product_cat","embeddable":true,"href":"https:\/\/www.mettler1929.ch\/fr\/wp-json\/wp\/v2\/product_cat?post=3557"},{"taxonomy":"product_tag","embeddable":true,"href":"https:\/\/www.mettler1929.ch\/fr\/wp-json\/wp\/v2\/product_tag?post=3557"}],"curies":[{"name":"wp","href":"https:\/\/api.w.org\/{rel}","templated":true}]}}