{"id":3552,"date":"2020-01-29T09:29:19","date_gmt":"2020-01-29T09:29:19","guid":{"rendered":"https:\/\/www.mettler1929.ch\/?post_type=product&#038;p=3552"},"modified":"2022-09-12T15:09:56","modified_gmt":"2022-09-12T15:09:56","slug":"stc-creme-pour-les-mains-mini","status":"publish","type":"product","link":"https:\/\/www.mettler1929.ch\/fr\/produit\/stc-creme-pour-les-mains-mini\/","title":{"rendered":"STC Cr\u00e8me pour les Mains mini"},"content":{"rendered":"","protected":false},"excerpt":{"rendered":"<p>Enrichie en actifs naturels nourrissants, la cr\u00e8me offre un confort et une douceur intense. Elle r\u00e9g\u00e9n\u00e8re les tissus cutan\u00e9s et redonne toute sa fermet\u00e9 \u00e0 votre peau. <\/p>\n<p>Sa texture biomim\u00e9tique (cristaux liquides) favorise une absorption et une performance efficace des ingr\u00e9dients actifs : pour un effet UNIQUE, IMM\u00c9DIAT et LONGUE DUR\u00c9E. <\/p>\n<p>0% parab\u00e8nes \u2013 0% \u00e9thanol \u2013 0% alcool<br \/>\npH neutre <\/p>\n<p><strong> R\u00c9SULTATS *<\/strong><\/p>\n<p>95% affirment que leur peau est soign\u00e9e apr\u00e8s utilisation.<\/p>\n<p><em>* Test consommateur sur 228 femmes apr\u00e8s une utilisation.<\/em><\/p>\n<hr \/>\n<p><strong>TYPE DE PEAU<\/strong><br \/>\nTout type de peau, lutte contre le vieillissement cutan\u00e9<\/p>\n<hr \/>\n<p><strong>CONSEILS D&#8217;UTILISATION<\/strong><br \/>\nUtilisation quotidienne toute l&#8217;ann\u00e9e. Id\u00e9ale en hiver pour de belles mains douces et hydrat\u00e9es.<\/p>\n<hr \/>\n<p><strong>INGR\u00c9DIENTS<\/strong><br \/>\nCellules Souches de Pomme &#8211; Complexe PhytoCellTec \u2122 Malus Domestica, Vitamine E, Acide Hyaluronique, Beurre de Karit\u00e9, Huile de S\u00e9same, Aloe Vera<\/p>\n","protected":false},"featured_media":6266,"comment_status":"open","ping_status":"closed","template":"","meta":[],"use":[106],"ingredients":[286,275,271,344,310,308],"product_cat":[73],"product_tag":[],"acf":{"complex_text":"<hr \/><strong> PhytoCellTec \u2122 Malus Domestica:<\/strong> pr\u00e9paration liposomale brevet\u00e9e de cellules souches de pomme d\u00e9riv\u00e9es de la vari\u00e9t\u00e9 \u00abUttwiler Sp\u00e4tlauber\u00bb, une pomme suisse. Ce complexe retarde le processus de vieillissement.<hr \/><strong>Vitamine E:<\/strong> prot\u00e8ge contre les radicaux libres.<hr \/><strong>Acide hyaluronique:<\/strong> prot\u00e8ge la peau de la d\u00e9shydratation. Agit comme une \u00e9ponge, peut garder son propre poids en eau jusqu'\u00e0 1000 fois. A un effet repulpant permettant de diminuer l'aspect des rides et combler les ridules.<hr \/><strong>Beurre de Karit\u00e9:<\/strong> nourrit et prot\u00e8ge la peau du dess\u00e8chement.<hr \/><strong>Huile de S\u00e9same:<\/strong> apporte des nutriments \u00e0 la peau.<hr \/><strong>Aloe Vera:<\/strong> contient des min\u00e9raux pr\u00e9cieux, des vitamines et des acides amin\u00e9s, hydrate et apaise la peau.","complex_cover":4401,"complex_background_color":"stc-color"},"_links":{"self":[{"href":"https:\/\/www.mettler1929.ch\/fr\/wp-json\/wp\/v2\/product\/3552"}],"collection":[{"href":"https:\/\/www.mettler1929.ch\/fr\/wp-json\/wp\/v2\/product"}],"about":[{"href":"https:\/\/www.mettler1929.ch\/fr\/wp-json\/wp\/v2\/types\/product"}],"replies":[{"embeddable":true,"href":"https:\/\/www.mettler1929.ch\/fr\/wp-json\/wp\/v2\/comments?post=3552"}],"wp:featuredmedia":[{"embeddable":true,"href":"https:\/\/www.mettler1929.ch\/fr\/wp-json\/wp\/v2\/media\/6266"}],"wp:attachment":[{"href":"https:\/\/www.mettler1929.ch\/fr\/wp-json\/wp\/v2\/media?parent=3552"}],"wp:term":[{"taxonomy":"use","embeddable":true,"href":"https:\/\/www.mettler1929.ch\/fr\/wp-json\/wp\/v2\/use?post=3552"},{"taxonomy":"ingredients","embeddable":true,"href":"https:\/\/www.mettler1929.ch\/fr\/wp-json\/wp\/v2\/ingredients?post=3552"},{"taxonomy":"product_cat","embeddable":true,"href":"https:\/\/www.mettler1929.ch\/fr\/wp-json\/wp\/v2\/product_cat?post=3552"},{"taxonomy":"product_tag","embeddable":true,"href":"https:\/\/www.mettler1929.ch\/fr\/wp-json\/wp\/v2\/product_tag?post=3552"}],"curies":[{"name":"wp","href":"https:\/\/api.w.org\/{rel}","templated":true}]}}