{"id":3497,"date":"2019-06-12T12:28:51","date_gmt":"2019-06-12T12:28:51","guid":{"rendered":"https:\/\/www.mettler1929.ch\/product\/shampoing-2-en-1-a-lextrait-dabricot\/"},"modified":"2022-07-26T11:15:20","modified_gmt":"2022-07-26T11:15:20","slug":"shampoing-2-en-1-brillance-a-lextrait-dabricot","status":"publish","type":"product","link":"https:\/\/www.mettler1929.ch\/fr\/produit\/shampoing-2-en-1-brillance-a-lextrait-dabricot\/","title":{"rendered":"Shampoing 2 en 1 Brillance \u00e0 l\u2019Extrait d&#8217;Abricot"},"content":{"rendered":"","protected":false},"excerpt":{"rendered":"<p>Nettoie et dynamise les cheveux, les laissant doux, nourris et parfum\u00e9s. Apporte vitalit\u00e9 et brillance aux cheveux. 2 en 1 : Shampoing &amp; Apr\u00e8s-shampoing<\/p>\n<p>0% parab\u00e8nes &#8211; 0% paraffine &#8211; 0% \u00e9thanol<br \/>\npH neutre<\/p>\n<hr \/>\n<p><strong>TYPE DE CHEVEUX <\/strong><br \/>\nTout type de cheveux<\/p>\n<hr \/>\n<p><strong>CONSEILS D\u2019UTILISATION<\/strong><br \/>\nUtilisation quotidienne, adapt\u00e9 pour toute la famille. L\u2019apr\u00e8s-shampoing est inclus dans le shampoing, ce qui rend ce Shampoing 2 en 1 id\u00e9al pour le sport et les vacances.<\/p>\n<hr \/>\n<p><strong>INGR\u00c9DIENTS<\/strong><br \/>\nExtrait Naturel d&#8217;Abricot, Glyc\u00e9rine, Panth\u00e9nol<\/p>\n","protected":false},"featured_media":2295,"comment_status":"open","ping_status":"closed","template":"","meta":[],"use":[116],"ingredients":[292,296,294],"product_cat":[72],"product_tag":[],"acf":{"complex_text":"<hr \/><strong>Extrait d\u2019Abricot:<\/strong> a des propri\u00e9t\u00e9s hydratantes et ajoute de la brillance aux cheveux.<hr \/><strong>Glyc\u00e9rine:<\/strong> poss\u00e8de de fortes propri\u00e9t\u00e9s hydratantes. Normalise la desquamation de la peau et am\u00e9liore durablement son \u00e9lasticit\u00e9 tout en l'adoucissant.<hr \/><strong>Panth\u00e9nol:<\/strong> r\u00e9g\u00e9n\u00e8re, hydrate et apaise. Renforce et nourrit la fibre capillaire. ","complex_cover":4433,"complex_background_color":"fruit-color"},"_links":{"self":[{"href":"https:\/\/www.mettler1929.ch\/fr\/wp-json\/wp\/v2\/product\/3497"}],"collection":[{"href":"https:\/\/www.mettler1929.ch\/fr\/wp-json\/wp\/v2\/product"}],"about":[{"href":"https:\/\/www.mettler1929.ch\/fr\/wp-json\/wp\/v2\/types\/product"}],"replies":[{"embeddable":true,"href":"https:\/\/www.mettler1929.ch\/fr\/wp-json\/wp\/v2\/comments?post=3497"}],"wp:featuredmedia":[{"embeddable":true,"href":"https:\/\/www.mettler1929.ch\/fr\/wp-json\/wp\/v2\/media\/2295"}],"wp:attachment":[{"href":"https:\/\/www.mettler1929.ch\/fr\/wp-json\/wp\/v2\/media?parent=3497"}],"wp:term":[{"taxonomy":"use","embeddable":true,"href":"https:\/\/www.mettler1929.ch\/fr\/wp-json\/wp\/v2\/use?post=3497"},{"taxonomy":"ingredients","embeddable":true,"href":"https:\/\/www.mettler1929.ch\/fr\/wp-json\/wp\/v2\/ingredients?post=3497"},{"taxonomy":"product_cat","embeddable":true,"href":"https:\/\/www.mettler1929.ch\/fr\/wp-json\/wp\/v2\/product_cat?post=3497"},{"taxonomy":"product_tag","embeddable":true,"href":"https:\/\/www.mettler1929.ch\/fr\/wp-json\/wp\/v2\/product_tag?post=3497"}],"curies":[{"name":"wp","href":"https:\/\/api.w.org\/{rel}","templated":true}]}}