{"id":3490,"date":"2019-06-12T12:29:05","date_gmt":"2019-06-12T12:29:05","guid":{"rendered":"https:\/\/www.mettler1929.ch\/product\/gel-douche-revitalisant-a-lextrait-de-cassis\/"},"modified":"2022-07-26T12:03:50","modified_gmt":"2022-07-26T12:03:50","slug":"gel-douche-revitalisant-a-lextrait-de-cassis","status":"publish","type":"product","link":"https:\/\/www.mettler1929.ch\/fr\/produit\/gel-douche-revitalisant-a-lextrait-de-cassis\/","title":{"rendered":"Gel Douche Revitalisant \u00e0 l\u2019Extrait de Cassis"},"content":{"rendered":"","protected":false},"excerpt":{"rendered":"<p>Nettoie et revitalise la peau, la laissant douce et d\u00e9licatement parfum\u00e9e. Adapt\u00e9 pour toute la famille.<\/p>\n<p>0% parab\u00e8nes &#8211; 0% paraffine &#8211; 0% \u00e9thanol<br \/>\npH neutre <\/p>\n<hr \/>\n<p><strong>TYPE DE PEAU<\/strong><br \/>\nTout type de peau<\/p>\n<hr \/>\n<p><strong>CONSEILS D\u2019UTILISATION<\/strong><br \/>\nUtilisation quotidienne<\/p>\n<hr \/>\n<p><strong>INGR\u00c9DIENTS<\/strong><br \/>\nExtrait Naturel de Cassis, Glyc\u00e9rine, Panth\u00e9nol<\/p>\n","protected":false},"featured_media":2283,"comment_status":"open","ping_status":"closed","template":"","meta":[],"use":[109],"ingredients":[299,296,294],"product_cat":[72],"product_tag":[],"acf":{"complex_text":"<hr \/><strong>Extrait de Cassis:<\/strong> contient des antioxydants et vitamines pour nourrir et adoucir la peau.<hr \/><strong>Glyc\u00e9rine:<\/strong> poss\u00e8de de fortes propri\u00e9t\u00e9s hydratantes. Normalise la desquamation de la peau et am\u00e9liore durablement son \u00e9lasticit\u00e9 tout en l'adoucissant.<hr \/><strong>Panth\u00e9nol:<\/strong> r\u00e9g\u00e9n\u00e8re, hydrate et apaise.","complex_cover":4433,"complex_background_color":"fruit-color"},"_links":{"self":[{"href":"https:\/\/www.mettler1929.ch\/fr\/wp-json\/wp\/v2\/product\/3490"}],"collection":[{"href":"https:\/\/www.mettler1929.ch\/fr\/wp-json\/wp\/v2\/product"}],"about":[{"href":"https:\/\/www.mettler1929.ch\/fr\/wp-json\/wp\/v2\/types\/product"}],"replies":[{"embeddable":true,"href":"https:\/\/www.mettler1929.ch\/fr\/wp-json\/wp\/v2\/comments?post=3490"}],"wp:featuredmedia":[{"embeddable":true,"href":"https:\/\/www.mettler1929.ch\/fr\/wp-json\/wp\/v2\/media\/2283"}],"wp:attachment":[{"href":"https:\/\/www.mettler1929.ch\/fr\/wp-json\/wp\/v2\/media?parent=3490"}],"wp:term":[{"taxonomy":"use","embeddable":true,"href":"https:\/\/www.mettler1929.ch\/fr\/wp-json\/wp\/v2\/use?post=3490"},{"taxonomy":"ingredients","embeddable":true,"href":"https:\/\/www.mettler1929.ch\/fr\/wp-json\/wp\/v2\/ingredients?post=3490"},{"taxonomy":"product_cat","embeddable":true,"href":"https:\/\/www.mettler1929.ch\/fr\/wp-json\/wp\/v2\/product_cat?post=3490"},{"taxonomy":"product_tag","embeddable":true,"href":"https:\/\/www.mettler1929.ch\/fr\/wp-json\/wp\/v2\/product_tag?post=3490"}],"curies":[{"name":"wp","href":"https:\/\/api.w.org\/{rel}","templated":true}]}}