{"id":3486,"date":"2019-06-12T12:29:00","date_gmt":"2019-06-12T12:29:00","guid":{"rendered":"https:\/\/www.mettler1929.ch\/product\/stc-creme-contour-des-yeux-anti-age\/"},"modified":"2022-07-25T13:39:50","modified_gmt":"2022-07-25T13:39:50","slug":"stc-creme-contour-des-yeux-anti-age","status":"publish","type":"product","link":"https:\/\/www.mettler1929.ch\/fr\/produit\/stc-creme-contour-des-yeux-anti-age\/","title":{"rendered":"STC Cr\u00e8me Contour des Yeux Anti-\u00c2ge"},"content":{"rendered":"","protected":false},"excerpt":{"rendered":"<p>La puissance naturelle regroup\u00e9e en un soin qui lisse l\u2019apparence des ridules et diminue la sensation de poches sous les yeux.<\/p>\n<p>Sa texture biomim\u00e9tique (cristaux liquides) favorise une absorption et une performance efficace des ingr\u00e9dients actifs : pour un effet UNIQUE, IMM\u00c9DIAT et LONGUE DUR\u00c9E.<\/p>\n<p>86% d\u2019ingr\u00e9dients d\u2019origine naturelle<br \/>\n0% parab\u00e8nes \u2013 0% paraffine \u2013 0% parfum \u2013 0% alcool<br \/>\npH neutre<\/p>\n<hr \/>\n<p><strong>TYPE DE PEAU<\/strong><br \/>\nTout type de peau, lutte proactivement contre le vieillissement cutan\u00e9<\/p>\n<hr \/>\n<p><strong>CONSEILS D&#8217;UTILISATION<\/strong><br \/>\nAppliquez matin et soir de mani\u00e8re circulaire en tapotant l\u00e9g\u00e8rement. Evitez le contact direct avec les yeux.<\/p>\n<hr \/>\n<p><strong>INGR\u00c9DIENTS<\/strong><br \/>\nCellules Souches de Pomme &#8211; Complexe PhytoCellTec \u2122 Malus Domestica, Peptides, Extrait d&#8217;Avoine, Vitamine E&amp;C, Acide Hyaluronique, Mica, Caf\u00e9ine<\/p>\n","protected":false},"featured_media":2365,"comment_status":"open","ping_status":"closed","template":"","meta":[],"use":[104],"ingredients":[286,318,314,316,311,310,342,308],"product_cat":[73],"product_tag":[],"acf":{"complex_text":"<hr \/><strong> PhytoCellTec \u2122 Malus Domestica:<\/strong> pr\u00e9paration liposomale brevet\u00e9e de cellules souches de pomme d\u00e9riv\u00e9es de la vari\u00e9t\u00e9 \u00abUttwiler Sp\u00e4tlauber\u00bb, une pomme suisse. Ce complexe retarde le processus de vieillissement de la peau.<hr \/><strong>Peptides:<\/strong> stimule la production de collag\u00e8ne et raffermit la peau.<hr \/><strong>Extrait d'Avoine:<\/strong> hydrate.<hr \/><strong>Vitamine E:<\/strong> prot\u00e8ge contre les radicaux libres.<hr \/><strong>Vitamine C:<\/strong> poss\u00e8de des propri\u00e9t\u00e9s antioxydantes et uniformisantes.<hr \/><strong>Acide hyaluronique:<\/strong> prot\u00e8ge la peau de la d\u00e9shydratation. Agit comme une \u00e9ponge, peut garder son propre poids en eau jusqu'\u00e0 1000 fois. A un effet repulpant permettant de diminuer l'aspect des rides et de combler les ridules.<hr \/><strong>Mica:<\/strong> refl\u00e8te la lumi\u00e8re et apporte de la luminosit\u00e9 \u00e0 la peau.<hr \/><strong>Caf\u00e9ine:<\/strong> a un effet raffermissant et drainant.","complex_cover":4401,"complex_background_color":"stc-color"},"_links":{"self":[{"href":"https:\/\/www.mettler1929.ch\/fr\/wp-json\/wp\/v2\/product\/3486"}],"collection":[{"href":"https:\/\/www.mettler1929.ch\/fr\/wp-json\/wp\/v2\/product"}],"about":[{"href":"https:\/\/www.mettler1929.ch\/fr\/wp-json\/wp\/v2\/types\/product"}],"replies":[{"embeddable":true,"href":"https:\/\/www.mettler1929.ch\/fr\/wp-json\/wp\/v2\/comments?post=3486"}],"wp:featuredmedia":[{"embeddable":true,"href":"https:\/\/www.mettler1929.ch\/fr\/wp-json\/wp\/v2\/media\/2365"}],"wp:attachment":[{"href":"https:\/\/www.mettler1929.ch\/fr\/wp-json\/wp\/v2\/media?parent=3486"}],"wp:term":[{"taxonomy":"use","embeddable":true,"href":"https:\/\/www.mettler1929.ch\/fr\/wp-json\/wp\/v2\/use?post=3486"},{"taxonomy":"ingredients","embeddable":true,"href":"https:\/\/www.mettler1929.ch\/fr\/wp-json\/wp\/v2\/ingredients?post=3486"},{"taxonomy":"product_cat","embeddable":true,"href":"https:\/\/www.mettler1929.ch\/fr\/wp-json\/wp\/v2\/product_cat?post=3486"},{"taxonomy":"product_tag","embeddable":true,"href":"https:\/\/www.mettler1929.ch\/fr\/wp-json\/wp\/v2\/product_tag?post=3486"}],"curies":[{"name":"wp","href":"https:\/\/api.w.org\/{rel}","templated":true}]}}