{"id":3485,"date":"2019-06-12T12:28:51","date_gmt":"2019-06-12T12:28:51","guid":{"rendered":"https:\/\/www.mettler1929.ch\/product\/stc-creme-24h-anti-age\/"},"modified":"2024-05-05T17:49:55","modified_gmt":"2024-05-05T17:49:55","slug":"stc-creme-24h-anti-age","status":"publish","type":"product","link":"https:\/\/www.mettler1929.ch\/fr\/produit\/stc-creme-24h-anti-age\/","title":{"rendered":"STC Cr\u00e8me 24h Anti-\u00c2ge"},"content":{"rendered":"","protected":false},"excerpt":{"rendered":"<p>La combinaison prestigieuse d\u2019ingr\u00e9dients suisses avec une technologie de pointe regroup\u00e9e en une cr\u00e8me de soin pour stimuler le renouvellement cellulaire et am\u00e9liorer l\u2019\u00e9lasticit\u00e9 de votre peau. Elle r\u00e9duit efficacement les rides et ridules et adoucit les traits du visage.<\/p>\n<p>Notre meilleure vente chez les pharmacies.<\/p>\n<p>Sa texture biomim\u00e9tique favorise une absorption et une performance efficace des ingr\u00e9dients actifs : pour un effet UNIQUE, IMM\u00c9DIAT et LONGUE DUR\u00c9E.<\/p>\n<p>85% d\u2019ingr\u00e9dients d\u2019origine naturelle<br \/>\n0% parab\u00e8nes \u2013 0% paraffine \u2013 0% \u00e9thanol &#8211; 0% alcool<br \/>\npH neutre<\/p>\n<hr \/>\n<p><strong>TYPE DE PEAU<\/strong><br \/>\nTout type de peau, lutte contre le vieillissement cutan\u00e9<\/p>\n<hr \/>\n<p><strong>CONSEILS D&#8217;UTILISATION<\/strong><br \/>\nSTEP 1: D\u00e9marrez par le STC S\u00e9rum Anti-\u00c2ge<br \/>\nSTEP 2: Appliquez matin et soir la Cr\u00e8me 24h <\/p>\n<hr \/>\n<p><strong>INGR\u00c9DIENTS<\/strong><br \/>\nCellules Souches de Pomme &#8211; Complexe PhytoCellTec \u2122 Malus Domestica, Peptides, Vitamine E&amp;C, Panth\u00e9nol, Saccharide Isom\u00e9rate, Concentr\u00e9 de Fucose<\/p>\n","protected":false},"featured_media":2369,"comment_status":"open","ping_status":"closed","template":"","meta":[],"use":[105],"ingredients":[324,277,294,311,310,342,308],"product_cat":[73],"product_tag":[],"acf":{"complex_text":"<strong> PhytoCellTec \u2122 Malus Domestica:<\/strong> pr\u00e9paration liposomale brevet\u00e9e de cellules souches de pomme d\u00e9riv\u00e9es de la vari\u00e9t\u00e9 \u00abUttwiler Sp\u00e4tlauber\u00bb, une pomme suisse. Ce complexe retarde le processus de vieillissement de la peau.<hr \/><strong>Peptides:<\/strong> stimule la production de collag\u00e8ne et raffermit la peau.<hr \/><strong>Vitamine E:<\/strong> prot\u00e8ge contre les radicaux libres.<hr \/><strong>Vitamine C:<\/strong> poss\u00e8de des propri\u00e9t\u00e9s antioxydantes et uniformisantes.<hr \/><strong> Panth\u00e9nol:<\/strong> r\u00e9g\u00e9n\u00e8re, hydrate et apaise. <hr \/><strong>Saccharide Isom\u00e9rate \u2013 ingr\u00e9dient actif \u00e0 base de bl\u00e9:<\/strong> apaise, am\u00e9liore la r\u00e9tention d'humidit\u00e9 de la peau et hydrate en profondeur.<hr \/><strong>Concentr\u00e9 de Fucose:<\/strong> renforce la barri\u00e8re cutan\u00e9e et aide \u00e0 stimuler la formation des k\u00e9ratinocytes de l'\u00e9piderme.","complex_cover":1982,"complex_background_color":"stc-color"},"_links":{"self":[{"href":"https:\/\/www.mettler1929.ch\/fr\/wp-json\/wp\/v2\/product\/3485"}],"collection":[{"href":"https:\/\/www.mettler1929.ch\/fr\/wp-json\/wp\/v2\/product"}],"about":[{"href":"https:\/\/www.mettler1929.ch\/fr\/wp-json\/wp\/v2\/types\/product"}],"replies":[{"embeddable":true,"href":"https:\/\/www.mettler1929.ch\/fr\/wp-json\/wp\/v2\/comments?post=3485"}],"wp:featuredmedia":[{"embeddable":true,"href":"https:\/\/www.mettler1929.ch\/fr\/wp-json\/wp\/v2\/media\/2369"}],"wp:attachment":[{"href":"https:\/\/www.mettler1929.ch\/fr\/wp-json\/wp\/v2\/media?parent=3485"}],"wp:term":[{"taxonomy":"use","embeddable":true,"href":"https:\/\/www.mettler1929.ch\/fr\/wp-json\/wp\/v2\/use?post=3485"},{"taxonomy":"ingredients","embeddable":true,"href":"https:\/\/www.mettler1929.ch\/fr\/wp-json\/wp\/v2\/ingredients?post=3485"},{"taxonomy":"product_cat","embeddable":true,"href":"https:\/\/www.mettler1929.ch\/fr\/wp-json\/wp\/v2\/product_cat?post=3485"},{"taxonomy":"product_tag","embeddable":true,"href":"https:\/\/www.mettler1929.ch\/fr\/wp-json\/wp\/v2\/product_tag?post=3485"}],"curies":[{"name":"wp","href":"https:\/\/api.w.org\/{rel}","templated":true}]}}