{"id":3484,"date":"2019-06-12T12:28:50","date_gmt":"2019-06-12T12:28:50","guid":{"rendered":"https:\/\/www.mettler1929.ch\/product\/stc-serum-anti-age\/"},"modified":"2026-04-12T11:40:10","modified_gmt":"2026-04-12T11:40:10","slug":"stc-serum-anti-age","status":"publish","type":"product","link":"https:\/\/www.mettler1929.ch\/fr\/produit\/stc-serum-anti-age\/","title":{"rendered":"STC S\u00e9rum Anti-\u00c2ge"},"content":{"rendered":"","protected":false},"excerpt":{"rendered":"<p>S\u00e9rum r\u00e9g\u00e9n\u00e9rant d\u00e9licieusement fondant pour stimuler la r\u00e9g\u00e9n\u00e9ration cellulaire. Agit en profondeur pour r\u00e9duire les rides et ridules et am\u00e9liore la fermet\u00e9.<\/p>\n<p>90% d\u2019ingr\u00e9dients d\u2019origine naturelle<br \/>\n0% parab\u00e8nes \u2013 0% paraffine \u2013 0% alcool<br \/>\npH neutre<\/p>\n<p><strong> R\u00c9SULTATS *<\/strong><br \/>\n-7% des rides en profondeur<br \/>\n-5% de perte d\u2019eau trans-\u00e9pidermique<br \/>\n\u00a0 \u00a0 \u00a0 \u00a0 \u00a0 \u00a0 \u00a0 \u00a0 \u00a0 \u00a0 \u00a0 \u00a0 \u00a0 \u00a0 \u00a0 \u00a0 \u00a0<br \/>\n90% des consommateurs trouvent leur peau plus souple<\/p>\n<p><em>*test clinique de 28 jours sur 20 femmes avec des ridules, \u00e2g\u00e9es de 40-70 ans<\/em><\/p>\n<hr \/>\n<p><strong>TYPE DE PEAU<\/strong><br \/>\nTout type, lutte contre le vieillissement cutan\u00e9<\/p>\n<hr \/>\n<p><strong>CONSEILS D&#8217;UTILISATION<\/strong><br \/>\nSTEP 1: Appliquez matin et soir sur le visage<br \/>\nSTEP 2: Poursuivez vos soins avec la STC Cr\u00e8me 24h<\/p>\n<hr \/>\n<p><strong>INGR\u00c9DIENTS<\/strong><br \/>\nCellules Souches de Pomme &#8211; Complexe PhytoCellTec \u2122 Malus Domestica, Extrait de Fleur de Sureau, Peptides, Extrait d&#8217;Avoine, Vitamine E, Acide Hyaluronique<\/p>\n","protected":false},"featured_media":2371,"comment_status":"open","ping_status":"closed","template":"","meta":[],"use":[105],"ingredients":[286,314,370,311,310,308],"product_cat":[73],"product_tag":[],"acf":{"complex_text":"<strong> PhytoCellTec \u2122 Malus Domestica:<\/strong> pr\u00e9paration liposomale brevet\u00e9e de cellules souches de pomme d\u00e9riv\u00e9es de la vari\u00e9t\u00e9 \u00abUttwiler Sp\u00e4tlauber\u00bb, une pomme suisse. Ce complexe retarde le processus de vieillissement de la peau.<hr \/><strong>Extrait de Fleur de Sureau:<\/strong> antioxydant naturel avec des propri\u00e9t\u00e9s apaisantes et nourrissantes.<hr \/><strong>Peptides:<\/strong> stimule la production de collag\u00e8ne et raffermit la peau.<hr \/><strong>Extrait d'Avoine:<\/strong> apporte de l\u2019hydratation.<hr \/><strong>Vitamine E:<\/strong> prot\u00e8ge contre les radicaux libres.<hr \/><strong>Acide hyaluronique:<\/strong> prot\u00e8ge la peau de la d\u00e9shydratation. Agit comme une \u00e9ponge, peut garder son propre poids en eau jusqu'\u00e0 1000 fois. A un effet repulpant permettant de diminuer l'aspect des rides et combler les ridules.","complex_cover":4514,"complex_background_color":"stc-color"},"_links":{"self":[{"href":"https:\/\/www.mettler1929.ch\/fr\/wp-json\/wp\/v2\/product\/3484"}],"collection":[{"href":"https:\/\/www.mettler1929.ch\/fr\/wp-json\/wp\/v2\/product"}],"about":[{"href":"https:\/\/www.mettler1929.ch\/fr\/wp-json\/wp\/v2\/types\/product"}],"replies":[{"embeddable":true,"href":"https:\/\/www.mettler1929.ch\/fr\/wp-json\/wp\/v2\/comments?post=3484"}],"wp:featuredmedia":[{"embeddable":true,"href":"https:\/\/www.mettler1929.ch\/fr\/wp-json\/wp\/v2\/media\/2371"}],"wp:attachment":[{"href":"https:\/\/www.mettler1929.ch\/fr\/wp-json\/wp\/v2\/media?parent=3484"}],"wp:term":[{"taxonomy":"use","embeddable":true,"href":"https:\/\/www.mettler1929.ch\/fr\/wp-json\/wp\/v2\/use?post=3484"},{"taxonomy":"ingredients","embeddable":true,"href":"https:\/\/www.mettler1929.ch\/fr\/wp-json\/wp\/v2\/ingredients?post=3484"},{"taxonomy":"product_cat","embeddable":true,"href":"https:\/\/www.mettler1929.ch\/fr\/wp-json\/wp\/v2\/product_cat?post=3484"},{"taxonomy":"product_tag","embeddable":true,"href":"https:\/\/www.mettler1929.ch\/fr\/wp-json\/wp\/v2\/product_tag?post=3484"}],"curies":[{"name":"wp","href":"https:\/\/api.w.org\/{rel}","templated":true}]}}