{"id":3483,"date":"2019-06-12T12:28:59","date_gmt":"2019-06-12T12:28:59","guid":{"rendered":"https:\/\/www.mettler1929.ch\/product\/creme-anti-age-nuit\/"},"modified":"2022-09-12T13:12:19","modified_gmt":"2022-09-12T13:12:19","slug":"creme-anti-age-nuit","status":"publish","type":"product","link":"https:\/\/www.mettler1929.ch\/fr\/produit\/creme-anti-age-nuit\/","title":{"rendered":"Cr\u00e8me Anti-\u00c2ge Nuit"},"content":{"rendered":"","protected":false},"excerpt":{"rendered":"<p>Ce soin favorise la production de collag\u00e8ne et la r\u00e9g\u00e9n\u00e9ration cellulaire durant la nuit pour vous offrir un teint radieux au r\u00e9veil. Sa texture riche nourrit en profondeur, am\u00e9liore la fermet\u00e9 de votre peau et lisse l\u2019apparence des rides.<\/p>\n<p>Sa texture biomim\u00e9tique favorise une absorption et une performance efficace des ingr\u00e9dients actifs : pour un effet UNIQUE, IMM\u00c9DIAT et LONGUE DUR\u00c9E.<\/p>\n<p>0% parab\u00e8nes \u2013 0% paraffine \u2013 0% \u00e9thanol \u2013 0% alcool<br \/>\npH neutre<\/p>\n<p><strong>R\u00c9SULTATS*<\/strong><br \/>\n+4% fermet\u00e9 de la peau<br \/>\n-8% profondeur des rides <\/p>\n<p>95% constatent une am\u00e9lioration de la qualit\u00e9 de leur peau.<br \/>\n95% \u00a0trouvent leur peau douce et souple  apr\u00e8s application.<br \/>\n95% affirment que leur peau est prot\u00e9g\u00e9e du d\u00e9ss\u00e8chement.<\/p>\n<p><em>*test clinique de 28 jours sur 20 femmes de 40-70 ans,\u00a0avec des ridules au coin des yeux<\/em><\/p>\n<hr \/>\n<p><strong>TYPE DE PEAU<\/strong><br \/>\nPeau mature \u00e0 tr\u00e8s mature<\/p>\n<hr \/>\n<p><strong>CONSEILS D&#8217;UTILISATION<\/strong><br \/>\nSTEP 1: D\u00e9marrez vos soins avec le S\u00e9rum Anti-\u00c2ge STC<br \/>\nSTEP 2: Appliquer la Cr\u00e8me Anti-\u00c2ge Nuit avant de dormir <\/p>\n<hr \/>\n<p><strong>INGR\u00c9DIENTS<\/strong><br \/>\nExtrait d&#8217;Hibiscus, Acide Hyaluronique, Peptides, Vitamine E, Vitamine C, Extrait d&#8217;Avoine, Squalane Naturel d&#8217;Olivier<\/p>\n","protected":false},"featured_media":2249,"comment_status":"open","ping_status":"closed","template":"","meta":[],"use":[105],"ingredients":[286,314,330,311,348,342,308],"product_cat":[65],"product_tag":[],"acf":{"complex_text":"<hr \/><strong>Extrait d\u2019Hibiscus:<\/strong> riche en vitamine C et en calcium, prot\u00e8ge contre les radicaux libres et vitalise la peau.<hr \/><strong>Acide hyaluronique:<\/strong> prot\u00e8ge la peau de la d\u00e9shydratation. Agit comme une \u00e9ponge, peut garder son propre poids en eau jusqu'\u00e0 1000 fois. A un effet repulpant permettant de diminuer l'aspect des rides et combler les ridules.<hr \/><strong>Peptides:<\/strong> stimule la production de collag\u00e8ne et raffermit la peau.<hr \/><strong>Vitamine E:<\/strong> prot\u00e8ge contre les radicaux libres.<hr \/><strong>Vitamine C:<\/strong> poss\u00e8de des propri\u00e9t\u00e9s antioxydantes et uniformisantes.<hr \/><strong>Extrait d'Avoine:<\/strong> apporte de l\u2019hydratation.<hr \/><strong>Squalane naturel d'Olivier:<\/strong> prot\u00e8ge la peau de la perte d'humidit\u00e9.","complex_cover":1982,"complex_background_color":"antiage-color"},"_links":{"self":[{"href":"https:\/\/www.mettler1929.ch\/fr\/wp-json\/wp\/v2\/product\/3483"}],"collection":[{"href":"https:\/\/www.mettler1929.ch\/fr\/wp-json\/wp\/v2\/product"}],"about":[{"href":"https:\/\/www.mettler1929.ch\/fr\/wp-json\/wp\/v2\/types\/product"}],"replies":[{"embeddable":true,"href":"https:\/\/www.mettler1929.ch\/fr\/wp-json\/wp\/v2\/comments?post=3483"}],"wp:featuredmedia":[{"embeddable":true,"href":"https:\/\/www.mettler1929.ch\/fr\/wp-json\/wp\/v2\/media\/2249"}],"wp:attachment":[{"href":"https:\/\/www.mettler1929.ch\/fr\/wp-json\/wp\/v2\/media?parent=3483"}],"wp:term":[{"taxonomy":"use","embeddable":true,"href":"https:\/\/www.mettler1929.ch\/fr\/wp-json\/wp\/v2\/use?post=3483"},{"taxonomy":"ingredients","embeddable":true,"href":"https:\/\/www.mettler1929.ch\/fr\/wp-json\/wp\/v2\/ingredients?post=3483"},{"taxonomy":"product_cat","embeddable":true,"href":"https:\/\/www.mettler1929.ch\/fr\/wp-json\/wp\/v2\/product_cat?post=3483"},{"taxonomy":"product_tag","embeddable":true,"href":"https:\/\/www.mettler1929.ch\/fr\/wp-json\/wp\/v2\/product_tag?post=3483"}],"curies":[{"name":"wp","href":"https:\/\/api.w.org\/{rel}","templated":true}]}}