{"id":3482,"date":"2019-06-12T12:28:53","date_gmt":"2019-06-12T12:28:53","guid":{"rendered":"https:\/\/www.mettler1929.ch\/product\/shampoing-nutritif-pour-cheveux-secs-et-cuir-chevelu-sensible\/"},"modified":"2024-07-23T19:04:29","modified_gmt":"2024-07-23T19:04:29","slug":"shampoing-nutritif-pour-cheveux-secs-et-cuir-chevelu-sensible","status":"publish","type":"product","link":"https:\/\/www.mettler1929.ch\/fr\/produit\/shampoing-nutritif-pour-cheveux-secs-et-cuir-chevelu-sensible\/","title":{"rendered":"Shampoing Nutritif pour Cheveux Secs et Cuir Chevelu Sensible"},"content":{"rendered":"","protected":false},"excerpt":{"rendered":"<p>Formule riche en nutriments pour apaiser votre cuir chevelu. Vos cheveux retrouvent leur pleine vitalit\u00e9 et leur brillance.<\/p>\n<p>0% SLS \u2013 0% parab\u00e8nes \u2013 0% paraffine \u2013 0% \u00e9thanol<br \/>\npH neutre<\/p>\n<hr \/>\n<p><strong>TYPE DE CHEVEUX<\/strong><br \/>\nSp\u00e9cialement pour cheveux secs, ab\u00eem\u00e9s et cuir chevelu sensible.<\/p>\n<hr \/>\n<p><strong>CONSEILS D&#8217;UTILISATION<\/strong><br \/>\nSTEP 1: Massez d\u00e9licatement votre cuir chevelu<br \/>\nSTEP 2: Utilisez l&#8217;Apr\u00e8s-Shampoing r\u00e9parateur<br \/>\nSTEP 3: Appliquez le Masque pour cuir chevelu sensible <\/p>\n<hr \/>\n<p><strong>INGR\u00c9DIENTS<\/strong><br \/>\nExtrait de Mimosa, Panth\u00e9nol, Prot\u00e9ine V\u00e9g\u00e9tale, Huile d&#8217;Amande<\/p>\n","protected":false},"featured_media":8387,"comment_status":"open","ping_status":"closed","template":"","meta":[],"use":[116],"ingredients":[334,269,294,283],"product_cat":[74],"product_tag":[],"acf":{"complex_text":"<hr \/><strong>Extrait de Mimosa:<\/strong> apaise la peau et am\u00e9liore son syst\u00e8me protecteur.<hr \/><strong> Panth\u00e9nol:<\/strong> r\u00e9g\u00e9n\u00e8re, hydrate et apaise.<hr \/><strong>Prot\u00e9ine V\u00e9g\u00e9tale:<\/strong> r\u00e9g\u00e9n\u00e8re, pr\u00e9vient les pointes fourchues, renforce la fibre capillaire. <hr \/><strong>Huile d'Amande:<\/strong> douce et apaisante, elle nourrit intens\u00e9ment. Gr\u00e2ce \u00e0 ses propri\u00e9t\u00e9s \u00e9mollientes, elle relipidifie la peau et aide \u00e0 pr\u00e9venir sa perte en eau.","complex_cover":6253,"complex_background_color":"sensitive-color"},"_links":{"self":[{"href":"https:\/\/www.mettler1929.ch\/fr\/wp-json\/wp\/v2\/product\/3482"}],"collection":[{"href":"https:\/\/www.mettler1929.ch\/fr\/wp-json\/wp\/v2\/product"}],"about":[{"href":"https:\/\/www.mettler1929.ch\/fr\/wp-json\/wp\/v2\/types\/product"}],"replies":[{"embeddable":true,"href":"https:\/\/www.mettler1929.ch\/fr\/wp-json\/wp\/v2\/comments?post=3482"}],"wp:featuredmedia":[{"embeddable":true,"href":"https:\/\/www.mettler1929.ch\/fr\/wp-json\/wp\/v2\/media\/8387"}],"wp:attachment":[{"href":"https:\/\/www.mettler1929.ch\/fr\/wp-json\/wp\/v2\/media?parent=3482"}],"wp:term":[{"taxonomy":"use","embeddable":true,"href":"https:\/\/www.mettler1929.ch\/fr\/wp-json\/wp\/v2\/use?post=3482"},{"taxonomy":"ingredients","embeddable":true,"href":"https:\/\/www.mettler1929.ch\/fr\/wp-json\/wp\/v2\/ingredients?post=3482"},{"taxonomy":"product_cat","embeddable":true,"href":"https:\/\/www.mettler1929.ch\/fr\/wp-json\/wp\/v2\/product_cat?post=3482"},{"taxonomy":"product_tag","embeddable":true,"href":"https:\/\/www.mettler1929.ch\/fr\/wp-json\/wp\/v2\/product_tag?post=3482"}],"curies":[{"name":"wp","href":"https:\/\/api.w.org\/{rel}","templated":true}]}}