{"id":3480,"date":"2019-06-12T12:28:52","date_gmt":"2019-06-12T12:28:52","guid":{"rendered":"https:\/\/www.mettler1929.ch\/product\/masque-protecteur-apaisant-pour-cuir-chevelu-sensible\/"},"modified":"2025-04-10T00:45:46","modified_gmt":"2025-04-10T00:45:46","slug":"masque-protecteur-apaisant-pour-cuir-chevelu-sensible","status":"publish","type":"product","link":"https:\/\/www.mettler1929.ch\/fr\/produit\/masque-protecteur-apaisant-pour-cuir-chevelu-sensible\/","title":{"rendered":"Masque Protecteur &amp; Apaisant pour Cuir Chevelu Sensible"},"content":{"rendered":"","protected":false},"excerpt":{"rendered":"<p>Sp\u00e9cialemment formul\u00e9 pour prendre soin des cuirs chevelus sensibles. Ce masque hydratant apaise vos cheveux tout en leur redonnant leur plein \u00e9clat.<\/p>\n<p>88% d\u2019ingr\u00e9dients d\u2019origine naturelle<br \/>\n0% parab\u00e8nes \u2013 0% paraffine \u2013 0% \u00e9thanol<br \/>\npH neutre<\/p>\n<hr \/>\n<p><strong>TYPE DE CHEVEUX<\/strong><br \/>\nSp\u00e9cialement recommand\u00e9 pour cheveux secs et\/ou ab\u00eem\u00e9s.<\/p>\n<hr \/>\n<p><strong>CONSEILS D&#8217;UTILISATION<\/strong><br \/>\nSTEP 1: Utilisez le Shampoing Nutritif pour cheveux secs \u00a0<br \/>\nSTEP 2: Appliquez le masque 1-2 fois par semaine pendant 3-5 minutes<br \/>\n\u00a0 \u00a0 \u00a0 \u00a0 \u00a0 \u00a0 \u00a0 \u00a0 \u00a0\u00a0<\/p>\n<hr \/>\n<p><strong>INGR\u00c9DIENTS<\/strong><br \/>\nExtrait de Mimosa, Panth\u00e9nol, Prot\u00e9ine V\u00e9g\u00e9tale, Vitamine E, Huile d&#8217;Avocat, Solution d&#8217;Oligo-\u00e9l\u00e9ments &#8211; cuivre, zinc, magn\u00e9sium<\/p>\n","protected":false},"featured_media":2357,"comment_status":"open","ping_status":"closed","template":"","meta":[],"use":[116],"ingredients":[334,306,294,283,285,308],"product_cat":[74],"product_tag":[],"acf":{"complex_text":"<hr \/><strong>Extrait de Mimosa:<\/strong> apaise la peau et am\u00e9liore son syst\u00e8me protecteur.<hr \/><strong> Panth\u00e9nol:<\/strong> r\u00e9g\u00e9n\u00e8re, hydrate et apaise.<hr \/><strong>Prot\u00e9ine V\u00e9g\u00e9tale:<\/strong> r\u00e9g\u00e9n\u00e8re, pr\u00e9vient les pointes fourchues, renforce la fibre capillaire. <hr \/><strong>Vitamine E:<\/strong> prot\u00e8ge contre les radicaux libres. A des vertus apaisantes. Gr\u00e2ce \u00e0 ses propri\u00e9t\u00e9s antioxydantes, aide la peau \u00e0 se prot\u00e9ger de la pollution et des autres facteurs de stress ext\u00e9rieurs.<hr \/><strong>Huile d'Avocat:<\/strong> hydrate et nourrit les cheveux en les laissant soyeux et lisses.<hr \/><strong>Solution d'oligo-\u00e9l\u00e9ments - cuivre, zinc, magn\u00e9sium:<\/strong> revitalise les cheveux.","complex_cover":4461,"complex_background_color":"sensitive-color"},"_links":{"self":[{"href":"https:\/\/www.mettler1929.ch\/fr\/wp-json\/wp\/v2\/product\/3480"}],"collection":[{"href":"https:\/\/www.mettler1929.ch\/fr\/wp-json\/wp\/v2\/product"}],"about":[{"href":"https:\/\/www.mettler1929.ch\/fr\/wp-json\/wp\/v2\/types\/product"}],"replies":[{"embeddable":true,"href":"https:\/\/www.mettler1929.ch\/fr\/wp-json\/wp\/v2\/comments?post=3480"}],"wp:featuredmedia":[{"embeddable":true,"href":"https:\/\/www.mettler1929.ch\/fr\/wp-json\/wp\/v2\/media\/2357"}],"wp:attachment":[{"href":"https:\/\/www.mettler1929.ch\/fr\/wp-json\/wp\/v2\/media?parent=3480"}],"wp:term":[{"taxonomy":"use","embeddable":true,"href":"https:\/\/www.mettler1929.ch\/fr\/wp-json\/wp\/v2\/use?post=3480"},{"taxonomy":"ingredients","embeddable":true,"href":"https:\/\/www.mettler1929.ch\/fr\/wp-json\/wp\/v2\/ingredients?post=3480"},{"taxonomy":"product_cat","embeddable":true,"href":"https:\/\/www.mettler1929.ch\/fr\/wp-json\/wp\/v2\/product_cat?post=3480"},{"taxonomy":"product_tag","embeddable":true,"href":"https:\/\/www.mettler1929.ch\/fr\/wp-json\/wp\/v2\/product_tag?post=3480"}],"curies":[{"name":"wp","href":"https:\/\/api.w.org\/{rel}","templated":true}]}}