{"id":3479,"date":"2019-06-12T12:28:57","date_gmt":"2019-06-12T12:28:57","guid":{"rendered":"https:\/\/www.mettler1929.ch\/product\/lotion-corps-douceur-intense\/"},"modified":"2024-05-05T17:49:00","modified_gmt":"2024-05-05T17:49:00","slug":"lotion-corps-douceur-intense","status":"publish","type":"product","link":"https:\/\/www.mettler1929.ch\/fr\/produit\/lotion-corps-douceur-intense\/","title":{"rendered":"Lotion Corps Douceur Intense"},"content":{"rendered":"","protected":false},"excerpt":{"rendered":"<p>La pr\u00e9cieuse lotion qui hydrate en laissant un touch\u00e9 de velours. Votre peau retrouve tout son confort et son \u00e9lasticit\u00e9.<\/p>\n<p>Sa texture biomim\u00e9tique favorise une absorption et une performance efficace des ingr\u00e9dients actifs : pour un effet UNIQUE, IMM\u00c9DIAT et LONGUE DUR\u00c9E.<\/p>\n<p>Notre soin du corps le plus vendu chez les pharmacies*<\/p>\n<p>90% d\u2019ingr\u00e9dients d\u2019origine naturelle<br \/>\n0% parab\u00e8nes \u2013 0% paraffine \u2013 0% \u00e9thanol\u00a0<br \/>\npH neutre<\/p>\n<p><em>*bas\u00e9 sur les ventes de 2021<\/em><\/p>\n<hr \/>\n<p><strong>TYPE DE PEAU<\/strong><br \/>\nTout type de peau, sp\u00e9cialement \u00a0pour peau sensible<\/p>\n<hr \/>\n<p><strong>CONSEILS D&#8217;UTILISATION<\/strong><br \/>\nAppliquez id\u00e9alement apr\u00e8s la douche pour une peau lisse, hydrat\u00e9e et soyeuse.<\/p>\n<hr \/>\n<p><strong>INGR\u00c9DIENTS<\/strong><br \/>\nExtrait de Mimosa, Allanto\u00efne, Microalgues vertes, Saccharide Isom\u00e9rate, Panth\u00e9nol, Vitamine C, Concentr\u00e9 de Fucose<\/p>\n","protected":false},"featured_media":2351,"comment_status":"open","ping_status":"closed","template":"","meta":[],"use":[109],"ingredients":[267,277,334,352,294,340,342],"product_cat":[74],"product_tag":[],"acf":{"complex_text":"<hr \/><strong>Extrait de Mimosa:<\/strong> apaise la peau et am\u00e9liore son syst\u00e8me protecteur.<hr \/><strong>Allanto\u00efne:<\/strong> a des propri\u00e9t\u00e9s calmantes et r\u00e9paratrices.<hr \/><strong>Microalgues Vertes:<\/strong> aident \u00e0 calmer les rougeurs.<hr \/><strong> Panth\u00e9nol:<\/strong> r\u00e9g\u00e9n\u00e8re, hydrate et apaise<hr \/><strong>Vitamine C:<\/strong> poss\u00e8de des propri\u00e9t\u00e9s antioxydantes et uniformisantes.<hr \/><strong>Concentr\u00e9 de Fucose:<\/strong> renforce la barri\u00e8re cutan\u00e9e et aide \u00e0 stimuler la formation des k\u00e9ratinocytes de l'\u00e9piderme.","complex_cover":4457,"complex_background_color":"sensitive-color"},"_links":{"self":[{"href":"https:\/\/www.mettler1929.ch\/fr\/wp-json\/wp\/v2\/product\/3479"}],"collection":[{"href":"https:\/\/www.mettler1929.ch\/fr\/wp-json\/wp\/v2\/product"}],"about":[{"href":"https:\/\/www.mettler1929.ch\/fr\/wp-json\/wp\/v2\/types\/product"}],"replies":[{"embeddable":true,"href":"https:\/\/www.mettler1929.ch\/fr\/wp-json\/wp\/v2\/comments?post=3479"}],"wp:featuredmedia":[{"embeddable":true,"href":"https:\/\/www.mettler1929.ch\/fr\/wp-json\/wp\/v2\/media\/2351"}],"wp:attachment":[{"href":"https:\/\/www.mettler1929.ch\/fr\/wp-json\/wp\/v2\/media?parent=3479"}],"wp:term":[{"taxonomy":"use","embeddable":true,"href":"https:\/\/www.mettler1929.ch\/fr\/wp-json\/wp\/v2\/use?post=3479"},{"taxonomy":"ingredients","embeddable":true,"href":"https:\/\/www.mettler1929.ch\/fr\/wp-json\/wp\/v2\/ingredients?post=3479"},{"taxonomy":"product_cat","embeddable":true,"href":"https:\/\/www.mettler1929.ch\/fr\/wp-json\/wp\/v2\/product_cat?post=3479"},{"taxonomy":"product_tag","embeddable":true,"href":"https:\/\/www.mettler1929.ch\/fr\/wp-json\/wp\/v2\/product_tag?post=3479"}],"curies":[{"name":"wp","href":"https:\/\/api.w.org\/{rel}","templated":true}]}}