{"id":3478,"date":"2019-06-12T12:28:50","date_gmt":"2019-06-12T12:28:50","guid":{"rendered":"https:\/\/www.mettler1929.ch\/product\/creme-nourrissante-douce-24h\/"},"modified":"2023-11-20T10:51:40","modified_gmt":"2023-11-20T10:51:40","slug":"creme-nourrissante-douce-24h","status":"publish","type":"product","link":"https:\/\/www.mettler1929.ch\/fr\/produit\/creme-nourrissante-douce-24h\/","title":{"rendered":"Cr\u00e8me Nourrissante Douce 24h"},"content":{"rendered":"","protected":false},"excerpt":{"rendered":"<p>Enrichie en actifs naturels apaisants, la cr\u00e8me offre aux peaux sensibles un confort et une douceur intense. Elle r\u00e9g\u00e9n\u00e8re et prot\u00e8ge votre barri\u00e8re cutan\u00e9e.<\/p>\n<p>Sa texture biomim\u00e9tique favorise une absorption et une performance efficace des ingr\u00e9dients actifs : pour un effet UNIQUE, IMM\u00c9DIAT et LONGUE DUR\u00c9E<\/p>\n<p>85% d\u2019ingr\u00e9dients d\u2019origine naturelle<br \/>\n0% parab\u00e8nes \u2013 0% paraffine \u2013 0% \u00e9thanol\u00a0<br \/>\npH neutre<\/p>\n<p><strong>R\u00e9sultats<\/strong>*<br \/>\n+11% d&#8217;hydratation cutan\u00e9e apr\u00e8s 24 heures<br \/>\n-10% de perte d&#8217;eau\u00a0trans\u00e9pidermique apr\u00e8s 24 heures<\/p>\n<p>95% affirment que leur peau semble apais\u00e9e.<br \/>\n100% trouvent leur peau douce et souple apr\u00e8s application.<\/p>\n<p><em>*test clinique sur 20 femmes pendant 28 jours<\/em><\/p>\n<hr \/>\n<p><strong>TYPE DE PEAU<\/strong><br \/>\nPeau sensible<\/p>\n<hr \/>\n<p><strong>CONSEILS D&#8217;UTILISATION<\/strong><br \/>\nSTEP 1: Utilisez le S\u00e9rum Douceur Extr\u00eame<br \/>\nSTEP 2: Appliquez la Cr\u00e8me matin et soir sur le visage<\/p>\n<hr \/>\n<p><strong>INGR\u00c9DIENTS<\/strong><br \/>\nExtrait de Mimosa, Allanto\u00efne, Microalgues vertes, Saccharide Isom\u00e9rate, Panth\u00e9nol, Vitamine E, Vitamine C, Concentr\u00e9 de Fucose<\/p>\n","protected":false},"featured_media":2361,"comment_status":"open","ping_status":"closed","template":"","meta":[],"use":[105],"ingredients":[267,277,334,352,294,340,342,308],"product_cat":[74],"product_tag":[],"acf":{"complex_text":"<hr \/><strong>Extrait de Mimosa:<\/strong> apaise la peau et am\u00e9liore son syst\u00e8me protecteur.<hr \/><strong>Allanto\u00efne:<\/strong> a des propri\u00e9t\u00e9s calmantes et r\u00e9paratrices.<hr \/><strong>Microalgues Vertes:<\/strong> aident \u00e0 calmer les rougeurs.<hr \/><strong>Saccharide Isom\u00e9rate \u2013 ingr\u00e9dient actif \u00e0 base de bl\u00e9:<\/strong> apaise, am\u00e9liore la r\u00e9tention d'humidit\u00e9 de la peau et hydrate en profondeur.<hr \/><strong> Panth\u00e9nol:<\/strong> r\u00e9g\u00e9n\u00e8re, hydrate et apaise.<hr \/><strong>Vitamine E:<\/strong> prot\u00e8ge contre les radicaux libres. A des vertus apaisantes. Gr\u00e2ce \u00e0 ses propri\u00e9t\u00e9s antioxydantes, aide la peau \u00e0 se prot\u00e9ger de la pollution et des autres facteurs de stress ext\u00e9rieurs.<hr \/><strong>Vitamine C:<\/strong> poss\u00e8de des propri\u00e9t\u00e9s antioxydantes et uniformisantes.<hr \/><strong>Concentr\u00e9 de Fucose:<\/strong> renforce la barri\u00e8re cutan\u00e9e et aide \u00e0 stimuler la formation des k\u00e9ratinocytes de l'\u00e9piderme.","complex_cover":4397,"complex_background_color":"sensitive-color"},"_links":{"self":[{"href":"https:\/\/www.mettler1929.ch\/fr\/wp-json\/wp\/v2\/product\/3478"}],"collection":[{"href":"https:\/\/www.mettler1929.ch\/fr\/wp-json\/wp\/v2\/product"}],"about":[{"href":"https:\/\/www.mettler1929.ch\/fr\/wp-json\/wp\/v2\/types\/product"}],"replies":[{"embeddable":true,"href":"https:\/\/www.mettler1929.ch\/fr\/wp-json\/wp\/v2\/comments?post=3478"}],"wp:featuredmedia":[{"embeddable":true,"href":"https:\/\/www.mettler1929.ch\/fr\/wp-json\/wp\/v2\/media\/2361"}],"wp:attachment":[{"href":"https:\/\/www.mettler1929.ch\/fr\/wp-json\/wp\/v2\/media?parent=3478"}],"wp:term":[{"taxonomy":"use","embeddable":true,"href":"https:\/\/www.mettler1929.ch\/fr\/wp-json\/wp\/v2\/use?post=3478"},{"taxonomy":"ingredients","embeddable":true,"href":"https:\/\/www.mettler1929.ch\/fr\/wp-json\/wp\/v2\/ingredients?post=3478"},{"taxonomy":"product_cat","embeddable":true,"href":"https:\/\/www.mettler1929.ch\/fr\/wp-json\/wp\/v2\/product_cat?post=3478"},{"taxonomy":"product_tag","embeddable":true,"href":"https:\/\/www.mettler1929.ch\/fr\/wp-json\/wp\/v2\/product_tag?post=3478"}],"curies":[{"name":"wp","href":"https:\/\/api.w.org\/{rel}","templated":true}]}}