{"id":3477,"date":"2019-06-12T12:28:58","date_gmt":"2019-06-12T12:28:58","guid":{"rendered":"https:\/\/www.mettler1929.ch\/product\/elixir-illuminateur-de-teint\/"},"modified":"2022-07-04T14:26:59","modified_gmt":"2022-07-04T14:26:59","slug":"elixir-illuminateur-de-teint","status":"publish","type":"product","link":"https:\/\/www.mettler1929.ch\/fr\/produit\/elixir-illuminateur-de-teint\/","title":{"rendered":"\u00c9lixir Illuminateur de Teint"},"content":{"rendered":"","protected":false},"excerpt":{"rendered":"<p>L&#8217;elixir miracle qui prot\u00e8ge la peau de la d\u00e9shydratation, att\u00e9nue les t\u00e2ches de pigmentation tout en limitant leur apparition.<\/p>\n<p>88% d\u2019ingr\u00e9dients d\u2019origine naturelle<br \/>\n0% parab\u00e8nes \u2013 0% paraffine pH neutre<\/p>\n<hr \/>\n<p><strong>TYPE DE PEAU<\/strong><br \/>\nPeau terne, fatigu\u00e9e, avec des t\u00e2ches de pigmentation<\/p>\n<hr \/>\n<p><strong>CONSEILS D&#8217;UTILISATION<\/strong><br \/>\nAppliquez matin et soir sur le visage. Votre alli\u00e9 pour r\u00e9duire efficacement les t\u00e2ches sur les mains et les d\u00e9s\u00e9quilibres de pigmentation dues \u00e0 l&#8217;\u00e2ge.<\/p>\n<hr \/>\n<p><strong>INGR\u00c9DIENTS<\/strong><br \/>\nM\u00e9lange de 7 herbes des alpes &#8211; primev\u00e8re, millefeuille, mauve, m\u00e9lisse, menthe poivr\u00e9e, alch\u00e9mille, v\u00e9ronique -, Marguerite, Acide Hyaluronique, Extrait de Bourgeon de H\u00eatre, Extrait de R\u00e9glisse<\/p>\n","protected":false},"featured_media":2311,"comment_status":"open","ping_status":"closed","template":"","meta":[],"use":[105],"ingredients":[286,320,364,358,356],"product_cat":[70],"product_tag":[],"acf":{"complex_text":"<hr \/><strong>M\u00e9lange de 7 herbes des Alpes - Primev\u00e8re, Millefeuille, Mauve, M\u00e9lisse, Menthe Poivr\u00e9e, Alch\u00e9mille et V\u00e9ronique:<\/strong> unifie le teint et laisse la peau \u00e9clatante et lumineuse.<hr \/><strong>Marguerite:<\/strong> aide \u00e0 r\u00e9duire les probl\u00e8mes d\u2019hyperpigmentation localis\u00e9s li\u00e9s \u00e0 l\u2019\u00e2ge et \u00e0 r\u00e9guler la production de m\u00e9lanine. Eclaircit les taches cutan\u00e9es.<hr \/><strong>Acide Hyaluronique:<\/strong> prot\u00e8ge contre la d\u00e9shydratation, nourrit et r\u00e9g\u00e9n\u00e8re la peau agissant telle une \u00e9ponge capable de retenir jusqu'\u00e0 1000 fois son propre poids en eau.<hr \/><strong>Extrait de Bourgeon de H\u00eatre:<\/strong> augmente l'absorption d'oxyg\u00e8ne de la peau et hydrate.<hr \/><strong>Extrait de r\u00e9glisse:<\/strong> a un effet calmant et aide \u00e0 r\u00e9duire l'hyperpigmentation des taches.","complex_cover":4417,"complex_background_color":"lightening-color"},"_links":{"self":[{"href":"https:\/\/www.mettler1929.ch\/fr\/wp-json\/wp\/v2\/product\/3477"}],"collection":[{"href":"https:\/\/www.mettler1929.ch\/fr\/wp-json\/wp\/v2\/product"}],"about":[{"href":"https:\/\/www.mettler1929.ch\/fr\/wp-json\/wp\/v2\/types\/product"}],"replies":[{"embeddable":true,"href":"https:\/\/www.mettler1929.ch\/fr\/wp-json\/wp\/v2\/comments?post=3477"}],"wp:featuredmedia":[{"embeddable":true,"href":"https:\/\/www.mettler1929.ch\/fr\/wp-json\/wp\/v2\/media\/2311"}],"wp:attachment":[{"href":"https:\/\/www.mettler1929.ch\/fr\/wp-json\/wp\/v2\/media?parent=3477"}],"wp:term":[{"taxonomy":"use","embeddable":true,"href":"https:\/\/www.mettler1929.ch\/fr\/wp-json\/wp\/v2\/use?post=3477"},{"taxonomy":"ingredients","embeddable":true,"href":"https:\/\/www.mettler1929.ch\/fr\/wp-json\/wp\/v2\/ingredients?post=3477"},{"taxonomy":"product_cat","embeddable":true,"href":"https:\/\/www.mettler1929.ch\/fr\/wp-json\/wp\/v2\/product_cat?post=3477"},{"taxonomy":"product_tag","embeddable":true,"href":"https:\/\/www.mettler1929.ch\/fr\/wp-json\/wp\/v2\/product_tag?post=3477"}],"curies":[{"name":"wp","href":"https:\/\/api.w.org\/{rel}","templated":true}]}}