{"id":3476,"date":"2019-06-12T12:28:51","date_gmt":"2019-06-12T12:28:51","guid":{"rendered":"https:\/\/www.mettler1929.ch\/product\/serum-perfection-lumiere\/"},"modified":"2022-07-04T14:28:25","modified_gmt":"2022-07-04T14:28:25","slug":"serum-perfection-lumiere","status":"publish","type":"product","link":"https:\/\/www.mettler1929.ch\/fr\/produit\/serum-perfection-lumiere\/","title":{"rendered":"S\u00e9rum Perfection Lumi\u00e8re"},"content":{"rendered":"","protected":false},"excerpt":{"rendered":"<p>S\u00e9rum r\u00e9g\u00e9n\u00e9rant d\u00e9licieusement fondant qui \u00e9quilibre et unifie votre teint pour vous offrir une peau lisse et \u00e9clatante.<\/p>\n<p>Sa texture biomim\u00e9tique (cristaux liquides) favorise une absorption et une performance efficace des ingr\u00e9dients actifs : pour un effet UNIQUE, IMM\u00c9DIAT et LONGUE DUR\u00c9E.<\/p>\n<p>90% d\u2019ingr\u00e9dients d\u2019origine naturelle<br \/>\n0% parab\u00e8nes \u2013 0% paraffine<br \/>\npH neutre<\/p>\n<hr \/>\n<p><strong>TYPE DE PEAU<\/strong><br \/>\nPeau terne, fatigu\u00e9e, avec des t\u00e2ches de pigmentation dues \u00e0 l&#8217;\u00e2ge<\/p>\n<hr \/>\n<p><strong>CONSEILS D&#8217;UTILISATION<\/strong><br \/>\nSTEP 1: Appliquez le S\u00e9rum matin et soir<br \/>\nSTEP 2: Poursuivez vos soins avec la Cr\u00e8me Lumi\u00e8re 24h.<\/p>\n<p>Id\u00e9al comme base avant maquillage.<\/p>\n<hr \/>\n<p><strong>INGR\u00c9DIENTS<\/strong><br \/>\nM\u00e9lange de 7 herbes des Alpes &#8211; primev\u00e8re, millefeuille, mauve, m\u00e9lisse, menthe poivr\u00e9e, alch\u00e9mille, v\u00e9ronique -, Marguerite, Vitamine C, Vitamine E, Mica, Extrait de r\u00e9glisse<\/p>\n","protected":false},"featured_media":2313,"comment_status":"open","ping_status":"closed","template":"","meta":[],"use":[105],"ingredients":[320,358,356,316,342,308],"product_cat":[70],"product_tag":[],"acf":{"complex_text":"<hr \/><strong>M\u00e9lange de 7 herbes des Alpes - Primev\u00e8re, Millefeuille, Mauve, M\u00e9lisse, Menthe Poivr\u00e9e, Alch\u00e9mille et V\u00e9ronique:<\/strong> unifie le teint et laisse la peau \u00e9clatante et lumineuse.<hr \/><strong>Marguerite:<\/strong> aide \u00e0 r\u00e9duire les probl\u00e8mes d\u2019hyperpigmentation localis\u00e9s li\u00e9s \u00e0 l\u2019\u00e2ge et \u00e0 r\u00e9guler la production de m\u00e9lanine. Eclaircit les taches cutan\u00e9es.<hr \/><strong>Vitamine C:<\/strong> poss\u00e8de des propri\u00e9t\u00e9s antioxydantes et uniformisantes.<hr \/><strong>Vitamine E:<\/strong> prot\u00e8ge contre les radicaux libres.<hr \/><strong> Mica:<\/strong> refl\u00e8te la lumi\u00e8re et apporte de la luminosit\u00e9 \u00e0 la peau.<hr \/><strong>Extrait de r\u00e9glisse:<\/strong> a un effet calmant et aide \u00e0 r\u00e9duire l'hyperpigmentation des taches.","complex_cover":4514,"complex_background_color":"lightening-color"},"_links":{"self":[{"href":"https:\/\/www.mettler1929.ch\/fr\/wp-json\/wp\/v2\/product\/3476"}],"collection":[{"href":"https:\/\/www.mettler1929.ch\/fr\/wp-json\/wp\/v2\/product"}],"about":[{"href":"https:\/\/www.mettler1929.ch\/fr\/wp-json\/wp\/v2\/types\/product"}],"replies":[{"embeddable":true,"href":"https:\/\/www.mettler1929.ch\/fr\/wp-json\/wp\/v2\/comments?post=3476"}],"wp:featuredmedia":[{"embeddable":true,"href":"https:\/\/www.mettler1929.ch\/fr\/wp-json\/wp\/v2\/media\/2313"}],"wp:attachment":[{"href":"https:\/\/www.mettler1929.ch\/fr\/wp-json\/wp\/v2\/media?parent=3476"}],"wp:term":[{"taxonomy":"use","embeddable":true,"href":"https:\/\/www.mettler1929.ch\/fr\/wp-json\/wp\/v2\/use?post=3476"},{"taxonomy":"ingredients","embeddable":true,"href":"https:\/\/www.mettler1929.ch\/fr\/wp-json\/wp\/v2\/ingredients?post=3476"},{"taxonomy":"product_cat","embeddable":true,"href":"https:\/\/www.mettler1929.ch\/fr\/wp-json\/wp\/v2\/product_cat?post=3476"},{"taxonomy":"product_tag","embeddable":true,"href":"https:\/\/www.mettler1929.ch\/fr\/wp-json\/wp\/v2\/product_tag?post=3476"}],"curies":[{"name":"wp","href":"https:\/\/api.w.org\/{rel}","templated":true}]}}