{"id":3475,"date":"2019-06-12T12:28:50","date_gmt":"2019-06-12T12:28:50","guid":{"rendered":"https:\/\/www.mettler1929.ch\/product\/detox-shampoing-anti-pelliculaire\/"},"modified":"2022-09-12T11:30:23","modified_gmt":"2022-09-12T11:30:23","slug":"detox-shampoing-anti-pelliculaire","status":"publish","type":"product","link":"https:\/\/www.mettler1929.ch\/fr\/produit\/detox-shampoing-anti-pelliculaire\/","title":{"rendered":"Detox Shampoing Anti-Pelliculaire"},"content":{"rendered":"","protected":false},"excerpt":{"rendered":"<p>Sp\u00e9cialement formul\u00e9 pour \u00e9liminer efficacement les pellicules s\u00e8ches et grasses. Votre cuir chevelu est purifi\u00e9, il retrouve son confort d\u00e8s la premi\u00e8re utilisation <\/p>\n<p>0% parab\u00e8nes \u2013 0% paraffine \u2013 0% \u00e9thanol<br \/>\npH neutre<\/p>\n<hr \/>\n<p><strong>TYPE DE CHEVEUX<\/strong><br \/>\nCheveux avec pellicules<\/p>\n<hr \/>\n<p><strong>CONSEILS D&#8217;UTILISATION<\/strong><br \/>\nLaissez agir 3 \u00e0 4 minutes<br \/>\nRincez d\u00e9licatement en \u00e9vitant le contact avec les yeux <\/p>\n<hr \/>\n<p><strong>INGR\u00c9DIENTS<\/strong><br \/>\nExtrait d&#8217;Hamamelis, Prot\u00e9ine V\u00e9g\u00e9tale, Complexe Actif Anti-Pelliculaire, Solution d&#8217;Oligo-\u00e9l\u00e9ments &#8211; cuivre, zinc, magn\u00e9sium<\/p>\n","protected":false},"featured_media":2279,"comment_status":"open","ping_status":"closed","template":"","meta":[],"use":[116],"ingredients":[279,281,283,285],"product_cat":[68],"product_tag":[],"acf":{"complex_text":"<strong>Extrait d'Hamam\u00e9lis:<\/strong> a un effet purifiant, tonifiant et astringent tout en \u00e9tant tr\u00e8s doux. Resserre les pores de la peau.<hr \/><strong>Prot\u00e9ine V\u00e9g\u00e9tale:<\/strong> r\u00e9g\u00e9n\u00e8re, pr\u00e9vient les pointes fourchues, renforce la fibre capillaire.<hr \/><strong>Complexe Actif Anti-Pelliculaire:<\/strong> combat efficacement et durablement les pellicules.<hr \/><strong>Solution d'Oligo-\u00e9l\u00e9ments - cuivre, zinc, magn\u00e9sium:<\/strong> revitalise les cheveux.","complex_cover":4514,"complex_background_color":"detox-color"},"_links":{"self":[{"href":"https:\/\/www.mettler1929.ch\/fr\/wp-json\/wp\/v2\/product\/3475"}],"collection":[{"href":"https:\/\/www.mettler1929.ch\/fr\/wp-json\/wp\/v2\/product"}],"about":[{"href":"https:\/\/www.mettler1929.ch\/fr\/wp-json\/wp\/v2\/types\/product"}],"replies":[{"embeddable":true,"href":"https:\/\/www.mettler1929.ch\/fr\/wp-json\/wp\/v2\/comments?post=3475"}],"wp:featuredmedia":[{"embeddable":true,"href":"https:\/\/www.mettler1929.ch\/fr\/wp-json\/wp\/v2\/media\/2279"}],"wp:attachment":[{"href":"https:\/\/www.mettler1929.ch\/fr\/wp-json\/wp\/v2\/media?parent=3475"}],"wp:term":[{"taxonomy":"use","embeddable":true,"href":"https:\/\/www.mettler1929.ch\/fr\/wp-json\/wp\/v2\/use?post=3475"},{"taxonomy":"ingredients","embeddable":true,"href":"https:\/\/www.mettler1929.ch\/fr\/wp-json\/wp\/v2\/ingredients?post=3475"},{"taxonomy":"product_cat","embeddable":true,"href":"https:\/\/www.mettler1929.ch\/fr\/wp-json\/wp\/v2\/product_cat?post=3475"},{"taxonomy":"product_tag","embeddable":true,"href":"https:\/\/www.mettler1929.ch\/fr\/wp-json\/wp\/v2\/product_tag?post=3475"}],"curies":[{"name":"wp","href":"https:\/\/api.w.org\/{rel}","templated":true}]}}