{"id":3474,"date":"2019-06-12T12:28:59","date_gmt":"2019-06-12T12:28:59","guid":{"rendered":"https:\/\/www.mettler1929.ch\/product\/detox-shampoing-purifiant-cheveux-gras\/"},"modified":"2023-04-13T10:09:23","modified_gmt":"2023-04-13T10:09:23","slug":"detox-shampoing-purifiant-cheveux-gras","status":"publish","type":"product","link":"https:\/\/www.mettler1929.ch\/fr\/produit\/detox-shampoing-purifiant-cheveux-gras\/","title":{"rendered":"Detox Shampoing Purifiant  Cheveux Gras"},"content":{"rendered":"","protected":false},"excerpt":{"rendered":"<p>Ce shampoing \u00e0 la texture innovante, enrichi en argile verte purifiante, r\u00e9gule la production de s\u00e9bum tout en apportant du volume \u00e0 vos cheveux.<\/p>\n<p>0% parab\u00e8nes \u2013 0% paraffine \u2013 0% alcohol d\u00e9natur\u00e9<\/p>\n<hr \/>\n<p><strong>TYPE DE CHEVEUX<\/strong><br \/>\nCheveux \u00e0 tendance grasse<\/p>\n<hr \/>\n<p><strong>CONSEILS D&#8217;UTILISATION<\/strong><br \/>\nLaissez agir 3 \u00e0 4 minutes.<br \/>\nRincez d\u00e9licatement en \u00e9vitant le contact avec les yeux.<\/p>\n<hr \/>\n<p><strong>INGR\u00c9DIENTS<\/strong><br \/>\nExtrait d&#8217;Hamamelis, Panth\u00e9nol, Prot\u00e9ine V\u00e9g\u00e9tale, Argile Verte, Acide Salicylique<\/p>\n","protected":false},"featured_media":2267,"comment_status":"open","ping_status":"closed","template":"","meta":[],"use":[116],"ingredients":[324,328,281,294,283],"product_cat":[68],"product_tag":[],"acf":{"complex_text":"<strong>Extrait d'Hamam\u00e9lis:<\/strong> a un effet purifiant, tonifiant et astringent tout en \u00e9tant tr\u00e8s doux. Resserre les pores de la peau.<hr \/><strong> Panth\u00e9nol:<\/strong> r\u00e9g\u00e9n\u00e8re, hydrate et apaise. <hr \/><strong>Prot\u00e9ine v\u00e9g\u00e9tale:<\/strong> r\u00e9g\u00e9n\u00e8re, pr\u00e9vient les pointes fourchues, renforce la fibre capillaire.<hr \/><strong> Argile Verte:<\/strong> absorbe l'exc\u00e8s de s\u00e9bum, nettoie et apaise. Gr\u00e2ce \u00e0 sa grande capacit\u00e9 d'absorption, elle joue le r\u00f4le d\u2019une \u00e9ponge de beaut\u00e9, matifiante et remin\u00e9ralisante.<hr \/><strong>Acide salicylique:<\/strong>  a un effet clarifiant.","complex_cover":4502,"complex_background_color":"detox-color"},"_links":{"self":[{"href":"https:\/\/www.mettler1929.ch\/fr\/wp-json\/wp\/v2\/product\/3474"}],"collection":[{"href":"https:\/\/www.mettler1929.ch\/fr\/wp-json\/wp\/v2\/product"}],"about":[{"href":"https:\/\/www.mettler1929.ch\/fr\/wp-json\/wp\/v2\/types\/product"}],"replies":[{"embeddable":true,"href":"https:\/\/www.mettler1929.ch\/fr\/wp-json\/wp\/v2\/comments?post=3474"}],"wp:featuredmedia":[{"embeddable":true,"href":"https:\/\/www.mettler1929.ch\/fr\/wp-json\/wp\/v2\/media\/2267"}],"wp:attachment":[{"href":"https:\/\/www.mettler1929.ch\/fr\/wp-json\/wp\/v2\/media?parent=3474"}],"wp:term":[{"taxonomy":"use","embeddable":true,"href":"https:\/\/www.mettler1929.ch\/fr\/wp-json\/wp\/v2\/use?post=3474"},{"taxonomy":"ingredients","embeddable":true,"href":"https:\/\/www.mettler1929.ch\/fr\/wp-json\/wp\/v2\/ingredients?post=3474"},{"taxonomy":"product_cat","embeddable":true,"href":"https:\/\/www.mettler1929.ch\/fr\/wp-json\/wp\/v2\/product_cat?post=3474"},{"taxonomy":"product_tag","embeddable":true,"href":"https:\/\/www.mettler1929.ch\/fr\/wp-json\/wp\/v2\/product_tag?post=3474"}],"curies":[{"name":"wp","href":"https:\/\/api.w.org\/{rel}","templated":true}]}}