{"id":3472,"date":"2019-06-12T12:28:58","date_gmt":"2019-06-12T12:28:58","guid":{"rendered":"https:\/\/www.mettler1929.ch\/product\/gel-antibacterien-protecteur-mains\/"},"modified":"2023-05-09T08:34:06","modified_gmt":"2023-05-09T08:34:06","slug":"gel-desinfectant-protecteur-mains-2","status":"publish","type":"product","link":"https:\/\/www.mettler1929.ch\/fr\/produit\/gel-desinfectant-protecteur-mains-2\/","title":{"rendered":"Gel D\u00e9sinfectant Protecteur Mains"},"content":{"rendered":"","protected":false},"excerpt":{"rendered":"<p>D\u00e9sinfecte les mains avec sa forte teneur en \u00e9thanol: 75,2%. Enrichi \u00e0 la glyc\u00e9rine et aloe vera, ce gel laisse les mains douces et saines. Format id\u00e9al pour emporter partout avec soi.<\/p>\n<p>Test\u00e9 contre les virus envelopp\u00e9s (incl. virus grippaux et du Corona) EN14476, bact\u00e9ries EN1500 et levures EN1650.<\/p>\n<p>0% parab\u00e8nes &#8211; 0% paraffine<\/p>\n<hr \/>\n<p><strong>Type de peau<\/strong><br \/>\nTout type de peau<\/p>\n<hr \/>\n<p><strong>Conseils d&#8217;utilisation<\/strong><br \/>\nAppliquez sur mains s\u00e8ches, ne pas rincer.<\/p>\n<hr \/>\n<p><strong>Ingr\u00e9dients<\/strong><br \/>\nExtrait d&#8217;Hamamelis, Panth\u00e9nol, Glyc\u00e9rine, Aloe vera, Alcool<\/p>\n","protected":false},"featured_media":13908,"comment_status":"open","ping_status":"closed","template":"","meta":[],"use":[106],"ingredients":[265,271,281,296,294],"product_cat":[69,67,171],"product_tag":[],"acf":{"complex_text":"<strong>Extrait d'Hamam\u00e9lis:<\/strong> a un effet purifiant, tonifiant et astringent tout en \u00e9tant tr\u00e8s doux. Resserre les pores de la peau.<hr \/><strong> Panth\u00e9nol:<\/strong> r\u00e9g\u00e9n\u00e8re, hydrate et apaise.<hr \/><strong> Glyc\u00e9rine:<\/strong> poss\u00e8de de fortes propri\u00e9t\u00e9s hydratantes.<hr \/><strong>Aloe vera:<\/strong> contient des min\u00e9raux pr\u00e9cieux, des vitamines et des acides amin\u00e9s, hydrate et apaise la peau.","complex_cover":4429,"complex_background_color":"detox-color"},"_links":{"self":[{"href":"https:\/\/www.mettler1929.ch\/fr\/wp-json\/wp\/v2\/product\/3472"}],"collection":[{"href":"https:\/\/www.mettler1929.ch\/fr\/wp-json\/wp\/v2\/product"}],"about":[{"href":"https:\/\/www.mettler1929.ch\/fr\/wp-json\/wp\/v2\/types\/product"}],"replies":[{"embeddable":true,"href":"https:\/\/www.mettler1929.ch\/fr\/wp-json\/wp\/v2\/comments?post=3472"}],"wp:featuredmedia":[{"embeddable":true,"href":"https:\/\/www.mettler1929.ch\/fr\/wp-json\/wp\/v2\/media\/13908"}],"wp:attachment":[{"href":"https:\/\/www.mettler1929.ch\/fr\/wp-json\/wp\/v2\/media?parent=3472"}],"wp:term":[{"taxonomy":"use","embeddable":true,"href":"https:\/\/www.mettler1929.ch\/fr\/wp-json\/wp\/v2\/use?post=3472"},{"taxonomy":"ingredients","embeddable":true,"href":"https:\/\/www.mettler1929.ch\/fr\/wp-json\/wp\/v2\/ingredients?post=3472"},{"taxonomy":"product_cat","embeddable":true,"href":"https:\/\/www.mettler1929.ch\/fr\/wp-json\/wp\/v2\/product_cat?post=3472"},{"taxonomy":"product_tag","embeddable":true,"href":"https:\/\/www.mettler1929.ch\/fr\/wp-json\/wp\/v2\/product_tag?post=3472"}],"curies":[{"name":"wp","href":"https:\/\/api.w.org\/{rel}","templated":true}]}}