{"id":3470,"date":"2019-06-12T12:28:57","date_gmt":"2019-06-12T12:28:57","guid":{"rendered":"https:\/\/www.mettler1929.ch\/product\/detox-lotion-anti-imperfections-purifiante\/"},"modified":"2022-07-04T14:02:19","modified_gmt":"2022-07-04T14:02:19","slug":"detox-lotion-anti-imperfections-purifiante","status":"publish","type":"product","link":"https:\/\/www.mettler1929.ch\/fr\/produit\/detox-lotion-anti-imperfections-purifiante\/","title":{"rendered":"Detox Lotion Anti-Imperfections Purifiante"},"content":{"rendered":"","protected":false},"excerpt":{"rendered":"<p>L\u2019\u00e9mulsion \u00e9limine les r\u00e9sidus de maquillage et tonifie la peau gr\u00e2ce \u00e0 son action contre les impuret\u00e9s et les boutons. <\/p>\n<p>94% d\u2019ingr\u00e9dients d\u2019origine naturelle<br \/>\n0% parab\u00e8nes \u2013 0% paraffine<br \/>\npH neutre<\/p>\n<hr \/>\n<p><strong>TYPE DE PEAU<\/strong><br \/>\nPeau mixte et grasse<\/p>\n<hr \/>\n<p><strong>CONSEILS D&#8217;UTILISATION<\/strong><br \/>\nAppliquez le soir avec un coton. Ne pas rincer, \u00e9vitez le contour des yeux. <\/p>\n<hr \/>\n<p><strong>INGR\u00c9DIENTS<\/strong><br \/>\nExtrait d&#8217;Hamamelis, Extrait de Cannelle, Extrait de Plantain Lanc\u00e9ol\u00e9, Acide Salicylique, Alcool<\/p>\n","protected":false},"featured_media":2273,"comment_status":"open","ping_status":"closed","template":"","meta":[],"use":[105],"ingredients":[324,265,281,322,326],"product_cat":[68],"product_tag":[],"acf":{"complex_text":"<strong>Extrait d'Hamam\u00e9lis:<\/strong> a un effet purifiant, tonifiant et astringent tout en \u00e9tant tr\u00e8s doux. Resserre les pores de la peau.<hr \/><strong>Extrait de Cannelle:<\/strong> a un effet relaxant et clarifiant. La cannelle est r\u00e9put\u00e9e pour ses vertus antioxydantes.<hr \/><strong>Extrait de Plantain Lanc\u00e9ol\u00e9:<\/strong> a un effet apaisant, astringent et clarifiant.<hr \/><strong>Acide Salicylique:<\/strong>  a un effet clarifiant.","complex_cover":4560,"complex_background_color":"detox-color"},"_links":{"self":[{"href":"https:\/\/www.mettler1929.ch\/fr\/wp-json\/wp\/v2\/product\/3470"}],"collection":[{"href":"https:\/\/www.mettler1929.ch\/fr\/wp-json\/wp\/v2\/product"}],"about":[{"href":"https:\/\/www.mettler1929.ch\/fr\/wp-json\/wp\/v2\/types\/product"}],"replies":[{"embeddable":true,"href":"https:\/\/www.mettler1929.ch\/fr\/wp-json\/wp\/v2\/comments?post=3470"}],"wp:featuredmedia":[{"embeddable":true,"href":"https:\/\/www.mettler1929.ch\/fr\/wp-json\/wp\/v2\/media\/2273"}],"wp:attachment":[{"href":"https:\/\/www.mettler1929.ch\/fr\/wp-json\/wp\/v2\/media?parent=3470"}],"wp:term":[{"taxonomy":"use","embeddable":true,"href":"https:\/\/www.mettler1929.ch\/fr\/wp-json\/wp\/v2\/use?post=3470"},{"taxonomy":"ingredients","embeddable":true,"href":"https:\/\/www.mettler1929.ch\/fr\/wp-json\/wp\/v2\/ingredients?post=3470"},{"taxonomy":"product_cat","embeddable":true,"href":"https:\/\/www.mettler1929.ch\/fr\/wp-json\/wp\/v2\/product_cat?post=3470"},{"taxonomy":"product_tag","embeddable":true,"href":"https:\/\/www.mettler1929.ch\/fr\/wp-json\/wp\/v2\/product_tag?post=3470"}],"curies":[{"name":"wp","href":"https:\/\/api.w.org\/{rel}","templated":true}]}}