{"id":3469,"date":"2019-06-12T12:28:50","date_gmt":"2019-06-12T12:28:50","guid":{"rendered":"https:\/\/www.mettler1929.ch\/product\/detox-masque-purifiant-a-largile-verte\/"},"modified":"2023-04-13T10:08:03","modified_gmt":"2023-04-13T10:08:03","slug":"detox-masque-purifiant-a-largile-verte","status":"publish","type":"product","link":"https:\/\/www.mettler1929.ch\/fr\/produit\/detox-masque-purifiant-a-largile-verte\/","title":{"rendered":"Detox Masque Purifiant \u00e0 l\u2019Argile Verte"},"content":{"rendered":"","protected":false},"excerpt":{"rendered":"<p>Puissante formulation pour r\u00e9duire efficacment les impuret\u00e9s et \u00e9liminer l\u2019exc\u00e8s de s\u00e9bum. Ce masque \u00e0 l\u2019argile verte garde sa souplesse lors de l\u2019application pour un confort optimal.<\/p>\n<p>Sa texture biomim\u00e9tique favorise une absorption et une performance efficace des ingr\u00e9dients actifs : pour un effet UNIQUE, IMM\u00c9DIAT et LONGUE DUR\u00c9E.<\/p>\n<p>97% d\u2019ingr\u00e9dients d\u2019origine naturelle<br \/>\n0% parab\u00e8nes \u2013 0% paraffine \u2013 0% alcohol d\u00e9natur\u00e9<br \/>\npH neutre<\/p>\n<hr \/>\n<p><strong>TYPE DE PEAU<\/strong><br \/>\nPeau mixte et grasse<\/p>\n<hr \/>\n<p><strong>CONSEILS D&#8217;UTILISATION<\/strong><br \/>\nAppliquez 1-2 fois par semaine pendant 20-25 minutes.<br \/>\nRincez soigneusement \u00e0 l&#8217;eau ti\u00e8de.\u00a0<br \/>\nAppliquer de fa\u00e7on localis\u00e9e sur un bouton le temps d&#8217;une nuit afin d&#8217;acc\u00e9l\u00e9rer sa gu\u00e9rison et retrouver un teint radieux. <\/p>\n<hr \/>\n<p><strong>INGR\u00c9DIENTS<\/strong><br \/>\nExtrait d&#8217;Hamamelis, Extrait de Cannelle, Extrait de Plantain Lanc\u00e9ol\u00e9, Argile Verte, Acide Salicylique, Vitamine C<\/p>\n","protected":false},"featured_media":2281,"comment_status":"open","ping_status":"closed","template":"","meta":[],"use":[105],"ingredients":[324,328,281,322,326,342],"product_cat":[68],"product_tag":[],"acf":{"complex_text":"<strong>Extrait d'Hamam\u00e9lis:<\/strong> a un effet purifiant, tonifiant et astringent tout en \u00e9tant tr\u00e8s doux. Resserre les pores de la peau.<hr \/><strong>Extrait de Cannelle:<\/strong> a un effet relaxant et clarifiant. La cannelle est r\u00e9put\u00e9e pour ses vertus antioxydantes.<hr \/><strong>Extrait de Plantain Lanc\u00e9ol\u00e9:<\/strong> a un effet apaisant, astringent et clarifiant. <hr \/><strong> Argile Verte:<\/strong> absorbe l'exc\u00e8s de s\u00e9bum, nettoie et apaise. Gr\u00e2ce \u00e0 sa grande capacit\u00e9 d'absorption, elle joue le r\u00f4le d\u2019une \u00e9ponge de beaut\u00e9, matifiante et remin\u00e9ralisante.<hr \/><strong>Acide salicylique:<\/strong>  a un effet clarifiant.<hr \/><strong>Vitamine C:<\/strong> poss\u00e8de des propri\u00e9t\u00e9s antioxydantes et uniformisantes.","complex_cover":4405,"complex_background_color":"detox-color"},"_links":{"self":[{"href":"https:\/\/www.mettler1929.ch\/fr\/wp-json\/wp\/v2\/product\/3469"}],"collection":[{"href":"https:\/\/www.mettler1929.ch\/fr\/wp-json\/wp\/v2\/product"}],"about":[{"href":"https:\/\/www.mettler1929.ch\/fr\/wp-json\/wp\/v2\/types\/product"}],"replies":[{"embeddable":true,"href":"https:\/\/www.mettler1929.ch\/fr\/wp-json\/wp\/v2\/comments?post=3469"}],"wp:featuredmedia":[{"embeddable":true,"href":"https:\/\/www.mettler1929.ch\/fr\/wp-json\/wp\/v2\/media\/2281"}],"wp:attachment":[{"href":"https:\/\/www.mettler1929.ch\/fr\/wp-json\/wp\/v2\/media?parent=3469"}],"wp:term":[{"taxonomy":"use","embeddable":true,"href":"https:\/\/www.mettler1929.ch\/fr\/wp-json\/wp\/v2\/use?post=3469"},{"taxonomy":"ingredients","embeddable":true,"href":"https:\/\/www.mettler1929.ch\/fr\/wp-json\/wp\/v2\/ingredients?post=3469"},{"taxonomy":"product_cat","embeddable":true,"href":"https:\/\/www.mettler1929.ch\/fr\/wp-json\/wp\/v2\/product_cat?post=3469"},{"taxonomy":"product_tag","embeddable":true,"href":"https:\/\/www.mettler1929.ch\/fr\/wp-json\/wp\/v2\/product_tag?post=3469"}],"curies":[{"name":"wp","href":"https:\/\/api.w.org\/{rel}","templated":true}]}}