{"id":3468,"date":"2019-06-12T12:28:59","date_gmt":"2019-06-12T12:28:59","guid":{"rendered":"https:\/\/www.mettler1929.ch\/product\/detox-exfoliant-purifiant\/"},"modified":"2023-04-13T10:07:03","modified_gmt":"2023-04-13T10:07:03","slug":"detox-exfoliant-purifiant","status":"publish","type":"product","link":"https:\/\/www.mettler1929.ch\/fr\/produit\/detox-exfoliant-purifiant\/","title":{"rendered":"Detox Exfoliant Purifiant"},"content":{"rendered":"","protected":false},"excerpt":{"rendered":"<p>Enrichi en grain de sable naturel pour r\u00e9duire les impuret\u00e9s et \u00e9liminer les cellules mortes en douceur. Votre peau est rafra\u00eechie et purifi\u00e9e instantan\u00e9ment. <\/p>\n<p>86% d\u2019ingr\u00e9dients d\u2019origine naturelle<br \/>\n0% parab\u00e8nes \u2013 0% paraffine \u2013 0% alcohol d\u00e9natur\u00e9<br \/>\npH neutre<\/p>\n<hr \/>\n<p><strong>TYPE DE PEAU<\/strong><br \/>\nPeau mixte \u00e0 grasse<\/p>\n<hr \/>\n<p><strong>CONSEILS D&#8217;UTILISATION<\/strong><br \/>\nExfoliez votre visage 1-2 fois par semaine. Massez d\u00e9licatement de fa\u00e7on circulaire sur peau humide puis rincez abondamment.<\/p>\n<hr \/>\n<p><strong>INGR\u00c9DIENTS<\/strong><br \/>\nExtrait d&#8217;Hamamelis, Extrait de Cannelle, Extrait de Plantain Lanc\u00e9ol\u00e9, Sable naturel<\/p>\n","protected":false},"featured_media":6281,"comment_status":"open","ping_status":"closed","template":"","meta":[],"use":[105],"ingredients":[281,322,326,332],"product_cat":[68],"product_tag":[],"acf":{"complex_text":"<hr \/><strong>Extrait d'Hamam\u00e9lis:<\/strong> a un effet purifiant, tonifiant et astringent tout en \u00e9tant tr\u00e8s doux. Resserre les pores de la peau.<hr \/><strong>Extrait de Cannelle:<\/strong> a un effet relaxant et clarifiant. La cannelle est r\u00e9put\u00e9e pour ses vertus antioxydantes.<hr \/><strong>Extrait de Plantain Lanc\u00e9ol\u00e9:<\/strong> a un effet apaisant, astringent et clarifiant.<hr \/><strong> Sable naturel:<\/strong> \u00e9limine les cellules mortes en douceur.","complex_cover":6249,"complex_background_color":"detox-color"},"_links":{"self":[{"href":"https:\/\/www.mettler1929.ch\/fr\/wp-json\/wp\/v2\/product\/3468"}],"collection":[{"href":"https:\/\/www.mettler1929.ch\/fr\/wp-json\/wp\/v2\/product"}],"about":[{"href":"https:\/\/www.mettler1929.ch\/fr\/wp-json\/wp\/v2\/types\/product"}],"replies":[{"embeddable":true,"href":"https:\/\/www.mettler1929.ch\/fr\/wp-json\/wp\/v2\/comments?post=3468"}],"wp:featuredmedia":[{"embeddable":true,"href":"https:\/\/www.mettler1929.ch\/fr\/wp-json\/wp\/v2\/media\/6281"}],"wp:attachment":[{"href":"https:\/\/www.mettler1929.ch\/fr\/wp-json\/wp\/v2\/media?parent=3468"}],"wp:term":[{"taxonomy":"use","embeddable":true,"href":"https:\/\/www.mettler1929.ch\/fr\/wp-json\/wp\/v2\/use?post=3468"},{"taxonomy":"ingredients","embeddable":true,"href":"https:\/\/www.mettler1929.ch\/fr\/wp-json\/wp\/v2\/ingredients?post=3468"},{"taxonomy":"product_cat","embeddable":true,"href":"https:\/\/www.mettler1929.ch\/fr\/wp-json\/wp\/v2\/product_cat?post=3468"},{"taxonomy":"product_tag","embeddable":true,"href":"https:\/\/www.mettler1929.ch\/fr\/wp-json\/wp\/v2\/product_tag?post=3468"}],"curies":[{"name":"wp","href":"https:\/\/api.w.org\/{rel}","templated":true}]}}