{"id":3466,"date":"2019-06-12T12:29:05","date_gmt":"2019-06-12T12:29:05","guid":{"rendered":"https:\/\/www.mettler1929.ch\/product\/shampoing-hydratant-cheveux-secs\/"},"modified":"2024-05-05T17:49:55","modified_gmt":"2024-05-05T17:49:55","slug":"shampoing-hydratant-cheveux-secs","status":"publish","type":"product","link":"https:\/\/www.mettler1929.ch\/fr\/produit\/shampoing-hydratant-cheveux-secs\/","title":{"rendered":"Shampoing Hydratant Cheveux Secs"},"content":{"rendered":"","protected":false},"excerpt":{"rendered":"<p>Une formule ultra hydratante riche en nutriments pour renforcer votre fibre capillaire jusqu\u2019aux pointes.<\/p>\n<p>Notre soin des cheveux le plus vendu chez les pharmacies. <\/p>\n<p>0% parab\u00e8nes \u2013 0% paraffine \u2013 0% alcohol d\u00e9natur\u00e9<br \/>\npH neutre<\/p>\n<p><em>*bas\u00e9 sur les ventes de 2021<\/em><\/p>\n<hr \/>\n<p><strong>TYPE DE CHEVEUX<\/strong><br \/>\nSp\u00e9cialement  pour cheveux secs et\/ou ab\u00eem\u00e9s. <\/p>\n<hr \/>\n<p><strong>CONSEILS D&#8217;UTILISATION<\/strong><br \/>\nSTEP 1: Appliquer sur cheveux humides<br \/>\nSTEP 2: Utilisez l&#8217;Apr\u00e8s-Shampoing Hydratant<br \/>\nSTEP 3: Appliquez le Masque Hydratant pour cheveux secs <\/p>\n<hr \/>\n<p><strong>INGR\u00c9DIENTS<\/strong><br \/>\nExtrait d&#8217;Iris, Panth\u00e9nol, Prot\u00e9ine V\u00e9g\u00e9tale, Huile d&#8217;Amande, Aloe Vera<\/p>\n","protected":false},"featured_media":2315,"comment_status":"open","ping_status":"closed","template":"","meta":[],"use":[116],"ingredients":[271,273,269,294,283],"product_cat":[71],"product_tag":[],"acf":{"complex_text":"<strong>Extrait d'Iris:<\/strong> hydrate, fortifie et renforce la peau.<hr \/><strong>Panth\u00e9nol:<\/strong> r\u00e9g\u00e9n\u00e8re, hydrate et apaise. <hr \/><strong>Prot\u00e9ine v\u00e9g\u00e9tale:<\/strong> r\u00e9g\u00e9n\u00e8re, pr\u00e9vient les pointes fourchues, renforce la fibre capillaire.<hr \/><strong>Huile d'Amande:<\/strong> douce et apaisante, elle est b\u00e9n\u00e9fique pour la peau comme les cheveux. Gr\u00e2ce \u00e0 ses propri\u00e9t\u00e9s \u00e9mollientes, elle nourrit, relipidifie et aide \u00e0 pr\u00e9venir la perte en eau.<hr \/><strong>Aloe Vera:<\/strong> contient des min\u00e9raux pr\u00e9cieux, des vitamines et des acides amin\u00e9s, hydrate et apaise la peau.","complex_cover":4425,"complex_background_color":"moisturizing-color"},"_links":{"self":[{"href":"https:\/\/www.mettler1929.ch\/fr\/wp-json\/wp\/v2\/product\/3466"}],"collection":[{"href":"https:\/\/www.mettler1929.ch\/fr\/wp-json\/wp\/v2\/product"}],"about":[{"href":"https:\/\/www.mettler1929.ch\/fr\/wp-json\/wp\/v2\/types\/product"}],"replies":[{"embeddable":true,"href":"https:\/\/www.mettler1929.ch\/fr\/wp-json\/wp\/v2\/comments?post=3466"}],"wp:featuredmedia":[{"embeddable":true,"href":"https:\/\/www.mettler1929.ch\/fr\/wp-json\/wp\/v2\/media\/2315"}],"wp:attachment":[{"href":"https:\/\/www.mettler1929.ch\/fr\/wp-json\/wp\/v2\/media?parent=3466"}],"wp:term":[{"taxonomy":"use","embeddable":true,"href":"https:\/\/www.mettler1929.ch\/fr\/wp-json\/wp\/v2\/use?post=3466"},{"taxonomy":"ingredients","embeddable":true,"href":"https:\/\/www.mettler1929.ch\/fr\/wp-json\/wp\/v2\/ingredients?post=3466"},{"taxonomy":"product_cat","embeddable":true,"href":"https:\/\/www.mettler1929.ch\/fr\/wp-json\/wp\/v2\/product_cat?post=3466"},{"taxonomy":"product_tag","embeddable":true,"href":"https:\/\/www.mettler1929.ch\/fr\/wp-json\/wp\/v2\/product_tag?post=3466"}],"curies":[{"name":"wp","href":"https:\/\/api.w.org\/{rel}","templated":true}]}}