{"id":3465,"date":"2019-06-12T12:28:58","date_gmt":"2019-06-12T12:28:58","guid":{"rendered":"https:\/\/www.mettler1929.ch\/product\/gel-douche-surgras-ultra-hydratant\/"},"modified":"2023-03-08T10:28:30","modified_gmt":"2023-03-08T10:28:30","slug":"gel-douche-surgras-ultra-hydratant","status":"publish","type":"product","link":"https:\/\/www.mettler1929.ch\/fr\/produit\/gel-douche-surgras-ultra-hydratant\/","title":{"rendered":"Gel Douche Surgras Ultra Hydratant"},"content":{"rendered":"","protected":false},"excerpt":{"rendered":"<p>Un gel revitalisant, doux et onctueux d\u00e9licatement parfum\u00e9 pour vous offrir une peau douce et hydrat\u00e9e. <\/p>\n<p>0% parab\u00e8nes \u2013 0% paraffine \u2013 0% alcohol d\u00e9natur\u00e9<br \/>\npH neutre<\/p>\n<hr \/>\n<p><strong>TYPE DE PEAU<\/strong><br \/>\nSp\u00e9cialement pour peau s\u00e8che et d\u00e9shydrat\u00e9e<\/p>\n<hr \/>\n<p><strong>CONSEILS D&#8217;UTILISATION<\/strong><br \/>\nNettoyez en douceur votre peau avec ce gel douche. <\/p>\n<hr \/>\n<p><strong>INGR\u00c9DIENTS<\/strong><br \/>\nExtrait d\u2019Iris, Panth\u00e9nol, Huile d&#8217;Amande, Extrait d&#8217;Aloe Vera<\/p>\n","protected":false},"featured_media":8383,"comment_status":"open","ping_status":"closed","template":"","meta":[],"use":[109],"ingredients":[271,273,269,294],"product_cat":[71],"product_tag":[],"acf":{"complex_text":"<strong>Extrait d'Iris:<\/strong> hydrate, fortifie et renforce la peau.<hr \/><strong>Panth\u00e9nol:<\/strong> r\u00e9g\u00e9n\u00e8re, hydrate et apaise.<hr \/><strong>Huile d'Amande:<\/strong> douce et apaisante, elle est b\u00e9n\u00e9fique pour la peau comme les cheveux. Gr\u00e2ce \u00e0 ses propri\u00e9t\u00e9s \u00e9mollientes, elle nourrit, relipidifie et aide \u00e0 pr\u00e9venir la perte en eau.<hr \/><strong>Aloe Vera:<\/strong> contient des min\u00e9raux pr\u00e9cieux, des vitamines et des acides amin\u00e9s, hydrate et apaise la peau.","complex_cover":4433,"complex_background_color":"moisturizing-color"},"_links":{"self":[{"href":"https:\/\/www.mettler1929.ch\/fr\/wp-json\/wp\/v2\/product\/3465"}],"collection":[{"href":"https:\/\/www.mettler1929.ch\/fr\/wp-json\/wp\/v2\/product"}],"about":[{"href":"https:\/\/www.mettler1929.ch\/fr\/wp-json\/wp\/v2\/types\/product"}],"replies":[{"embeddable":true,"href":"https:\/\/www.mettler1929.ch\/fr\/wp-json\/wp\/v2\/comments?post=3465"}],"wp:featuredmedia":[{"embeddable":true,"href":"https:\/\/www.mettler1929.ch\/fr\/wp-json\/wp\/v2\/media\/8383"}],"wp:attachment":[{"href":"https:\/\/www.mettler1929.ch\/fr\/wp-json\/wp\/v2\/media?parent=3465"}],"wp:term":[{"taxonomy":"use","embeddable":true,"href":"https:\/\/www.mettler1929.ch\/fr\/wp-json\/wp\/v2\/use?post=3465"},{"taxonomy":"ingredients","embeddable":true,"href":"https:\/\/www.mettler1929.ch\/fr\/wp-json\/wp\/v2\/ingredients?post=3465"},{"taxonomy":"product_cat","embeddable":true,"href":"https:\/\/www.mettler1929.ch\/fr\/wp-json\/wp\/v2\/product_cat?post=3465"},{"taxonomy":"product_tag","embeddable":true,"href":"https:\/\/www.mettler1929.ch\/fr\/wp-json\/wp\/v2\/product_tag?post=3465"}],"curies":[{"name":"wp","href":"https:\/\/api.w.org\/{rel}","templated":true}]}}