{"id":3464,"date":"2019-06-12T12:29:05","date_gmt":"2019-06-12T12:29:05","guid":{"rendered":"https:\/\/www.mettler1929.ch\/product\/bain-moussant-hydratant\/"},"modified":"2023-03-08T10:24:34","modified_gmt":"2023-03-08T10:24:34","slug":"bain-moussant-hydratant","status":"publish","type":"product","link":"https:\/\/www.mettler1929.ch\/fr\/produit\/bain-moussant-hydratant\/","title":{"rendered":"Bain Moussant Hydratant"},"content":{"rendered":"","protected":false},"excerpt":{"rendered":"<p>Moment de relaxation avec une mousse l\u00e9g\u00e8rement parfum\u00e9e, enrichie en extrait d\u2019iris, hydratante, laissant une sensation soyeuse et nourrissante \u00e0 votre peau. Pour une peau \u00e9quilibr\u00e9e.<\/p>\n<p>0% parab\u00e8nes \u2013 0% paraffine \u2013 0% alcohol d\u00e9natur\u00e9<br \/>\npH neutre<\/p>\n<hr \/>\n<p><strong>TYPE DE PEAU<\/strong><br \/>\nTout type de peau, sp\u00e9cialement pour peau s\u00e8che et d\u00e9shydrat\u00e9e<\/p>\n<hr \/>\n<p><strong>CONSEILS D&#8217;UTILISATION<\/strong><br \/>\nVersez une petite quantit\u00e9 de Bain Moussant Hydratant dans votre bain pour obtenir une belle mousse.<\/p>\n<hr \/>\n<p><strong>INGR\u00c9DIENTS<\/strong><br \/>\nExtrait d&#8217;Iris, Beta\u00efne, Glyc\u00e9rine<\/p>\n","protected":false},"featured_media":2319,"comment_status":"open","ping_status":"closed","template":"","meta":[],"use":[109],"ingredients":[362,273,296],"product_cat":[71],"product_tag":[],"acf":{"complex_text":"<strong>Extrait d'Iris:<\/strong> hydrate, fortifie et renforce la peau.<hr \/><strong>B\u00e9ta\u00efne:<\/strong> provient de la betterave \u00e0 sucre, hydrate et am\u00e9liore la qualit\u00e9 de la mousse.<hr \/><strong>Glyc\u00e9rine:<\/strong> poss\u00e8de de fortes propri\u00e9t\u00e9s hydratantes.","complex_cover":4433,"complex_background_color":"moisturizing-color"},"_links":{"self":[{"href":"https:\/\/www.mettler1929.ch\/fr\/wp-json\/wp\/v2\/product\/3464"}],"collection":[{"href":"https:\/\/www.mettler1929.ch\/fr\/wp-json\/wp\/v2\/product"}],"about":[{"href":"https:\/\/www.mettler1929.ch\/fr\/wp-json\/wp\/v2\/types\/product"}],"replies":[{"embeddable":true,"href":"https:\/\/www.mettler1929.ch\/fr\/wp-json\/wp\/v2\/comments?post=3464"}],"wp:featuredmedia":[{"embeddable":true,"href":"https:\/\/www.mettler1929.ch\/fr\/wp-json\/wp\/v2\/media\/2319"}],"wp:attachment":[{"href":"https:\/\/www.mettler1929.ch\/fr\/wp-json\/wp\/v2\/media?parent=3464"}],"wp:term":[{"taxonomy":"use","embeddable":true,"href":"https:\/\/www.mettler1929.ch\/fr\/wp-json\/wp\/v2\/use?post=3464"},{"taxonomy":"ingredients","embeddable":true,"href":"https:\/\/www.mettler1929.ch\/fr\/wp-json\/wp\/v2\/ingredients?post=3464"},{"taxonomy":"product_cat","embeddable":true,"href":"https:\/\/www.mettler1929.ch\/fr\/wp-json\/wp\/v2\/product_cat?post=3464"},{"taxonomy":"product_tag","embeddable":true,"href":"https:\/\/www.mettler1929.ch\/fr\/wp-json\/wp\/v2\/product_tag?post=3464"}],"curies":[{"name":"wp","href":"https:\/\/api.w.org\/{rel}","templated":true}]}}