{"id":3462,"date":"2019-06-12T12:29:01","date_gmt":"2019-06-12T12:29:01","guid":{"rendered":"https:\/\/www.mettler1929.ch\/product\/savon-hydratant-pour-mains-et-visage\/"},"modified":"2023-03-08T10:18:38","modified_gmt":"2023-03-08T10:18:38","slug":"savon-hydratant-pour-mains-et-visage","status":"publish","type":"product","link":"https:\/\/www.mettler1929.ch\/fr\/produit\/savon-hydratant-pour-mains-et-visage\/","title":{"rendered":"Savon Hydratant pour Mains et Visage"},"content":{"rendered":"","protected":false},"excerpt":{"rendered":"<p>Enrichi \u00e0 l\u2019huile d\u2019amande, nettoie la peau en \u00e9vitant son dess\u00e8chement, pour une peau douce et d\u00e9licatement parfum\u00e9e.<\/p>\n<p>Avec 96% d&#8217;ingr\u00e9dients d&#8217;origine naturelle<br \/>\n100% biod\u00e9gradable<br \/>\n0% SLS &#8211; 0% parab\u00e8nes &#8211; 0% paraffine &#8211; 0% alcohol d\u00e9natur\u00e9<\/p>\n<hr \/>\n<p><strong>TYPE DE PEAU<\/strong><br \/> <br \/>\nS\u00e8che et\/ou d\u00e9shydrat\u00e9e<\/p>\n<hr \/>\n<p><strong>CONSEILS D&#8217;UTILISATION<\/strong><br \/>\nUtilisation quotidienne pour nettoyer visage et corps.<\/p>\n<hr \/>\n<p><strong>INGR\u00c9DIENTS<\/strong><br \/>\nExtrait d&#8217;Iris, Panth\u00e9nol, Huile d&#8217;Amande<\/p>\n","protected":false},"featured_media":2321,"comment_status":"open","ping_status":"closed","template":"","meta":[],"use":[109,106,105],"ingredients":[273,269,294],"product_cat":[71],"product_tag":[],"acf":{"complex_text":"<strong>Extrait d'Iris:<\/strong> hydrate, fortifie et renforce la peau.<hr \/><strong>Panth\u00e9nol:<\/strong> r\u00e9g\u00e9n\u00e8re, hydrate et apaise.<hr \/><strong>Huile d'Amande:<\/strong> douce et apaisante, elle est b\u00e9n\u00e9fique pour la peau. Gr\u00e2ce \u00e0 ses propri\u00e9t\u00e9s \u00e9mollientes, elle nourrit, relipidifie et aide \u00e0 pr\u00e9venir la perte en eau.","complex_cover":"","complex_background_color":"moisturizing-color"},"_links":{"self":[{"href":"https:\/\/www.mettler1929.ch\/fr\/wp-json\/wp\/v2\/product\/3462"}],"collection":[{"href":"https:\/\/www.mettler1929.ch\/fr\/wp-json\/wp\/v2\/product"}],"about":[{"href":"https:\/\/www.mettler1929.ch\/fr\/wp-json\/wp\/v2\/types\/product"}],"replies":[{"embeddable":true,"href":"https:\/\/www.mettler1929.ch\/fr\/wp-json\/wp\/v2\/comments?post=3462"}],"wp:featuredmedia":[{"embeddable":true,"href":"https:\/\/www.mettler1929.ch\/fr\/wp-json\/wp\/v2\/media\/2321"}],"wp:attachment":[{"href":"https:\/\/www.mettler1929.ch\/fr\/wp-json\/wp\/v2\/media?parent=3462"}],"wp:term":[{"taxonomy":"use","embeddable":true,"href":"https:\/\/www.mettler1929.ch\/fr\/wp-json\/wp\/v2\/use?post=3462"},{"taxonomy":"ingredients","embeddable":true,"href":"https:\/\/www.mettler1929.ch\/fr\/wp-json\/wp\/v2\/ingredients?post=3462"},{"taxonomy":"product_cat","embeddable":true,"href":"https:\/\/www.mettler1929.ch\/fr\/wp-json\/wp\/v2\/product_cat?post=3462"},{"taxonomy":"product_tag","embeddable":true,"href":"https:\/\/www.mettler1929.ch\/fr\/wp-json\/wp\/v2\/product_tag?post=3462"}],"curies":[{"name":"wp","href":"https:\/\/api.w.org\/{rel}","templated":true}]}}