{"id":3460,"date":"2019-06-12T12:28:58","date_gmt":"2019-06-12T12:28:58","guid":{"rendered":"https:\/\/www.mettler1929.ch\/product\/apres-shampoing-hydratant-lissant\/"},"modified":"2024-06-28T14:01:09","modified_gmt":"2024-06-28T14:01:09","slug":"apres-shampoing-hydratant-lissant","status":"publish","type":"product","link":"https:\/\/www.mettler1929.ch\/fr\/produit\/apres-shampoing-hydratant-lissant\/","title":{"rendered":"Apr\u00e8s-Shampoing Hydratant Lissant"},"content":{"rendered":"","protected":false},"excerpt":{"rendered":"<p>Ce soin onctueux gaine et renforce efficacement votre fibre capillaire. Enrichi en extrait d\u2019Iris, il adoucit et offre une hydratation intense pour des cheveux brillants et soyeux. <\/p>\n<p>88% d\u2019ingr\u00e9dients d\u2019origine naturelle<br \/>\n0% parab\u00e8nes \u2013 0% paraffine \u2013 0% alcohol d\u00e9natur\u00e9<br \/>\npH neutre<\/p>\n<hr \/>\n<p><strong>TYPE DE CHEVEUX<\/strong><br \/>\nSp\u00e9cialement  pour cheveux secs et\/ou ab\u00eem\u00e9s <\/p>\n<hr \/>\n<p><strong>CONSEILS D&#8217;UTILISATION<\/strong><br \/>\nSTEP 1: Utilisez le Shampoing Hydratant pour cheveux secs.<br \/>\nSTEP 2: Appliquez l&#8217;Apr\u00e8s-Shampoing sur vos longueurs. <\/p>\n<hr \/>\n<p><strong>INGR\u00c9DIENTS<\/strong><br \/>\nExtrait d\u2019Iris, Panth\u00e9nol, Prot\u00e9ine v\u00e9g\u00e9tale, Huile d&#8217;avocat, Solution d&#8217;oligo-\u00e9l\u00e9ments &#8211; cuivre, zinc, magn\u00e9sium<\/p>\n","protected":false},"featured_media":2327,"comment_status":"open","ping_status":"closed","template":"","meta":[],"use":[116],"ingredients":[273,306,294,283,285],"product_cat":[71],"product_tag":[],"acf":{"complex_text":"<strong>Extrait d'Iris:<\/strong> hydrate, fortifie et renforce la peau.<hr \/><strong>Panth\u00e9nol:<\/strong> r\u00e9g\u00e9n\u00e8re, hydrate et apaise.<hr \/><strong>Prot\u00e9ine v\u00e9g\u00e9tale:<\/strong> r\u00e9g\u00e9n\u00e8re, renforce la fibre capillaire et pr\u00e9vient les pointes fourchues.<hr \/><strong>Huile d'Avocat:<\/strong> hydrate et nourrit laissant les cheveux doux et soyeux.<hr \/><strong>Solution d'Oligo-\u00e9l\u00e9ments - cuivre, zinc, magn\u00e9sium:<\/strong> revitalise les cheveux.","complex_cover":4461,"complex_background_color":"moisturizing-color"},"_links":{"self":[{"href":"https:\/\/www.mettler1929.ch\/fr\/wp-json\/wp\/v2\/product\/3460"}],"collection":[{"href":"https:\/\/www.mettler1929.ch\/fr\/wp-json\/wp\/v2\/product"}],"about":[{"href":"https:\/\/www.mettler1929.ch\/fr\/wp-json\/wp\/v2\/types\/product"}],"replies":[{"embeddable":true,"href":"https:\/\/www.mettler1929.ch\/fr\/wp-json\/wp\/v2\/comments?post=3460"}],"wp:featuredmedia":[{"embeddable":true,"href":"https:\/\/www.mettler1929.ch\/fr\/wp-json\/wp\/v2\/media\/2327"}],"wp:attachment":[{"href":"https:\/\/www.mettler1929.ch\/fr\/wp-json\/wp\/v2\/media?parent=3460"}],"wp:term":[{"taxonomy":"use","embeddable":true,"href":"https:\/\/www.mettler1929.ch\/fr\/wp-json\/wp\/v2\/use?post=3460"},{"taxonomy":"ingredients","embeddable":true,"href":"https:\/\/www.mettler1929.ch\/fr\/wp-json\/wp\/v2\/ingredients?post=3460"},{"taxonomy":"product_cat","embeddable":true,"href":"https:\/\/www.mettler1929.ch\/fr\/wp-json\/wp\/v2\/product_cat?post=3460"},{"taxonomy":"product_tag","embeddable":true,"href":"https:\/\/www.mettler1929.ch\/fr\/wp-json\/wp\/v2\/product_tag?post=3460"}],"curies":[{"name":"wp","href":"https:\/\/api.w.org\/{rel}","templated":true}]}}