{"id":3457,"date":"2019-06-12T12:28:59","date_gmt":"2019-06-12T12:28:59","guid":{"rendered":"https:\/\/www.mettler1929.ch\/product\/gel-hydratant-contour-des-yeux\/"},"modified":"2025-05-26T19:08:30","modified_gmt":"2025-05-26T19:08:30","slug":"gel-hydratant-contour-des-yeux","status":"publish","type":"product","link":"https:\/\/www.mettler1929.ch\/fr\/produit\/gel-hydratant-contour-des-yeux\/","title":{"rendered":"Gel Hydratant Contour des Yeux"},"content":{"rendered":"","protected":false},"excerpt":{"rendered":"<p>La puissance naturelle qui apaise votre peau tout en diminuant la sensation de poches sous les yeux. Lisse efficacement l\u2019apparence des ridules et renforce votre barri\u00e8re cutan\u00e9e. <\/p>\n<p>92% d\u2019ingr\u00e9dients d\u2019origine naturelle<br \/>\n0% parab\u00e8nes \u2013 0% paraffine<br \/>\n0% parfum \u2013 0% alcohol d\u00e9natur\u00e9<br \/>\npH neutre<\/p>\n<hr \/>\n<p><strong>TYPE DE PEAU<\/strong><br \/>\nSp\u00e9cialement recommand\u00e9 pour peau s\u00e8che et d\u00e9shydrat\u00e9e<\/p>\n<hr \/>\n<p><strong>CONSEILS D&#8217;UTILISATION<\/strong><br \/>\nAppliquez matin et soir en tapotant l\u00e9g\u00e8rement. Peut aussi \u00eatre utilis\u00e9 comme masque contour des yeux 10 \u00e0 15 minutes. <\/p>\n<hr \/>\n<p><strong>INGR\u00c9DIENTS<\/strong><br \/>\nExtrait d&#8217;iris, Acide Hyaluronique, Gomme de Caroube, Concentr\u00e9 de Fucose, Mousse d&#8217;Islande, Extrait de Bleuet, Complexe actif Syn-Eye &#8211; Panth\u00e9nol, Peptides<\/p>\n","protected":false},"featured_media":2323,"comment_status":"open","ping_status":"closed","template":"","meta":[],"use":[104],"ingredients":[286,305,277,273,303,288,290],"product_cat":[71],"product_tag":[],"acf":{"complex_text":"<strong>Extrait d'Iris:<\/strong> hydrate, fortifie et renforce la peau.<hr \/><strong>Acide hyaluronique:<\/strong> prot\u00e8ge la peau de la d\u00e9shydratation. Agit comme une \u00e9ponge, peut garder son propre poids en eau jusqu'\u00e0 1000 fois. A un effet repulpant permettant de diminuer l'aspect des rides et de combler les ridules.<hr \/><strong>Gomme de Caroube:<\/strong> agit en synergie avec l'acide hyaluronique. Forme un film protecteur sur la peau et aide \u00e0 garder la teneur en eau de la peau optimale.<hr \/><strong>Concentr\u00e9 de Fucose:<\/strong> renforce la barri\u00e8re cutan\u00e9e et aide \u00e0 stimuler la formation des k\u00e9ratinocytes de l'\u00e9piderme.<hr \/><strong>Mousse d'Islande:<\/strong> hydrate, apaise et prot\u00e8ge la peau du dess\u00e8chement.<hr \/><strong>Extrait de Bleuet: <\/strong> poss\u00e8de des propri\u00e9t\u00e9s apaisantes.<hr \/><strong>Complexe actif Syn-Eye - Panth\u00e9nol, Peptides et Micro-algue \u00abDunalliela Salina\u00bb:<\/strong> agit sur les cernes et stimule l\u2019activit\u00e9 cellulaire de la peau.","complex_cover":6253,"complex_background_color":"moisturizing-color"},"_links":{"self":[{"href":"https:\/\/www.mettler1929.ch\/fr\/wp-json\/wp\/v2\/product\/3457"}],"collection":[{"href":"https:\/\/www.mettler1929.ch\/fr\/wp-json\/wp\/v2\/product"}],"about":[{"href":"https:\/\/www.mettler1929.ch\/fr\/wp-json\/wp\/v2\/types\/product"}],"replies":[{"embeddable":true,"href":"https:\/\/www.mettler1929.ch\/fr\/wp-json\/wp\/v2\/comments?post=3457"}],"wp:featuredmedia":[{"embeddable":true,"href":"https:\/\/www.mettler1929.ch\/fr\/wp-json\/wp\/v2\/media\/2323"}],"wp:attachment":[{"href":"https:\/\/www.mettler1929.ch\/fr\/wp-json\/wp\/v2\/media?parent=3457"}],"wp:term":[{"taxonomy":"use","embeddable":true,"href":"https:\/\/www.mettler1929.ch\/fr\/wp-json\/wp\/v2\/use?post=3457"},{"taxonomy":"ingredients","embeddable":true,"href":"https:\/\/www.mettler1929.ch\/fr\/wp-json\/wp\/v2\/ingredients?post=3457"},{"taxonomy":"product_cat","embeddable":true,"href":"https:\/\/www.mettler1929.ch\/fr\/wp-json\/wp\/v2\/product_cat?post=3457"},{"taxonomy":"product_tag","embeddable":true,"href":"https:\/\/www.mettler1929.ch\/fr\/wp-json\/wp\/v2\/product_tag?post=3457"}],"curies":[{"name":"wp","href":"https:\/\/api.w.org\/{rel}","templated":true}]}}