{"id":3456,"date":"2019-06-12T12:29:00","date_gmt":"2019-06-12T12:29:00","guid":{"rendered":"https:\/\/www.mettler1929.ch\/product\/creme-lumiere-24h\/"},"modified":"2022-09-12T11:32:56","modified_gmt":"2022-09-12T11:32:56","slug":"creme-lumiere-24h","status":"publish","type":"product","link":"https:\/\/www.mettler1929.ch\/fr\/produit\/creme-lumiere-24h\/","title":{"rendered":"Cr\u00e8me Lumi\u00e8re 24h"},"content":{"rendered":"","protected":false},"excerpt":{"rendered":"<p>Cette cr\u00e8me nourrit et uniformise votre peau en r\u00e9duisant les t\u00e2ches de pigmentation pour vous offrir un teint sublim\u00e9.<\/p>\n<p>Sa texture biomim\u00e9tique (cristaux liquides) favorise une absorption et une performance efficace des ingr\u00e9dients actifs : pour un effet UNIQUE, IMM\u00c9DIAT et LONGUE DUR\u00c9E.<\/p>\n<p>0% parab\u00e8nes \u2013 0% paraffine<br \/>\npH neutre<\/p>\n<hr \/>\n<p><strong>TYPE DE PEAU<\/strong><br \/>\nPeau terne, \u00a0fatigu\u00e9e, avec des t\u00e2ches de pigmentation<\/p>\n<hr \/>\n<p><strong>CONSEILS D&#8217;UTILISATION<\/strong><br \/>\nSTEP 1: Appliquez le S\u00e9rum Perfection Lumi\u00e8re<br \/>\nSTEP 2: Utiliser l&#8217;\u00c9lixir Illuminateur de teint<br \/>\nSTEP 3: Appliquez la Cr\u00e8me 24h matin et soir sur le visage<\/p>\n<hr \/>\n<p><strong>INGR\u00c9DIENTS<\/strong><br \/>\nM\u00e9lange de 7 herbes des Alpes &#8211; primev\u00e8re, millefeuille, mauve, m\u00e9lisse, menthe poivr\u00e9e, alch\u00e9mille, v\u00e9ronique -, Marguerite, Vitamine C, Vitamine E, Extrait de r\u00e9glisse<\/p>\n","protected":false},"featured_media":2309,"comment_status":"open","ping_status":"closed","template":"","meta":[],"use":[105],"ingredients":[320,358,356,342,308],"product_cat":[70],"product_tag":[],"acf":{"complex_text":"<hr \/><strong>M\u00e9lange de 7 herbes des Alpes - Primev\u00e8re, Millefeuille, Mauve, M\u00e9lisse, Menthe Poivr\u00e9e, Alch\u00e9mille et V\u00e9ronique:<\/strong> unifie le teint et laisse la peau \u00e9clatante et lumineuse.<hr \/><strong>Marguerite:<\/strong> aide \u00e0 r\u00e9duire les probl\u00e8mes d\u2019hyperpigmentation localis\u00e9s li\u00e9s \u00e0 l\u2019\u00e2ge et \u00e0 r\u00e9guler la production de m\u00e9lanine. Eclaircit les taches cutan\u00e9es.<hr \/><strong>Vitamine C:<\/strong> poss\u00e8de des propri\u00e9t\u00e9s antioxydantes et uniformisantes.<hr \/><strong>Vitamine E:<\/strong> prot\u00e8ge contre les radicaux libres.<hr \/><strong>Extrait de r\u00e9glisse:<\/strong> a un effet calmant et aide \u00e0 r\u00e9duire l'hyperpigmentation des taches.","complex_cover":4401,"complex_background_color":"lightening-color"},"_links":{"self":[{"href":"https:\/\/www.mettler1929.ch\/fr\/wp-json\/wp\/v2\/product\/3456"}],"collection":[{"href":"https:\/\/www.mettler1929.ch\/fr\/wp-json\/wp\/v2\/product"}],"about":[{"href":"https:\/\/www.mettler1929.ch\/fr\/wp-json\/wp\/v2\/types\/product"}],"replies":[{"embeddable":true,"href":"https:\/\/www.mettler1929.ch\/fr\/wp-json\/wp\/v2\/comments?post=3456"}],"wp:featuredmedia":[{"embeddable":true,"href":"https:\/\/www.mettler1929.ch\/fr\/wp-json\/wp\/v2\/media\/2309"}],"wp:attachment":[{"href":"https:\/\/www.mettler1929.ch\/fr\/wp-json\/wp\/v2\/media?parent=3456"}],"wp:term":[{"taxonomy":"use","embeddable":true,"href":"https:\/\/www.mettler1929.ch\/fr\/wp-json\/wp\/v2\/use?post=3456"},{"taxonomy":"ingredients","embeddable":true,"href":"https:\/\/www.mettler1929.ch\/fr\/wp-json\/wp\/v2\/ingredients?post=3456"},{"taxonomy":"product_cat","embeddable":true,"href":"https:\/\/www.mettler1929.ch\/fr\/wp-json\/wp\/v2\/product_cat?post=3456"},{"taxonomy":"product_tag","embeddable":true,"href":"https:\/\/www.mettler1929.ch\/fr\/wp-json\/wp\/v2\/product_tag?post=3456"}],"curies":[{"name":"wp","href":"https:\/\/api.w.org\/{rel}","templated":true}]}}