{"id":3447,"date":"2019-06-12T12:29:05","date_gmt":"2019-06-12T12:29:05","guid":{"rendered":"https:\/\/www.mettler1929.ch\/product\/24h-moisturizing-cream\/"},"modified":"2023-03-01T11:20:25","modified_gmt":"2023-03-01T11:20:25","slug":"creme-hydratante-24h","status":"publish","type":"product","link":"https:\/\/www.mettler1929.ch\/fr\/produit\/creme-hydratante-24h\/","title":{"rendered":"Cr\u00e8me Hydratante 24h"},"content":{"rendered":"","protected":false},"excerpt":{"rendered":"<p>Le complexe revitalisant et \u00e9nergisant qui forme un film protecteur pour renforcer la barri\u00e8re cutan\u00e9e et offrir une hydratation durable.<\/p>\n<p>Sa texture biomim\u00e9tique favorise une absorption et une performance efficace des ingr\u00e9dients actifs : pour un effet UNIQUE, IMM\u00c9DIAT et LONGUE DUR\u00c9E.<\/p>\n<p>0% parab\u00e8nes \u2013 0% alcohol d\u00e9natur\u00e9<br \/>\npH neutre<\/p>\n<p><strong>R\u00e9sultats<\/strong>*<br \/>\nAm\u00e9lioration de l&#8217;hydratation de la peau :<br \/>\n+86% 1h apr\u00e8s application<br \/>\n+70% 4h apr\u00e8s application<br \/>\n+53% 8h apr\u00e8s application<br \/>\n+32% 24h apr\u00e8s application<\/p>\n<p><em>*test clinique sur 10 femmes avec une peau s\u00e8che \u00e0 tr\u00e8s s\u00e8che<\/em><\/p>\n<hr \/>\n<p><strong>TYPE DE PEAU<\/strong><br \/>\nPeau s\u00e8che et\/ou d\u00e9shydrat\u00e9e<\/p>\n<hr \/>\n<p><strong>CONSEILS D&#8217;UTILISATION<\/strong><br \/>\nSTEP 1: Utilisez le S\u00e9rum Hydratation Intense.<br \/>\nSTEP 2: Appliquez la Cr\u00e8me Hydratante 24h matin et soir.  <\/p>\n<hr \/>\n<p><strong>INGR\u00c9DIENTS<\/strong><br \/>\nExtrait d&#8217;Iris, Acide Hyaluronique, Gomme de caroube, Concentr\u00e9 de fucose, Mousse d&#8217;Islande, Vitamine C, Beurre de Karit\u00e9<\/p>\n","protected":false},"featured_media":2317,"comment_status":"open","ping_status":"closed","template":"","meta":[],"use":[105],"ingredients":[286,275,277,273,288,290,342],"product_cat":[71],"product_tag":[],"acf":{"complex_text":"<strong>Extrait d'Iris:<\/strong> hydrate, fortifie et renforce la peau.<hr \/><strong>Acide hyaluronique:<\/strong> prot\u00e8ge la peau de la d\u00e9shydratation. Agit comme une \u00e9ponge, peut garder son propre poids en eau jusqu'\u00e0 1000 fois. A un effet repulpant permettant de diminuer l'aspect des rides et de combler les ridules.<hr \/><strong>Gomme de caroube:<\/strong> agit en synergie avec l'acide hyaluronique. Forme un film protecteur sur la peau et aide \u00e0 garder la teneur en eau de la peau optimale.<hr \/><strong>Concentr\u00e9 de Fucose:<\/strong> renforce la barri\u00e8re cutan\u00e9e et aide \u00e0 stimuler la formation des k\u00e9ratinocytes de l'\u00e9piderme.<hr \/><strong>Mousse d'Islande:<\/strong> hydrate, apaise et prot\u00e8ge la peau du dess\u00e8chement<hr \/><strong>Vitamine C:<\/strong> poss\u00e8de des propri\u00e9t\u00e9s antioxydantes et uniformisantes.<hr \/><strong>Beurre de Karit\u00e9:<\/strong> prot\u00e8ge la peau du dess\u00e8chement et nourrit en profondeur.","complex_cover":4401,"complex_background_color":"moisturizing-color"},"_links":{"self":[{"href":"https:\/\/www.mettler1929.ch\/fr\/wp-json\/wp\/v2\/product\/3447"}],"collection":[{"href":"https:\/\/www.mettler1929.ch\/fr\/wp-json\/wp\/v2\/product"}],"about":[{"href":"https:\/\/www.mettler1929.ch\/fr\/wp-json\/wp\/v2\/types\/product"}],"replies":[{"embeddable":true,"href":"https:\/\/www.mettler1929.ch\/fr\/wp-json\/wp\/v2\/comments?post=3447"}],"wp:featuredmedia":[{"embeddable":true,"href":"https:\/\/www.mettler1929.ch\/fr\/wp-json\/wp\/v2\/media\/2317"}],"wp:attachment":[{"href":"https:\/\/www.mettler1929.ch\/fr\/wp-json\/wp\/v2\/media?parent=3447"}],"wp:term":[{"taxonomy":"use","embeddable":true,"href":"https:\/\/www.mettler1929.ch\/fr\/wp-json\/wp\/v2\/use?post=3447"},{"taxonomy":"ingredients","embeddable":true,"href":"https:\/\/www.mettler1929.ch\/fr\/wp-json\/wp\/v2\/ingredients?post=3447"},{"taxonomy":"product_cat","embeddable":true,"href":"https:\/\/www.mettler1929.ch\/fr\/wp-json\/wp\/v2\/product_cat?post=3447"},{"taxonomy":"product_tag","embeddable":true,"href":"https:\/\/www.mettler1929.ch\/fr\/wp-json\/wp\/v2\/product_tag?post=3447"}],"curies":[{"name":"wp","href":"https:\/\/api.w.org\/{rel}","templated":true}]}}