{"id":3443,"date":"2019-06-12T12:28:58","date_gmt":"2019-06-12T12:28:58","guid":{"rendered":"https:\/\/www.mettler1929.ch\/product\/repairing-soothing-hair-conditioner\/"},"modified":"2022-09-12T12:57:30","modified_gmt":"2022-09-12T12:57:30","slug":"apres-shampoing-reparateur-apaisant","status":"publish","type":"product","link":"https:\/\/www.mettler1929.ch\/fr\/produit\/apres-shampoing-reparateur-apaisant\/","title":{"rendered":"Apr\u00e8s-Shampoing R\u00e9parateur &amp; Apaisant"},"content":{"rendered":"","protected":false},"excerpt":{"rendered":"<p>Enrichi en extrait de Mimosa, ce soin apaise votre cuir chevelu, aide \u00e0 renforcer et gainer votre fibre capillaire. Vos cheveux retrouvent \u00a0leur pleine vitalit\u00e9, brillance et douceur.<\/p>\n<p>88% d\u2019ingr\u00e9dients d\u2019origine naturelle<br \/>\n0% parab\u00e8nes \u2013 0% paraffine \u2013 0% \u00e9thanol<br \/>\npH neutre<\/p>\n<hr \/>\n<p><strong>TYPE DE CHEVEUX<\/strong><br \/>\nSp\u00e9cialement pour cheveux secs et\/ou ab\u00eem\u00e9s et cuir chevelu sensible.<\/p>\n<hr \/>\n<p><strong>CONSEILS D&#8217;UTILISATION<\/strong><br \/>\nSTEP 1 : Utilisez le Shampoing pour Cheveux Secs<br \/>\nSTEP 2 : Appliquez l&#8217;apr\u00e8s-shampoing sur vos longueurs<br \/>\nSTEP 3 : Rincez soigneusement vos cheveux<\/p>\n<hr \/>\n<p><strong>INGR\u00c9DIENTS<\/strong><br \/>\nExtrait de Mimosa, Panth\u00e9nol, Prot\u00e9ine V\u00e9g\u00e9tale, Vitamine E, Huile d&#8217;Avocat, Beurre de Karit\u00e9, Huile d&#8217;Amande, Solution d&#8217;Oligo-\u00e9l\u00e9ments &#8211; cuivre, zinc, magn\u00e9sium<\/p>\n","protected":false},"featured_media":8391,"comment_status":"open","ping_status":"closed","template":"","meta":[],"use":[116],"ingredients":[275,334,269,306,294,283,285,308],"product_cat":[74],"product_tag":[],"acf":{"complex_text":"<hr \/><strong>Extrait de Mimosa:<\/strong> apaise la peau et am\u00e9liore son syst\u00e8me protecteur.<hr \/><strong> Panth\u00e9nol:<\/strong> r\u00e9g\u00e9n\u00e8re, hydrate et apaise.<hr \/><strong>Prot\u00e9ine V\u00e9g\u00e9tale:<\/strong> r\u00e9g\u00e9n\u00e8re, pr\u00e9vient les pointes fourchues, renforce la fibre capillaire. <hr \/><strong>Vitamine E:<\/strong> prot\u00e8ge contre les radicaux libres. A des vertus apaisantes. Gr\u00e2ce \u00e0 ses propri\u00e9t\u00e9s antioxydantes, aide la peau \u00e0 se prot\u00e9ger de la pollution et des autres facteurs de stress ext\u00e9rieurs.<hr \/><strong>Huile d'Avocat:<\/strong> hydrate et nourrit les cheveux en les laissant soyeux et lisses.<hr \/><strong>Beurre de Karit\u00e9 et Huile d'Amande:<\/strong> hydratent et nourrissent.<hr \/><strong>Solution d'Oligo-\u00e9l\u00e9ments - cuivre, zinc, magn\u00e9sium:<\/strong> revitalise les cheveux.","complex_cover":4461,"complex_background_color":"sensitive-color"},"_links":{"self":[{"href":"https:\/\/www.mettler1929.ch\/fr\/wp-json\/wp\/v2\/product\/3443"}],"collection":[{"href":"https:\/\/www.mettler1929.ch\/fr\/wp-json\/wp\/v2\/product"}],"about":[{"href":"https:\/\/www.mettler1929.ch\/fr\/wp-json\/wp\/v2\/types\/product"}],"replies":[{"embeddable":true,"href":"https:\/\/www.mettler1929.ch\/fr\/wp-json\/wp\/v2\/comments?post=3443"}],"wp:featuredmedia":[{"embeddable":true,"href":"https:\/\/www.mettler1929.ch\/fr\/wp-json\/wp\/v2\/media\/8391"}],"wp:attachment":[{"href":"https:\/\/www.mettler1929.ch\/fr\/wp-json\/wp\/v2\/media?parent=3443"}],"wp:term":[{"taxonomy":"use","embeddable":true,"href":"https:\/\/www.mettler1929.ch\/fr\/wp-json\/wp\/v2\/use?post=3443"},{"taxonomy":"ingredients","embeddable":true,"href":"https:\/\/www.mettler1929.ch\/fr\/wp-json\/wp\/v2\/ingredients?post=3443"},{"taxonomy":"product_cat","embeddable":true,"href":"https:\/\/www.mettler1929.ch\/fr\/wp-json\/wp\/v2\/product_cat?post=3443"},{"taxonomy":"product_tag","embeddable":true,"href":"https:\/\/www.mettler1929.ch\/fr\/wp-json\/wp\/v2\/product_tag?post=3443"}],"curies":[{"name":"wp","href":"https:\/\/api.w.org\/{rel}","templated":true}]}}