{"id":3441,"date":"2019-06-12T12:29:00","date_gmt":"2019-06-12T12:29:00","guid":{"rendered":"https:\/\/www.mettler1929.ch\/product\/freshness-softness-intimate-care\/"},"modified":"2022-09-12T12:41:28","modified_gmt":"2022-09-12T12:41:28","slug":"soin-fraicheur-douceur-intime","status":"publish","type":"product","link":"https:\/\/www.mettler1929.ch\/fr\/produit\/soin-fraicheur-douceur-intime\/","title":{"rendered":"Soin Fra\u00eecheur &amp; Douceur Intime"},"content":{"rendered":"","protected":false},"excerpt":{"rendered":"<p>Sp\u00e9cialemment formul\u00e9 pour nettoyer la zone intime en douceur. Respecte l&#8217;\u00e9quilibre de la flore vulvo-vaginale avec un pH doux. Tr\u00e8s frais et tr\u00e8s bien tol\u00e9r\u00e9. <\/p>\n<p>0% parab\u00e8nes &#8211; 0% paraffine &#8211; 0% parfum &#8211; 0% \u00e9thanol<br \/>\npH neutre<\/p>\n<hr \/>\n<p><strong>TYPE DE PEAU<\/strong><br \/>\nTout type de peau, sp\u00e9cialement recommand\u00e9 pour peau sensible<\/p>\n<hr \/>\n<p><strong>CONSEILS D&#8217;UTILISATION<\/strong><br \/>\nUtilisation quotidienne, rincez abondamment.<\/p>\n<hr \/>\n<p><strong>INGR\u00c9DIENTS<\/strong><br \/>\nExtrait de Mimosa, Panth\u00e9nol, Aloe Vera, Acide lactique<\/p>\n","protected":false},"featured_media":2345,"comment_status":"open","ping_status":"closed","template":"","meta":[],"use":[109],"ingredients":[372,271,334,294],"product_cat":[74],"product_tag":[],"acf":{"complex_text":"<hr \/><strong>Extrait de Mimosa:<\/strong> apaise la peau et am\u00e9liore son syst\u00e8me protecteur.<hr \/><strong> Panth\u00e9nol:<\/strong> r\u00e9g\u00e9n\u00e8re, hydrate et apaise.<hr \/><strong>Aloe Vera:<\/strong> contient des min\u00e9raux pr\u00e9cieux, des vitamines et des acides amin\u00e9s, hydrate et apaise la peau.<hr \/><strong>Acide lactique:<\/strong> respecte et prot\u00e8ge le pH naturel des zones intimes. Le manteau acide naturel est pr\u00e9serv\u00e9.","complex_cover":4417,"complex_background_color":"sensitive-color"},"_links":{"self":[{"href":"https:\/\/www.mettler1929.ch\/fr\/wp-json\/wp\/v2\/product\/3441"}],"collection":[{"href":"https:\/\/www.mettler1929.ch\/fr\/wp-json\/wp\/v2\/product"}],"about":[{"href":"https:\/\/www.mettler1929.ch\/fr\/wp-json\/wp\/v2\/types\/product"}],"replies":[{"embeddable":true,"href":"https:\/\/www.mettler1929.ch\/fr\/wp-json\/wp\/v2\/comments?post=3441"}],"wp:featuredmedia":[{"embeddable":true,"href":"https:\/\/www.mettler1929.ch\/fr\/wp-json\/wp\/v2\/media\/2345"}],"wp:attachment":[{"href":"https:\/\/www.mettler1929.ch\/fr\/wp-json\/wp\/v2\/media?parent=3441"}],"wp:term":[{"taxonomy":"use","embeddable":true,"href":"https:\/\/www.mettler1929.ch\/fr\/wp-json\/wp\/v2\/use?post=3441"},{"taxonomy":"ingredients","embeddable":true,"href":"https:\/\/www.mettler1929.ch\/fr\/wp-json\/wp\/v2\/ingredients?post=3441"},{"taxonomy":"product_cat","embeddable":true,"href":"https:\/\/www.mettler1929.ch\/fr\/wp-json\/wp\/v2\/product_cat?post=3441"},{"taxonomy":"product_tag","embeddable":true,"href":"https:\/\/www.mettler1929.ch\/fr\/wp-json\/wp\/v2\/product_tag?post=3441"}],"curies":[{"name":"wp","href":"https:\/\/api.w.org\/{rel}","templated":true}]}}