{"id":2976,"date":"2019-06-12T12:28:51","date_gmt":"2019-06-12T12:28:51","guid":{"rendered":"https:\/\/www.mettler1929.ch\/product\/savon-a-la-glycerine-2\/"},"modified":"2026-04-25T17:49:57","modified_gmt":"2026-04-25T17:49:57","slug":"savon-a-la-glycerine-2","status":"publish","type":"product","link":"https:\/\/www.mettler1929.ch\/fr\/produit\/savon-a-la-glycerine-2\/","title":{"rendered":"Savon \u00e0 la Glyc\u00e9rine"},"content":{"rendered":"","protected":false},"excerpt":{"rendered":"<p>Un SAVON naturel FABRIQU\u00c9 \u00c0 LA MAIN qui nettoie et hydrate d\u00e9licatement votre peau pour la laisser douce et soyeuse. <\/p>\n<p>Expert depuis 1929. <\/p>\n<p>92% d\u2019ingr\u00e9dients d\u2019origine naturelle<br \/>\n0% SLS \u2013 0% parab\u00e8nes \u2013 0% paraffine<br \/>\n100% biod\u00e9gradable<\/p>\n<hr \/>\n<p><strong>TYPE DE PEAU<\/strong><br \/>\nTout type de peau<\/p>\n<hr \/>\n<p><strong>CONSEILS D&#8217;UTILISATION<\/strong><br \/>\nUtilisation quotidienne pour visage et corps<\/p>\n<hr \/>\n<p><strong>INGR\u00c9DIENTS<\/strong><br \/>\nGlyc\u00e9rine, Huile de Noix de Coco<\/p>\n","protected":false},"featured_media":2305,"comment_status":"open","ping_status":"closed","template":"","meta":[],"use":[109,106,105],"ingredients":[296,366],"product_cat":[69],"product_tag":[],"acf":{"complex_text":"<strong>Glyc\u00e9rine:<\/strong> poss\u00e8de de fortes propri\u00e9t\u00e9s hydratantes. Normalise la desquamation de la peau et am\u00e9liore durablement son \u00e9lasticit\u00e9 tout en l'adoucissant.<hr \/><strong> Huile de Noix de Coco:<\/strong> sert de base \u00e0 la reaction de saponification.","complex_cover":"","complex_background_color":"glycerin-color"},"_links":{"self":[{"href":"https:\/\/www.mettler1929.ch\/fr\/wp-json\/wp\/v2\/product\/2976"}],"collection":[{"href":"https:\/\/www.mettler1929.ch\/fr\/wp-json\/wp\/v2\/product"}],"about":[{"href":"https:\/\/www.mettler1929.ch\/fr\/wp-json\/wp\/v2\/types\/product"}],"replies":[{"embeddable":true,"href":"https:\/\/www.mettler1929.ch\/fr\/wp-json\/wp\/v2\/comments?post=2976"}],"wp:featuredmedia":[{"embeddable":true,"href":"https:\/\/www.mettler1929.ch\/fr\/wp-json\/wp\/v2\/media\/2305"}],"wp:attachment":[{"href":"https:\/\/www.mettler1929.ch\/fr\/wp-json\/wp\/v2\/media?parent=2976"}],"wp:term":[{"taxonomy":"use","embeddable":true,"href":"https:\/\/www.mettler1929.ch\/fr\/wp-json\/wp\/v2\/use?post=2976"},{"taxonomy":"ingredients","embeddable":true,"href":"https:\/\/www.mettler1929.ch\/fr\/wp-json\/wp\/v2\/ingredients?post=2976"},{"taxonomy":"product_cat","embeddable":true,"href":"https:\/\/www.mettler1929.ch\/fr\/wp-json\/wp\/v2\/product_cat?post=2976"},{"taxonomy":"product_tag","embeddable":true,"href":"https:\/\/www.mettler1929.ch\/fr\/wp-json\/wp\/v2\/product_tag?post=2976"}],"curies":[{"name":"wp","href":"https:\/\/api.w.org\/{rel}","templated":true}]}}