{"id":2941,"date":"2019-06-12T12:29:05","date_gmt":"2019-06-12T12:29:05","guid":{"rendered":"https:\/\/www.mettler1929.ch\/product\/creme-contour-des-yeux-regard-precieux\/"},"modified":"2022-07-04T14:24:06","modified_gmt":"2022-07-04T14:24:06","slug":"creme-contour-des-yeux-regard-precieux","status":"publish","type":"product","link":"https:\/\/www.mettler1929.ch\/fr\/produit\/creme-contour-des-yeux-regard-precieux\/","title":{"rendered":"Cr\u00e8me Contour des Yeux Regard Pr\u00e9cieux"},"content":{"rendered":"","protected":false},"excerpt":{"rendered":"<p>La puissance des plantes suisses regroup\u00e9es en un soin qui att\u00e9nue visiblement les cernes tout en illuminant le contour des yeux pour un teint radieux.<\/p>\n<p>Sa texture biomim\u00e9tique favorise une absorption et une performance efficace des ingr\u00e9dients actifs : pour un effet UNIQUE, IMM\u00c9DIAT et LONGUE DUR\u00c9E.<\/p>\n<p>85% d\u2019ingr\u00e9dients d\u2019origine naturelle<br \/>\n0% parab\u00e8nes \u2013 0% paraffine \u2013 0% parfum \u2013 0% alcool<br \/>\npH neutre<\/p>\n<hr \/>\n<p><strong>TYPE DE PEAU<\/strong><br \/>\nPeau terne, fatigu\u00e9e, avec des t\u00e2ches de pigmentation dues \u00e0 l&#8217;\u00e2ge<\/p>\n<hr \/>\n<p><strong>CONSEILS D&#8217;UTILISATION<\/strong><br \/>\nMassez d\u00e9licatement matin et soir en \u00e9vitant le contact direct avec les yeux.<\/p>\n<hr \/>\n<p><strong>INGR\u00c9DIENTS<\/strong><br \/>\nM\u00e9lange de 7 herbes des Alpes &#8211; primev\u00e8re, millefeuille, mauve, m\u00e9lisse, menthe poivr\u00e9e, alch\u00e9mille, v\u00e9ronique -, Marguerite, Extrait d&#8217;Avoine, Extrait d&#8217;\u00e9corce de Fr\u00eane, Vitamine C, Squalane Naturel d&#8217;Olivier<\/p>\n","protected":false},"featured_media":2307,"comment_status":"open","ping_status":"closed","template":"","meta":[],"use":[104],"ingredients":[320,314,360,358,340,348,342],"product_cat":[70],"product_tag":[],"acf":{"complex_text":"<hr \/><strong>M\u00e9lange de 7 herbes des Alpes - Primev\u00e8re, Millefeuille, Mauve, M\u00e9lisse, Menthe Poivr\u00e9e, Alch\u00e9mille et V\u00e9ronique:<\/strong> unifie le teint et laisse la peau \u00e9clatante et lumineuse.<hr \/><strong>Marguerite:<\/strong> aide \u00e0 r\u00e9duire les probl\u00e8mes d\u2019hyperpigmentation localis\u00e9s li\u00e9s \u00e0 l\u2019\u00e2ge et \u00e0 r\u00e9guler la production de m\u00e9lanine. Eclaircit les taches cutan\u00e9es.<hr \/><strong>Extrait d'Avoine:<\/strong> hydrate.<hr \/><strong>Extrait d'\u00e9corce de Fr\u00eane:<\/strong> att\u00e9nue les poches sous les yeux.<hr \/><strong>Vitamine C:<\/strong> poss\u00e8de des propri\u00e9t\u00e9s antioxydantes et uniformisantes.<hr \/><strong> Squalane naturel d'Olivier:<\/strong> prot\u00e8ge la peau de la perte d'humidit\u00e9.<hr \/><strong>Saccharide Isom\u00e9rate \u2013 ingr\u00e9dient actif \u00e0 base de bl\u00e9:<\/strong> apaise, am\u00e9liore la r\u00e9tention d'humidit\u00e9 de la peau et hydrate en profondeur.","complex_cover":4401,"complex_background_color":"lightening-color"},"_links":{"self":[{"href":"https:\/\/www.mettler1929.ch\/fr\/wp-json\/wp\/v2\/product\/2941"}],"collection":[{"href":"https:\/\/www.mettler1929.ch\/fr\/wp-json\/wp\/v2\/product"}],"about":[{"href":"https:\/\/www.mettler1929.ch\/fr\/wp-json\/wp\/v2\/types\/product"}],"replies":[{"embeddable":true,"href":"https:\/\/www.mettler1929.ch\/fr\/wp-json\/wp\/v2\/comments?post=2941"}],"wp:featuredmedia":[{"embeddable":true,"href":"https:\/\/www.mettler1929.ch\/fr\/wp-json\/wp\/v2\/media\/2307"}],"wp:attachment":[{"href":"https:\/\/www.mettler1929.ch\/fr\/wp-json\/wp\/v2\/media?parent=2941"}],"wp:term":[{"taxonomy":"use","embeddable":true,"href":"https:\/\/www.mettler1929.ch\/fr\/wp-json\/wp\/v2\/use?post=2941"},{"taxonomy":"ingredients","embeddable":true,"href":"https:\/\/www.mettler1929.ch\/fr\/wp-json\/wp\/v2\/ingredients?post=2941"},{"taxonomy":"product_cat","embeddable":true,"href":"https:\/\/www.mettler1929.ch\/fr\/wp-json\/wp\/v2\/product_cat?post=2941"},{"taxonomy":"product_tag","embeddable":true,"href":"https:\/\/www.mettler1929.ch\/fr\/wp-json\/wp\/v2\/product_tag?post=2941"}],"curies":[{"name":"wp","href":"https:\/\/api.w.org\/{rel}","templated":true}]}}