{"id":2478,"date":"2019-06-12T12:29:06","date_gmt":"2019-06-12T12:29:06","guid":{"rendered":"https:\/\/www.mettler1929.ch\/product\/detox-creme-anti-pollution\/"},"modified":"2023-04-13T10:02:48","modified_gmt":"2023-04-13T10:02:48","slug":"detox-creme-anti-pollution","status":"publish","type":"product","link":"https:\/\/www.mettler1929.ch\/fr\/produit\/detox-creme-anti-pollution\/","title":{"rendered":"Detox Cr\u00e8me Anti-Pollution"},"content":{"rendered":"","protected":false},"excerpt":{"rendered":"<p>Les riches ingr\u00e9dients naturels pour clarifier, apaiser et resserrer vos pores. Votre peau est efficacement prot\u00e9g\u00e9e des facteurs ext\u00e9rieurs.<\/p>\n<p>Sa texture biomim\u00e9tique favorise une absorption et une performance efficace des ingr\u00e9dients actifs : pour un effet UNIQUE, IMM\u00c9DIAT et LONGUE DUR\u00c9E.<\/p>\n<p>96% d\u2019ingr\u00e9dients d\u2019origine naturelle<br \/>\n0% parab\u00e8nes \u2013 0% paraffine \u2013 0% alcohol d\u00e9natur\u00e9<br \/>\npH neutre<\/p>\n<hr \/>\n<p><strong>TYPE DE PEAU<\/strong><br \/>\nPeau normale et mixte<\/p>\n<hr \/>\n<p><strong>CONSEILS D&#8217;UTILISATION<\/strong><br \/>\nSTEP 1 : Utilisez au pr\u00e9alable le Detox S\u00e9rum Purifiant Profond.<br \/>\nSTEP 2 : Appliquer la cr\u00e8me d\u00e9tox, matin et soir.<\/p>\n<hr \/>\n<p><strong>INGR\u00c9DIENTS<\/strong><br \/>\nExtrait d&#8217;Hamamelis, Extrait de Cannelle, Extrait de Plantain Lanc\u00e9ol\u00e9, Extrait de Lierre, Extrait de Levure &#8211; Extrait de candida saitoana, Vitamine C<\/p>\n","protected":false},"featured_media":2263,"comment_status":"open","ping_status":"closed","template":"","meta":[],"use":[105],"ingredients":[281,368,322,374,326,342],"product_cat":[68],"product_tag":[],"acf":{"complex_text":"<strong>Extrait d'Hamam\u00e9lis:<\/strong> a un effet purifiant, tonifiant et astringent tout en \u00e9tant tr\u00e8s doux. Resserre les pores de la peau.<hr \/><strong>Extrait de Cannelle:<\/strong> a un effet relaxant et clarifiant. Est r\u00e9put\u00e9e pour ses vertus antioxydantes.<hr \/><strong>Extrait de Plantain Lanc\u00e9ol\u00e9:<\/strong> a un effet apaisant, astringent et clarifiant.<hr \/><strong>Extrait de Lierre:<\/strong> a des propri\u00e9t\u00e9s purifiantes et aide \u00e0 resserrer les pores.<hr \/><strong>Extrait de Levure - Extrait de Candida Saitoana:<\/strong> renforce l'effet d\u00e9toxifiant et prot\u00e8ge la peau du stress ext\u00e9rieur.<hr \/><strong>Vitamine C:<\/strong> poss\u00e8de des propri\u00e9t\u00e9s antioxydantes et uniformisantes.","complex_cover":4401,"complex_background_color":"detox-color"},"_links":{"self":[{"href":"https:\/\/www.mettler1929.ch\/fr\/wp-json\/wp\/v2\/product\/2478"}],"collection":[{"href":"https:\/\/www.mettler1929.ch\/fr\/wp-json\/wp\/v2\/product"}],"about":[{"href":"https:\/\/www.mettler1929.ch\/fr\/wp-json\/wp\/v2\/types\/product"}],"replies":[{"embeddable":true,"href":"https:\/\/www.mettler1929.ch\/fr\/wp-json\/wp\/v2\/comments?post=2478"}],"wp:featuredmedia":[{"embeddable":true,"href":"https:\/\/www.mettler1929.ch\/fr\/wp-json\/wp\/v2\/media\/2263"}],"wp:attachment":[{"href":"https:\/\/www.mettler1929.ch\/fr\/wp-json\/wp\/v2\/media?parent=2478"}],"wp:term":[{"taxonomy":"use","embeddable":true,"href":"https:\/\/www.mettler1929.ch\/fr\/wp-json\/wp\/v2\/use?post=2478"},{"taxonomy":"ingredients","embeddable":true,"href":"https:\/\/www.mettler1929.ch\/fr\/wp-json\/wp\/v2\/ingredients?post=2478"},{"taxonomy":"product_cat","embeddable":true,"href":"https:\/\/www.mettler1929.ch\/fr\/wp-json\/wp\/v2\/product_cat?post=2478"},{"taxonomy":"product_tag","embeddable":true,"href":"https:\/\/www.mettler1929.ch\/fr\/wp-json\/wp\/v2\/product_tag?post=2478"}],"curies":[{"name":"wp","href":"https:\/\/api.w.org\/{rel}","templated":true}]}}