{"id":12132,"date":"2020-07-03T12:37:47","date_gmt":"2020-07-03T12:37:50","guid":{"rendered":"https:\/\/www.mettler1929.ch\/?post_type=product&#038;p=12132"},"modified":"2022-07-26T12:15:35","modified_gmt":"2022-07-26T12:15:35","slug":"coffret-decouverte-ligne-stc-anti-age","status":"publish","type":"product","link":"https:\/\/www.mettler1929.ch\/fr\/produit\/coffret-decouverte-ligne-stc-anti-age\/","title":{"rendered":"Coffret D\u00e9couverte Ligne STC Anti-\u00c2ge"},"content":{"rendered":"","protected":false},"excerpt":{"rendered":"<p>Les 7 \u00a0incontournables soins pour sublimer votre peau :<br \/>\n&#8211; STC S\u00e9rum Anti-\u00c2ge 15 ml<br \/>\n&#8211; STC Cr\u00e8me 24h Anti-\u00c2ge 20 ml<br \/>\n&#8211; STC Cr\u00e8me Contour des Yeux Anti-\u00c2ge 5 ml<br \/>\n&#8211; STC Cr\u00e8me pour les Mains Anti-\u00c2ge 30 ml<br \/>\n&#8211; Gel Douche Tonifiant \u00e0 l&#8217;Extrait de Pomme Verte 40 ml<br \/>\n&#8211; Shampoing 2 en 1 \u00e0 l&#8217;Extrait de Pomme Verte 40 ml<br \/>\n&#8211; Savon \u00e0 l&#8217;Extrait de Pomme Verte 40 g<\/p>\n<p>0% parab\u00e8nes &#8211; 0% \u00e9thanol<\/p>\n<hr \/>\n<p><strong>TYPE DE PEAU<\/strong><br \/>\nTout type de peau, lutter proactivement contre le vieillissement cutan\u00e9<\/p>\n<hr \/>\n<p><strong>CONSEILS D\u2019UTILISATION<\/strong><br \/>\nUtilisation quotidienne de ces soins hautement performants<\/p>\n<hr \/>\n<p><strong>INGR\u00c9DIENTS<\/strong><br \/>\nCellules Souches de Pomme \u2013 Complexe PhytoCellTec \u2122 Malus Domestica, Extrait Naturel de Pomme Verte, Glyc\u00e9rine, Acide Hyaluronique, Panth\u00e9nol, Peptides, Vitamine C<\/p>\n","protected":false},"featured_media":16026,"comment_status":"open","ping_status":"closed","template":"","meta":[],"use":[116,109,106,105,104],"ingredients":[286,275,318,277,271,314,370,301,296,338,344,316,294,311,310,340,342,308],"product_cat":[73,72,178],"product_tag":[],"acf":{"complex_text":"<strong>PhytoCellTec \u2122 Malus Domestica:<\/strong> pr\u00e9paration liposomale brevet\u00e9e de cellules souches de pomme d\u00e9riv\u00e9es de la vari\u00e9t\u00e9 \u00abUttwiler Sp\u00e4tlauber\u00bb, une pomme suisse. Ce complexe retarde le processus de vieillissement de la peau.<hr \/><strong>Extrait de Pomme Verte:<\/strong> a des propri\u00e9t\u00e9s apaisantes et astringentes qui tonifient la peau.<hr \/><strong>Glyc\u00e9rine:<\/strong> poss\u00e8de de fortes propri\u00e9t\u00e9s hydratantes. Normalise la desquamation de la peau et am\u00e9liore durablement son \u00e9lasticit\u00e9 tout en l'adoucissant.<hr \/><strong>Acide hyaluronique:<\/strong> prot\u00e8ge la peau de la d\u00e9shydratation. Agit comme une \u00e9ponge, peut garder son propre poids en eau jusqu\u2019\u00e0 1000 fois. A un effet repulpant permettant de diminuer l\u2019aspect des rides et de combler les ridules.<hr \/><strong>Panth\u00e9nol:<\/strong> r\u00e9g\u00e9n\u00e8re, hydrate et apaise.<hr \/><strong>Peptides:<\/strong> stimule la production de collag\u00e8ne et raffermit la peau.<hr \/><strong>Vitamine C:<\/strong> poss\u00e8de des propri\u00e9t\u00e9s antioxydantes et uniformisantes.","complex_cover":"","complex_background_color":"stc-color"},"_links":{"self":[{"href":"https:\/\/www.mettler1929.ch\/fr\/wp-json\/wp\/v2\/product\/12132"}],"collection":[{"href":"https:\/\/www.mettler1929.ch\/fr\/wp-json\/wp\/v2\/product"}],"about":[{"href":"https:\/\/www.mettler1929.ch\/fr\/wp-json\/wp\/v2\/types\/product"}],"replies":[{"embeddable":true,"href":"https:\/\/www.mettler1929.ch\/fr\/wp-json\/wp\/v2\/comments?post=12132"}],"wp:featuredmedia":[{"embeddable":true,"href":"https:\/\/www.mettler1929.ch\/fr\/wp-json\/wp\/v2\/media\/16026"}],"wp:attachment":[{"href":"https:\/\/www.mettler1929.ch\/fr\/wp-json\/wp\/v2\/media?parent=12132"}],"wp:term":[{"taxonomy":"use","embeddable":true,"href":"https:\/\/www.mettler1929.ch\/fr\/wp-json\/wp\/v2\/use?post=12132"},{"taxonomy":"ingredients","embeddable":true,"href":"https:\/\/www.mettler1929.ch\/fr\/wp-json\/wp\/v2\/ingredients?post=12132"},{"taxonomy":"product_cat","embeddable":true,"href":"https:\/\/www.mettler1929.ch\/fr\/wp-json\/wp\/v2\/product_cat?post=12132"},{"taxonomy":"product_tag","embeddable":true,"href":"https:\/\/www.mettler1929.ch\/fr\/wp-json\/wp\/v2\/product_tag?post=12132"}],"curies":[{"name":"wp","href":"https:\/\/api.w.org\/{rel}","templated":true}]}}