{"id":12031,"date":"2020-06-30T14:59:17","date_gmt":"2020-06-30T14:59:19","guid":{"rendered":"https:\/\/www.mettler1929.ch\/?post_type=product&#038;p=12031"},"modified":"2022-07-26T12:11:07","modified_gmt":"2022-07-26T12:11:07","slug":"coffret-cassis-pour-cheveux-corps","status":"publish","type":"product","link":"https:\/\/www.mettler1929.ch\/fr\/produit\/coffret-cassis-pour-cheveux-corps\/","title":{"rendered":"Coffret Cassis pour Cheveux &amp; Corps"},"content":{"rendered":"","protected":false},"excerpt":{"rendered":"<p>Ce duo nettoie, nourrit et revitalise les cheveux et la peau. Son parfum fruit\u00e9 et sa couleur vive font de ce Coffret Cassis pour Cheveux &amp; Corps une belle attention pour une occasion sp\u00e9ciale en famille ou entre amis.<\/p>\n<p>Le coffret contient:<br \/>\n\u2013 Shampoing 2 en 1 \u00e0 l&#8217;Extrait de Cassis 200ml<br \/>\n\u2013 Gel Douche Revitalisant \u00e0 l&#8217;Extrait de Cassis 200ml<\/p>\n<p>0% parab\u00e8nes &#8211; 0% paraffine &#8211; 0% \u00e9thanol<br \/>\npH neutre <\/p>\n<hr \/>\n<p><strong>TYPE DE PEAU ET CHEVEUX   <\/strong><br \/>\nTout type de peau et cheveux<\/p>\n<hr \/>\n<p><strong>CONSEILS D\u2019UTILISATION<\/strong><br \/>\nUtilisation quotidienne, adapt\u00e9 pour toute la famille<br \/>\n2 en 1: Shampoing &amp; Apr\u00e8s-shampoing, ce qui rend ce produit id\u00e9al pour le sport et les vacances.<\/p>\n<hr \/>\n<p><strong>INGR\u00c9DIENTS<\/strong><br \/>\nExtrait Naturel de Cassis , Glyc\u00e9rine, Panth\u00e9nol<\/p>\n","protected":false},"featured_media":14325,"comment_status":"open","ping_status":"closed","template":"","meta":[],"use":[116,109],"ingredients":[299,296,294],"product_cat":[72,178],"product_tag":[],"acf":{"complex_text":"<strong>Glyc\u00e9rine:<\/strong> poss\u00e8de de fortes propri\u00e9t\u00e9s hydratantes. Normalise la desquamation de la peau et am\u00e9liore durablement son \u00e9lasticit\u00e9 tout en l'adoucissant.<hr \/><strong>Extrait de Cassis:<\/strong> contient des antioxydants et vitamines pour nourrir et adoucir la peau. Restaure l\u2019\u00e9clat naturel des cheveux.<hr \/><strong>Panth\u00e9nol:<\/strong> r\u00e9g\u00e9n\u00e8re, hydrate et apaise. Renforce et nourrit la fibre capillaire.","complex_cover":"","complex_background_color":"fruit-color"},"_links":{"self":[{"href":"https:\/\/www.mettler1929.ch\/fr\/wp-json\/wp\/v2\/product\/12031"}],"collection":[{"href":"https:\/\/www.mettler1929.ch\/fr\/wp-json\/wp\/v2\/product"}],"about":[{"href":"https:\/\/www.mettler1929.ch\/fr\/wp-json\/wp\/v2\/types\/product"}],"replies":[{"embeddable":true,"href":"https:\/\/www.mettler1929.ch\/fr\/wp-json\/wp\/v2\/comments?post=12031"}],"wp:featuredmedia":[{"embeddable":true,"href":"https:\/\/www.mettler1929.ch\/fr\/wp-json\/wp\/v2\/media\/14325"}],"wp:attachment":[{"href":"https:\/\/www.mettler1929.ch\/fr\/wp-json\/wp\/v2\/media?parent=12031"}],"wp:term":[{"taxonomy":"use","embeddable":true,"href":"https:\/\/www.mettler1929.ch\/fr\/wp-json\/wp\/v2\/use?post=12031"},{"taxonomy":"ingredients","embeddable":true,"href":"https:\/\/www.mettler1929.ch\/fr\/wp-json\/wp\/v2\/ingredients?post=12031"},{"taxonomy":"product_cat","embeddable":true,"href":"https:\/\/www.mettler1929.ch\/fr\/wp-json\/wp\/v2\/product_cat?post=12031"},{"taxonomy":"product_tag","embeddable":true,"href":"https:\/\/www.mettler1929.ch\/fr\/wp-json\/wp\/v2\/product_tag?post=12031"}],"curies":[{"name":"wp","href":"https:\/\/api.w.org\/{rel}","templated":true}]}}