{"id":3713,"date":"2020-01-30T15:48:48","date_gmt":"2020-01-30T15:48:48","guid":{"rendered":"https:\/\/www.mettler1929.ch\/expedition\/"},"modified":"2020-05-14T08:18:36","modified_gmt":"2020-05-14T08:18:36","slug":"expedition","status":"publish","type":"page","link":"https:\/\/www.mettler1929.ch\/fr\/expedition\/","title":{"rendered":"Exp\u00e9dition"},"content":{"rendered":"\n<p>Mettler exp\u00e9die les marchandises achet\u00e9es en ligne dans le monde entier. L&#8217;envoi a lieu une fois confirmation de r\u00e9ception du paiement. Veuillez noter que la livraison a lieu aux risques du destinataire.<\/p>\n\n<p><strong>FRAIS DE LIVRAISON &amp; COMMANDE MINIMALE<\/strong><\/p>\n\n<p>Suisse: CHF 9.80.- Aucuns frais de livraison ne seront factur\u00e9s pour toute commande sup\u00e9rieure \u00e0 CHF 100.-<\/p>\n\n<p>Europe: CHF 34.- Aucuns frais de livraison ne seront factur\u00e9s pour toute commande sup\u00e9rieure \u00e0 CHF 250.-<\/p>\n\n<p>Canada \/ USA: CHF 44.- Aucuns frais de livraison ne seront factur\u00e9s pour toute commande sup\u00e9rieure \u00e0 CHF 250.-<\/p>\n\n<p>Oc\u00e9anie: CHF 53.- Aucuns frais de livraison ne seront factur\u00e9s pour toute commande sup\u00e9rieure \u00e0 CHF 250.-<\/p>\n\n<p>Asie: CHF 53.- Aucuns frais de livraison ne seront factur\u00e9s pour toute commande sup\u00e9rieure \u00e0 CHF 250.-<\/p>\n\n<p>Afrique: CHF 53.- Aucuns frais de livraison ne seront factur\u00e9s pour toute commande sup\u00e9rieure \u00e0 CHF 250.-<\/p>\n\n<p><strong>D\u00c9LAI DE LIVRAISON<\/strong><\/p>\n\n<p>Sauf indication contraire dans la confirmation de commande, la livraison a lieu env. 5 &#8211; 20 jours ouvrables (selon le pays de destination), une fois r\u00e9ception de confirmation du paiement. En l&#8217;absence de livraison durant le d\u00e9lai indiqu\u00e9 ci-dessus, l&#8217;acqu\u00e9reur est autoris\u00e9 \u00e0 r\u00e9silier le contrat. Cette r\u00e9siliation n&#8217;est valable que si elle est communiqu\u00e9e par lettre recommand\u00e9e. Dans le cas contraire, les revendications de l&#8217;acqu\u00e9reur li\u00e9es au retard de livraison ou \u00e0 la r\u00e9siliation sont express\u00e9ment exclues.<\/p>\n\n<p><strong>PRIX<\/strong><\/p>\n\n<p>Les prix indiqu\u00e9s sur le site officiel de Mettler sont susceptibles d&#8217;\u00eatre modifi\u00e9s \u00e0 tout moment sans pr\u00e9avis. En cas de modifications lors du traitement d&#8217;une commande en raison de l&#8217;augmentation des co\u00fbts, de charges fiscales suppl\u00e9mentaires, de droits de douane accrus ou de fortes fluctuations mon\u00e9taires, Mettler1929 se r\u00e9serve le droit de proc\u00e9der \u00e0 un ajustement de prix correspondant.<\/p>\n\n<p><strong>T.V.A<\/strong><\/p>\n\n<p>Les prix indiqu\u00e9s incluent la taxe sur la valeur ajout\u00e9e l\u00e9gale en Suisse.<\/p>\n\n<p><strong>FRAIS DE DOUANE<\/strong><br \/><\/p>\n\n<p>Pour toutes les livraisons hors de Suisse, les droits de douane et taxes locales sont \u00e0 la charge de l&#8217;acheteur.<\/p>\n","protected":false},"excerpt":{"rendered":"<p>Mettler exp\u00e9die les marchandises achet\u00e9es en ligne dans le monde entier. L&#8217;envoi a lieu une fois confirmation de r\u00e9ception du paiement. Veuillez noter que la livraison a lieu aux risques du destinataire. FRAIS DE LIVRAISON &amp; COMMANDE MINIMALE Suisse: CHF 9.80.- Aucuns frais de livraison ne seront factur\u00e9s pour toute commande sup\u00e9rieure \u00e0 CHF 100.- [&hellip;]<\/p>\n","protected":false},"author":1,"featured_media":0,"parent":0,"menu_order":0,"comment_status":"closed","ping_status":"closed","template":"templates\/template-text-page.php","meta":[],"acf":[],"_links":{"self":[{"href":"https:\/\/www.mettler1929.ch\/fr\/wp-json\/wp\/v2\/pages\/3713"}],"collection":[{"href":"https:\/\/www.mettler1929.ch\/fr\/wp-json\/wp\/v2\/pages"}],"about":[{"href":"https:\/\/www.mettler1929.ch\/fr\/wp-json\/wp\/v2\/types\/page"}],"author":[{"embeddable":true,"href":"https:\/\/www.mettler1929.ch\/fr\/wp-json\/wp\/v2\/users\/1"}],"replies":[{"embeddable":true,"href":"https:\/\/www.mettler1929.ch\/fr\/wp-json\/wp\/v2\/comments?post=3713"}],"version-history":[{"count":1,"href":"https:\/\/www.mettler1929.ch\/fr\/wp-json\/wp\/v2\/pages\/3713\/revisions"}],"predecessor-version":[{"id":9645,"href":"https:\/\/www.mettler1929.ch\/fr\/wp-json\/wp\/v2\/pages\/3713\/revisions\/9645"}],"wp:attachment":[{"href":"https:\/\/www.mettler1929.ch\/fr\/wp-json\/wp\/v2\/media?parent=3713"}],"curies":[{"name":"wp","href":"https:\/\/api.w.org\/{rel}","templated":true}]}}