{"id":3643,"date":"2020-01-29T14:01:04","date_gmt":"2020-01-29T14:01:04","guid":{"rendered":"https:\/\/www.mettler1929.ch\/reclamations-retour\/"},"modified":"2020-01-30T16:07:37","modified_gmt":"2020-01-30T16:07:37","slug":"reclamations-retour","status":"publish","type":"page","link":"https:\/\/www.mettler1929.ch\/fr\/reclamations-retour\/","title":{"rendered":"R\u00e9clamations \/ Retour"},"content":{"rendered":"\n<p>Les livraisons erron\u00e9es, les diff\u00e9rences de quantit\u00e9 et les d\u00e9fauts apparents doivent imm\u00e9diatement, au plus tard pendant les 5 jours ouvrables suivant la r\u00e9ception de la marchandise, \u00eatre signal\u00e9s par \u00e9crit \u00e0 Mettler-Seifen. Les vices cach\u00e9s peuvent faire l&#8217;objet d&#8217;une r\u00e9clamation \u00e9crite jusqu&#8217;\u00e0 six mois apr\u00e8s r\u00e9ception de la marchandise. Les retours ne sont accept\u00e9s qu&#8217;avec l&#8217;accord pr\u00e9alable de Mettler-Seifen et accompagn\u00e9s de la totalit\u00e9 des produits et d&#8217;une copie de la facture. L&#8217;acqu\u00e9reur est responsable du transport dans les r\u00e8gles de l&#8217;art de la marchandise. Les frais d&#8217;envoi sont \u00e0 sa charge. Mettler-Seifen d\u00e9cide, \u00e0 sa discr\u00e9tion, si une livraison d\u00e9fectueuse doit \u00eatre corrig\u00e9e ou remplac\u00e9e en totalit\u00e9 ou en partie. Tous les autres droits de garantie sont express\u00e9ment exclus. Mettler-Seifen ne peut, en particulier, \u00eatre tenu responsable des dommages directs ou indirects.<\/p>\n\n\n","protected":false},"excerpt":{"rendered":"<p>Les livraisons erron\u00e9es, les diff\u00e9rences de quantit\u00e9 et les d\u00e9fauts apparents doivent imm\u00e9diatement, au plus tard pendant les 5 jours ouvrables suivant la r\u00e9ception de la marchandise, \u00eatre signal\u00e9s par \u00e9crit \u00e0 Mettler-Seifen. Les vices cach\u00e9s peuvent faire l&#8217;objet d&#8217;une r\u00e9clamation \u00e9crite jusqu&#8217;\u00e0 six mois apr\u00e8s r\u00e9ception de la marchandise. Les retours ne sont accept\u00e9s [&hellip;]<\/p>\n","protected":false},"author":1,"featured_media":0,"parent":0,"menu_order":0,"comment_status":"closed","ping_status":"closed","template":"templates\/template-text-page.php","meta":[],"acf":[],"_links":{"self":[{"href":"https:\/\/www.mettler1929.ch\/fr\/wp-json\/wp\/v2\/pages\/3643"}],"collection":[{"href":"https:\/\/www.mettler1929.ch\/fr\/wp-json\/wp\/v2\/pages"}],"about":[{"href":"https:\/\/www.mettler1929.ch\/fr\/wp-json\/wp\/v2\/types\/page"}],"author":[{"embeddable":true,"href":"https:\/\/www.mettler1929.ch\/fr\/wp-json\/wp\/v2\/users\/1"}],"replies":[{"embeddable":true,"href":"https:\/\/www.mettler1929.ch\/fr\/wp-json\/wp\/v2\/comments?post=3643"}],"version-history":[{"count":1,"href":"https:\/\/www.mettler1929.ch\/fr\/wp-json\/wp\/v2\/pages\/3643\/revisions"}],"predecessor-version":[{"id":3726,"href":"https:\/\/www.mettler1929.ch\/fr\/wp-json\/wp\/v2\/pages\/3643\/revisions\/3726"}],"wp:attachment":[{"href":"https:\/\/www.mettler1929.ch\/fr\/wp-json\/wp\/v2\/media?parent=3643"}],"curies":[{"name":"wp","href":"https:\/\/api.w.org\/{rel}","templated":true}]}}