{"id":3635,"date":"2020-01-29T13:10:20","date_gmt":"2020-01-29T13:10:20","guid":{"rendered":"https:\/\/www.mettler1929.ch\/paiment\/"},"modified":"2020-02-19T14:44:20","modified_gmt":"2020-02-19T14:44:20","slug":"paiment","status":"publish","type":"page","link":"https:\/\/www.mettler1929.ch\/fr\/paiment\/","title":{"rendered":"Paiment"},"content":{"rendered":"\n<p><strong>MASTERCARD \/ VISA<\/strong><\/p>\n\n<p>S\u00e9lectionnez dans l&#8217;aper\u00e7u de la commande un mode de paiement \u00abMastercard\u00bb ou \u00abVisa\u00bb et cliquez sur le bouton \u00abPasser \u00e0 la page de paiement\u00bb. Dans le formulaire qui suit, veuillez remplir les champs obligatoires et confirmer votre entr\u00e9e en cliquant sur \u00abSoumettre la commande\u00bb.<\/p>\n\n<p><strong>Qu&#8217;est-ce que c&#8217;est PayPal?<\/strong><\/p>\n\n<p>PayPal, le leader de confiance des paiements en ligne, permet aux acheteurs et aux entreprises d&#8217;envoyer et de recevoir de l&#8217;argent en ligne. PayPal compte plus de 100 millions de comptes membres dans 190 pays et r\u00e9gions. Il est accept\u00e9 par les marchands du monde entier, sur eBay et hors eBay.<\/p>\n\n<p><strong>Est-il s\u00fbr \u00e0 utiliser?<\/strong><\/p>\n\n<p>PayPal vous aide \u00e0 prot\u00e9ger les informations de votre carte de cr\u00e9dit avec des syst\u00e8mes de s\u00e9curit\u00e9 et de pr\u00e9vention des fraudes de pointe. Lorsque vous utilisez PayPal, vos informations financi\u00e8res ne sont jamais partag\u00e9es avec le marchand.<\/p>\n\n<p><strong>Pourquoi utiliser PayPal?<\/strong><\/p>\n\n<ul><li>Faites des achats ou envoyez de l&#8217;argent avec PayPal &#8211; c&#8217;est gratuit<\/li><li>Achetez et payez facilement en enregistrant vos informations avec PayPal<\/li><li>PayPal est accept\u00e9 par des millions d&#8217;entreprises dans le monde et est le mode de paiement pr\u00e9f\u00e9r\u00e9 sur eBay. Commencez \u00e0 utiliser PayPal d\u00e8s aujourd&#8217;hui!<\/li><\/ul>\n<p><strong>CONTACT<\/strong><br\/><br\/>&#13;\n&#13;\nMettler-Seifen SA \/ Mettler1929 International SA<br\/>&#13;\nRoute des Bains 7<br\/>&#13;\nCH-1525 Henniez &#8211; Suisse<br\/>&#13;\ninfo@mettler-seifen.ch \/ +41 26 668 93 00<\/p>\n","protected":false},"excerpt":{"rendered":"<p>MASTERCARD \/ VISA S\u00e9lectionnez dans l&#8217;aper\u00e7u de la commande un mode de paiement \u00abMastercard\u00bb ou \u00abVisa\u00bb et cliquez sur le bouton \u00abPasser \u00e0 la page de paiement\u00bb. Dans le formulaire qui suit, veuillez remplir les champs obligatoires et confirmer votre entr\u00e9e en cliquant sur \u00abSoumettre la commande\u00bb. Qu&#8217;est-ce que c&#8217;est PayPal? PayPal, le leader de [&hellip;]<\/p>\n","protected":false},"author":1,"featured_media":0,"parent":0,"menu_order":0,"comment_status":"closed","ping_status":"closed","template":"templates\/template-text-page.php","meta":[],"acf":[],"_links":{"self":[{"href":"https:\/\/www.mettler1929.ch\/fr\/wp-json\/wp\/v2\/pages\/3635"}],"collection":[{"href":"https:\/\/www.mettler1929.ch\/fr\/wp-json\/wp\/v2\/pages"}],"about":[{"href":"https:\/\/www.mettler1929.ch\/fr\/wp-json\/wp\/v2\/types\/page"}],"author":[{"embeddable":true,"href":"https:\/\/www.mettler1929.ch\/fr\/wp-json\/wp\/v2\/users\/1"}],"replies":[{"embeddable":true,"href":"https:\/\/www.mettler1929.ch\/fr\/wp-json\/wp\/v2\/comments?post=3635"}],"version-history":[{"count":1,"href":"https:\/\/www.mettler1929.ch\/fr\/wp-json\/wp\/v2\/pages\/3635\/revisions"}],"predecessor-version":[{"id":4716,"href":"https:\/\/www.mettler1929.ch\/fr\/wp-json\/wp\/v2\/pages\/3635\/revisions\/4716"}],"wp:attachment":[{"href":"https:\/\/www.mettler1929.ch\/fr\/wp-json\/wp\/v2\/media?parent=3635"}],"curies":[{"name":"wp","href":"https:\/\/api.w.org\/{rel}","templated":true}]}}