{"id":7262,"date":"2020-03-20T07:33:50","date_gmt":"2020-03-20T07:33:50","guid":{"rendered":"https:\/\/www.mettler1929.ch\/?post_type=product&#038;p=7262"},"modified":"2023-05-09T13:52:17","modified_gmt":"2023-05-09T13:52:17","slug":"good-vibes-kit","status":"publish","type":"product","link":"https:\/\/www.mettler1929.ch\/de\/produkt\/good-vibes-kit\/","title":{"rendered":"Good Vibes Kit"},"content":{"rendered":"","protected":false},"excerpt":{"rendered":"<p>Das Kit enth\u00e4lt:<br \/>\n&#8211; Die Seife f\u00fcr den Arzt 100 g<br \/>\n&#8211; Feuchtigkeitsspendende n\u00e4hrende Handcreme mini 30 ml<br \/>\n&#8211; Antibakterielles Schutzgel f\u00fcr die H\u00e4nde 300 ml<br \/>\n&#8211; Antibakterielles Schutzgel f\u00fcr die H\u00e4nde mini 40 ml [Gratis]<\/p>\n<p>Das Antibakterielles Schutzgel f\u00fcr die H\u00e4nde ist gegen Bakterien getestet: entfernt 99,9% Bakterien, nicht auf Viren getestet aber enth\u00e4lt 65,8% Alkohol.<\/p>\n<hr \/>\n<p><strong>Hauttyp<\/strong><br \/>\nAlle<\/p>\n<hr \/>\n<p><strong>Empfohlene Anwendung<\/strong><br \/>\nT\u00e4gliche Anwendung und je nach Bedarf<\/p>\n<hr \/>\n<p><strong>Inhaltsstoffe<\/strong><br \/>\nGlycerin, Hamamelis Extrakt, Iris Extrakt, Aloe Vera, Shea Butter, Alkohol<\/p>\n","protected":false},"featured_media":7276,"comment_status":"closed","ping_status":"closed","template":"","meta":[],"use":[107],"ingredients":[],"product_cat":[179],"product_tag":[],"acf":{"complex_text":"<hr \/>\r\n\r\n<strong>Glycerin:<\/strong> hat eine Vielzahl von positive Eigenschaften. Es unterst\u00fctzt das Hauteigene Feuchthaltesystem, gl\u00e4ttet die Haut, erh\u00f6ht die Schutzbarriere und verbessert die Elastizit\u00e4t der Haut.\r\n\r\n<hr \/>\r\n\r\n<strong>Hamamelis Extrakt:<\/strong> kl\u00e4rt, tonisiert und beruhigt.\r\n\r\n<hr \/>\r\n\r\n<strong>Iris Extrakt:<\/strong> versorgt die Haut mit Feuchtigkeit, st\u00e4rkt und repariert.\r\n\r\n<hr \/>\r\n\r\n<strong>Aloe Vera:<\/strong> enth\u00e4lt wertvolle Mineralstoffe, Vitamine und Aminos\u00e4uren, spendet Feuchtigkeit und beruhigt die Haut.\r\n\r\n<hr \/>\r\n\r\n<strong>Shea Butter:<\/strong> wirkt r\u00fcckfettend und bildet einen Schutzfilm auf der Haut.\r\n\r\n<hr \/>\r\n\r\n<strong>Alkohol:<\/strong> desinfiziert.","complex_cover":"","complex_background_color":"detox-color"},"_links":{"self":[{"href":"https:\/\/www.mettler1929.ch\/de\/wp-json\/wp\/v2\/product\/7262"}],"collection":[{"href":"https:\/\/www.mettler1929.ch\/de\/wp-json\/wp\/v2\/product"}],"about":[{"href":"https:\/\/www.mettler1929.ch\/de\/wp-json\/wp\/v2\/types\/product"}],"replies":[{"embeddable":true,"href":"https:\/\/www.mettler1929.ch\/de\/wp-json\/wp\/v2\/comments?post=7262"}],"wp:featuredmedia":[{"embeddable":true,"href":"https:\/\/www.mettler1929.ch\/de\/wp-json\/wp\/v2\/media\/7276"}],"wp:attachment":[{"href":"https:\/\/www.mettler1929.ch\/de\/wp-json\/wp\/v2\/media?parent=7262"}],"wp:term":[{"taxonomy":"use","embeddable":true,"href":"https:\/\/www.mettler1929.ch\/de\/wp-json\/wp\/v2\/use?post=7262"},{"taxonomy":"ingredients","embeddable":true,"href":"https:\/\/www.mettler1929.ch\/de\/wp-json\/wp\/v2\/ingredients?post=7262"},{"taxonomy":"product_cat","embeddable":true,"href":"https:\/\/www.mettler1929.ch\/de\/wp-json\/wp\/v2\/product_cat?post=7262"},{"taxonomy":"product_tag","embeddable":true,"href":"https:\/\/www.mettler1929.ch\/de\/wp-json\/wp\/v2\/product_tag?post=7262"}],"curies":[{"name":"wp","href":"https:\/\/api.w.org\/{rel}","templated":true}]}}