{"id":3576,"date":"2020-01-29T09:58:00","date_gmt":"2020-01-29T09:58:00","guid":{"rendered":"https:\/\/www.mettler1929.ch\/?post_type=product&#038;p=3576"},"modified":"2022-07-15T12:46:28","modified_gmt":"2022-07-15T12:46:28","slug":"set-fur-sensible-haut","status":"publish","type":"product","link":"https:\/\/www.mettler1929.ch\/de\/produkt\/set-fur-sensible-haut\/","title":{"rendered":"Set f\u00fcr sensible Haut"},"content":{"rendered":"","protected":false},"excerpt":{"rendered":"<p>Die Essentials aus der Sensitive Linie mit Mimosen Extrakt. Verleiht Ihnen samt weiche Haut und hinterl\u00e4sst einen zarten Duft: .<\/p>\n<p>&#8211; Duschgel mit Seideneffekt 200ml<br \/>\n&#8211; Intensiv zarte K\u00f6rperlotion 200ml<\/p>\n<p>ph- neutral<\/p>\n<hr \/>\n<p><strong>HAUTTYP<\/strong><br \/>\nAlle, besonders bei sensibler Haut<\/p>\n<hr \/>\n<p><strong>EMPFOHLENE ANWENDUNG <\/strong><br \/>\nT\u00e4gliche Anwendung f\u00fcr besonders weiche Haut<\/p>\n<hr \/>\n<p><strong>INHALTSSTOFFE<\/strong><br \/>\nMimosa Extrakt, Aloe Vera Extrakt, Mandel\u00f6l, Panthenol, Allantoin, Gr\u00fcne Mikroalge, Vitamin C, Fucose L\u00f6sung<\/p>\n","protected":false},"featured_media":4158,"comment_status":"open","ping_status":"closed","template":"","meta":[],"use":[110],"ingredients":[377,379,415,411,378,400,429,425,418],"product_cat":[100,179],"product_tag":[],"acf":{"complex_text":"<hr \/><strong> Mimosa Extrakt:<\/strong> beruhigt die Haut und st\u00e4rkt das hauteigene Schutzsystem.<hr \/><strong> Aloe Vera Extract:<\/strong> enth\u00e4lt wertvolle Mineralstoffe, Vitamine und Aminos\u00e4uren, spendet Feuchtigkeit und beruhigt die Haut.<hr \/><strong> Mandel\u00f6l: <\/strong> pflegt und beugt dem Feuchtigkeitsverlust vor.<hr \/><strong> Panthenol: <\/strong> regeneriert, spendet Feuchtigkeit und wirkt beruhigend.<hr \/><strong>Allantoin:<\/strong> wirkt beruhigend und hat reparierende Eigenschaften.<hr \/><strong>Vitamin C: <\/strong> wirkt verfeinernd und hat antioxidative Eigenschaften.<hr \/><strong>Fucose Konzentrat: <\/strong> st\u00e4rkt die Hautbarriere und stimuliert die Keratinozyten der Epidermis.","complex_cover":"","complex_background_color":"sensitive-color"},"_links":{"self":[{"href":"https:\/\/www.mettler1929.ch\/de\/wp-json\/wp\/v2\/product\/3576"}],"collection":[{"href":"https:\/\/www.mettler1929.ch\/de\/wp-json\/wp\/v2\/product"}],"about":[{"href":"https:\/\/www.mettler1929.ch\/de\/wp-json\/wp\/v2\/types\/product"}],"replies":[{"embeddable":true,"href":"https:\/\/www.mettler1929.ch\/de\/wp-json\/wp\/v2\/comments?post=3576"}],"wp:featuredmedia":[{"embeddable":true,"href":"https:\/\/www.mettler1929.ch\/de\/wp-json\/wp\/v2\/media\/4158"}],"wp:attachment":[{"href":"https:\/\/www.mettler1929.ch\/de\/wp-json\/wp\/v2\/media?parent=3576"}],"wp:term":[{"taxonomy":"use","embeddable":true,"href":"https:\/\/www.mettler1929.ch\/de\/wp-json\/wp\/v2\/use?post=3576"},{"taxonomy":"ingredients","embeddable":true,"href":"https:\/\/www.mettler1929.ch\/de\/wp-json\/wp\/v2\/ingredients?post=3576"},{"taxonomy":"product_cat","embeddable":true,"href":"https:\/\/www.mettler1929.ch\/de\/wp-json\/wp\/v2\/product_cat?post=3576"},{"taxonomy":"product_tag","embeddable":true,"href":"https:\/\/www.mettler1929.ch\/de\/wp-json\/wp\/v2\/product_tag?post=3576"}],"curies":[{"name":"wp","href":"https:\/\/api.w.org\/{rel}","templated":true}]}}