{"id":3556,"date":"2020-01-29T09:41:16","date_gmt":"2020-01-29T09:41:17","guid":{"rendered":"https:\/\/www.mettler1929.ch\/?post_type=product&#038;p=3556"},"modified":"2023-03-08T10:38:53","modified_gmt":"2023-03-08T10:38:53","slug":"feuchtigkeitsspendendes-entdeckungs-set","status":"publish","type":"product","link":"https:\/\/www.mettler1929.ch\/de\/produkt\/feuchtigkeitsspendendes-entdeckungs-set\/","title":{"rendered":"Feuchtigkeitsspendendes Entdeckungsset"},"content":{"rendered":"","protected":false},"excerpt":{"rendered":"<p>Das Beste aus unserer Feuchtigkeitslinie in einem Set. 7 Produkte f\u00fcr Ihr Gesicht, Haar und K\u00f6rper:<\/p>\n<p>&#8211; 24h Feuchtigkeitscreme 20ml<br \/>\n&#8211; Feuchtigkeitsgel f\u00fcr die Augenkontur 5ml<br \/>\n&#8211; Feuchtigkeitsspendendes Shampoo f\u00fcr trockenes Haar 40ml<br \/>\n&#8211; Feuchtigkeitsspendender, gl\u00e4ttender Haarconditioner 40ml<br \/>\n&#8211; R\u00fcckfettendes, intensiv feuchtigkeitsspendendes Duschgel 40ml<br \/>\n&#8211; Feuchtigkeitsspendende Seife f\u00fcr H\u00e4nde, K\u00f6rper und Gesicht 40g<br \/>\n&#8211; Reine Feuchtigkeitslotion f\u00fcr den K\u00f6rper 40ml<\/p>\n<p>0% Parabene \u2013 0% Alkohol denat<\/p>\n<hr \/>\n<p><strong>HAUTTYP<\/strong><br \/>\nAlle, besonders empfohlen f\u00fcr trockene und\/oder dehydrierte Haut. <\/p>\n<hr \/>\n<p><strong>EMPFOHLENE ANWENDUNG <\/strong><br \/>\nT\u00e4gliche Anwendung<\/p>\n<p><strong>INHALTSSTOFFE<\/strong><br \/>\nIris Extrakt, Hyalurons\u00e4ure, Aloe Vera Extrakt, Shea Butter, Fucose L\u00f6sung, Johannisbrotkernmehl, Isl\u00e4ndisch Moos, Panthenol<\/p>\n","protected":false},"featured_media":4162,"comment_status":"open","ping_status":"closed","template":"","meta":[],"use":[112,114,117,107,110],"ingredients":[379,380,415,408,381,382,403,396,378,429,419,383,421,422,418],"product_cat":[93,179],"product_tag":[],"acf":{"complex_text":"<hr \/><strong>Iris Extrakt:<\/strong> versorgt die Haut mit Feuchtigkeit, st\u00e4rkt und repariert.<hr \/><strong>Hyalurons\u00e4ure:<\/strong> sch\u00fctzt vor Austrocknung, spendet Feuchtigkeit und versorgt die Haut mit Wasser. Sie wirkt wie ein Schwamm, der bis zu 1000 Mal sein eigenes Gewicht in Wasser halten kann.<hr \/><strong>Aloe Vera Extrakt:<\/strong> enth\u00e4lt wertvolle Mineralien, Vitamine und Aminos\u00e4uren, spendet Feuchtigkeit und beruhigt.<hr \/><strong>Shea Butter:<\/strong> n\u00e4hrt und sch\u00fctzt die Haut vor dem Austrocknen.<hr \/><strong>Fucose Konzentrat:<\/strong> st\u00e4rkt die Hautbarriere und stimuliert die Keratinozyten der Epidermis.<hr \/><strong>Johannisbrotkernmehl:<\/strong> wirkt in Synergie mit Hyalurons\u00e4ure und bildet einen sch\u00fctzenden Film auf der Haut und hilft den Feuchtigkeitsgehalt der Haut zu regulieren und stabilisieren.<hr \/><strong>Isl\u00e4ndisch Moos:<\/strong> spendet Feuchtigkeit, beruhigt und sch\u00fctzt die Haut vor dem Austrocknen.<hr \/><strong>Panthenol:<\/strong> regeneriert, spendet Feuchtigkeit und wirkt beruhigend.","complex_cover":"","complex_background_color":"moisturizing-color"},"_links":{"self":[{"href":"https:\/\/www.mettler1929.ch\/de\/wp-json\/wp\/v2\/product\/3556"}],"collection":[{"href":"https:\/\/www.mettler1929.ch\/de\/wp-json\/wp\/v2\/product"}],"about":[{"href":"https:\/\/www.mettler1929.ch\/de\/wp-json\/wp\/v2\/types\/product"}],"replies":[{"embeddable":true,"href":"https:\/\/www.mettler1929.ch\/de\/wp-json\/wp\/v2\/comments?post=3556"}],"wp:featuredmedia":[{"embeddable":true,"href":"https:\/\/www.mettler1929.ch\/de\/wp-json\/wp\/v2\/media\/4162"}],"wp:attachment":[{"href":"https:\/\/www.mettler1929.ch\/de\/wp-json\/wp\/v2\/media?parent=3556"}],"wp:term":[{"taxonomy":"use","embeddable":true,"href":"https:\/\/www.mettler1929.ch\/de\/wp-json\/wp\/v2\/use?post=3556"},{"taxonomy":"ingredients","embeddable":true,"href":"https:\/\/www.mettler1929.ch\/de\/wp-json\/wp\/v2\/ingredients?post=3556"},{"taxonomy":"product_cat","embeddable":true,"href":"https:\/\/www.mettler1929.ch\/de\/wp-json\/wp\/v2\/product_cat?post=3556"},{"taxonomy":"product_tag","embeddable":true,"href":"https:\/\/www.mettler1929.ch\/de\/wp-json\/wp\/v2\/product_tag?post=3556"}],"curies":[{"name":"wp","href":"https:\/\/api.w.org\/{rel}","templated":true}]}}